{"id":990,"date":"2018-05-22T12:42:37","date_gmt":"2018-05-22T10:42:37","guid":{"rendered":"http:\/\/ksiegarnia-akademicka.pl\/index.php\/product\/ogolne-postepowanie-administracyjne\/"},"modified":"2023-01-16T11:08:05","modified_gmt":"2023-01-16T10:08:05","slug":"ogolne-postepowanie-administracyjne","status":"publish","type":"product","link":"https:\/\/ksiegarnia-akademicka.pl\/index.php\/product\/ogolne-postepowanie-administracyjne\/","title":{"rendered":"Og\u00f3lne post\u0119powanie administracyjne"},"content":{"rendered":"<p>Autor: dr Robert K\u0119dziora<br \/>\nWydawca: C.H. Beck<br \/>\nSeria: Skrypty Becka<br \/>\nRok wydania: 2019<br \/>\nWydanie: 6<br \/>\nISBN: 978-83-8198-029-6<br \/>\nLiczba stron: 526<br \/>\nOprawa: Mi\u0119kka<br \/>\nWaga: 840 g<\/p>\n<p>W podr\u0119czniku \u201eOg\u00f3lne post\u0119powanie administracyjne&#8221; om\u00f3wiona zosta\u0142a problematyka z zakresu prawa o post\u0119powaniu administracyjnym uregulowana w Kodeksie post\u0119powania administracyjnego.<\/p>\n<p>Opracowanie zawiera m.in. analiz\u0119 zagadnie\u0144 dotycz\u0105cych:<\/p>\n<p>organu administracji publicznej w rozumieniu KPA,<br \/>\nstrony i innych uczestnik\u00f3w post\u0119powania administracyjnego,<br \/>\nzasad og\u00f3lnych post\u0119powania administracyjnego,<br \/>\nczynno\u015bci procesowych poszczeg\u00f3lnych stadi\u00f3w post\u0119powania,<br \/>\ndecyzji administracyjnej,<br \/>\nsystemu \u015brodk\u00f3w weryfikacji akt\u00f3w administracyjnych,<br \/>\nwydawania za\u015bwiadcze\u0144,<br \/>\npost\u0119powania w sprawach skarg i wniosk\u00f3w oraz<br \/>\nop\u0142at i koszt\u00f3w post\u0119powania.<\/p>\n","protected":false},"excerpt":{"rendered":"<p>Autor: dr Robert K\u0119dziora Wydawca: C.H. Beck Seria: Skrypty Becka [&hellip;]<\/p>\n","protected":false},"featured_media":11962,"template":"","meta":[],"product_brand":[],"product_cat":[7492,18],"product_tag":[564,485,691],"class_list":{"0":"post-990","1":"product","2":"type-product","3":"status-publish","4":"has-post-thumbnail","6":"product_cat-administracyjne","7":"product_cat-prawo","8":"product_tag-postepowanie-administracyjne","9":"product_tag-prawo-administracyjne","10":"product_tag-seria-skrypty-becka","12":"first","13":"instock","14":"sale","15":"shipping-taxable","16":"purchasable","17":"product-type-simple"},"_links":{"self":[{"href":"https:\/\/ksiegarnia-akademicka.pl\/index.php\/wp-json\/wp\/v2\/product\/990","targetHints":{"allow":["GET"]}}],"collection":[{"href":"https:\/\/ksiegarnia-akademicka.pl\/index.php\/wp-json\/wp\/v2\/product"}],"about":[{"href":"https:\/\/ksiegarnia-akademicka.pl\/index.php\/wp-json\/wp\/v2\/types\/product"}],"wp:featuredmedia":[{"embeddable":true,"href":"https:\/\/ksiegarnia-akademicka.pl\/index.php\/wp-json\/wp\/v2\/media\/11962"}],"wp:attachment":[{"href":"https:\/\/ksiegarnia-akademicka.pl\/index.php\/wp-json\/wp\/v2\/media?parent=990"}],"wp:term":[{"taxonomy":"product_brand","embeddable":true,"href":"https:\/\/ksiegarnia-akademicka.pl\/index.php\/wp-json\/wp\/v2\/product_brand?post=990"},{"taxonomy":"product_cat","embeddable":true,"href":"https:\/\/ksiegarnia-akademicka.pl\/index.php\/wp-json\/wp\/v2\/product_cat?post=990"},{"taxonomy":"product_tag","embeddable":true,"href":"https:\/\/ksiegarnia-akademicka.pl\/index.php\/wp-json\/wp\/v2\/product_tag?post=990"}],"curies":[{"name":"wp","href":"https:\/\/api.w.org\/{rel}","templated":true}]}}