{"id":9897,"date":"2018-12-21T14:59:07","date_gmt":"2018-12-21T13:59:07","guid":{"rendered":"http:\/\/ksiegarnia-akademicka.pl\/?post_type=product&#038;p=9897"},"modified":"2018-12-21T14:59:07","modified_gmt":"2018-12-21T13:59:07","slug":"ja-ignacy-loyola-tytul-oryginalny-yoignacio-de-loyola","status":"publish","type":"product","link":"https:\/\/ksiegarnia-akademicka.pl\/index.php\/product\/ja-ignacy-loyola-tytul-oryginalny-yoignacio-de-loyola\/","title":{"rendered":"Ja Ignacy Loyola Tytu\u0142 oryginalny: Yoignacio De Loyola"},"content":{"rendered":"<p>Autor:<br \/>\nVigil Jose Luis Martin<br \/>\nT\u0142umacze: Tomaszewski Dominik<br \/>\nWydawca: WAM<br \/>\nOprawa: Mi\u0119kka<br \/>\nFormat: 13.5&#215;21.0cm<br \/>\nLiczba stron: 256<br \/>\nRok wydania: 2003<\/p>\n<p>Ksi\u0105\u017cka jest histori\u0105 \u017cycia \u015bw. Ignacego Loyoli, za\u0142o\u017cyciela Jezuit\u00f3w. Nie jest to jednak typowa hagiografia, ale powie\u015b\u0107, kt\u00f3rej bohaterem i narratorem jest sam Loyola. Mimo i\u017c mamy do czynienia z fikcj\u0105 literack\u0105, wszystkie fakty pojawiaj\u0105ce si\u0119 na kartach ksi\u0105\u017cki, przedstawione z bezpo\u015brednio\u015bci\u0105 i dramatyzmem, s\u0105 pewne i sprawdzone. Przenosi nas ona w fascynuj\u0105c\u0105 atmosfer\u0119 czas\u00f3w odrodzenia i przybli\u017ca miejsca i postacie zwi\u0105zane z tworzeniem si\u0119 najwi\u0119kszego zakonu na \u015bwiecie. Bogactwo szczeg\u00f3\u0142\u00f3w biograficznych i \u017cywa narracja czyni t\u0119 lektur\u0119 zar\u00f3wno warto\u015bciow\u0105 jak i przyjemn\u0105.<\/p>\n","protected":false},"excerpt":{"rendered":"<p>Autor: Vigil Jose Luis Martin T\u0142umacze: Tomaszewski Dominik Wydawca: WAM [&hellip;]<\/p>\n","protected":false},"featured_media":9898,"template":"","meta":[],"product_brand":[],"product_cat":[38],"product_tag":[2322,5674],"class_list":{"0":"post-9897","1":"product","2":"type-product","3":"status-publish","4":"has-post-thumbnail","6":"product_cat-historia","7":"product_tag-biografie","8":"product_tag-historia-kosciola","10":"first","11":"instock","12":"sale","13":"shipping-taxable","14":"purchasable","15":"product-type-simple"},"_links":{"self":[{"href":"https:\/\/ksiegarnia-akademicka.pl\/index.php\/wp-json\/wp\/v2\/product\/9897","targetHints":{"allow":["GET"]}}],"collection":[{"href":"https:\/\/ksiegarnia-akademicka.pl\/index.php\/wp-json\/wp\/v2\/product"}],"about":[{"href":"https:\/\/ksiegarnia-akademicka.pl\/index.php\/wp-json\/wp\/v2\/types\/product"}],"wp:featuredmedia":[{"embeddable":true,"href":"https:\/\/ksiegarnia-akademicka.pl\/index.php\/wp-json\/wp\/v2\/media\/9898"}],"wp:attachment":[{"href":"https:\/\/ksiegarnia-akademicka.pl\/index.php\/wp-json\/wp\/v2\/media?parent=9897"}],"wp:term":[{"taxonomy":"product_brand","embeddable":true,"href":"https:\/\/ksiegarnia-akademicka.pl\/index.php\/wp-json\/wp\/v2\/product_brand?post=9897"},{"taxonomy":"product_cat","embeddable":true,"href":"https:\/\/ksiegarnia-akademicka.pl\/index.php\/wp-json\/wp\/v2\/product_cat?post=9897"},{"taxonomy":"product_tag","embeddable":true,"href":"https:\/\/ksiegarnia-akademicka.pl\/index.php\/wp-json\/wp\/v2\/product_tag?post=9897"}],"curies":[{"name":"wp","href":"https:\/\/api.w.org\/{rel}","templated":true}]}}