{"id":9895,"date":"2018-12-21T14:37:28","date_gmt":"2018-12-21T13:37:28","guid":{"rendered":"http:\/\/ksiegarnia-akademicka.pl\/?post_type=product&#038;p=9895"},"modified":"2024-12-04T13:54:00","modified_gmt":"2024-12-04T12:54:00","slug":"e-zla-elektroniczne-zwolnienia-lekarskie-obowiazki-pracodawcy","status":"publish","type":"product","link":"https:\/\/ksiegarnia-akademicka.pl\/index.php\/product\/e-zla-elektroniczne-zwolnienia-lekarskie-obowiazki-pracodawcy\/","title":{"rendered":"e-ZLA Elektroniczne zwolnienia lekarskie &#8211; obowi\u0105zki pracodawcy"},"content":{"rendered":"<p>Autor:<br \/>\nRenata Tonder<br \/>\nWydawca: Wiedza i Praktyka<br \/>\nOprawa: Mi\u0119kka<br \/>\nFormat: 16.0&#215;23.5cm<br \/>\nLiczba stron: 96<br \/>\nRok wydania: 2018<\/p>\n<p>Dzi\u0119ki wprowadzeniu e-zwolnie\u0144 lekarskich pracodawca nie musi teraz czeka\u0107 kilka dni na informacj\u0119, czy pracownik jest nieobecny w pracy z powodu choroby i jak d\u0142ugo ta absencja b\u0119dzie trwa\u0142a. Dowiaduje si\u0119 o tym bardzo szybko \u2013 gdy tylko lekarz e-zwolnienie wystawi i prze\u015ble je drog\u0105 elektroniczn\u0105 do ZUS, sk\u0105d trafi \u2013 r\u00f3wnie\u017c elektronicznie \u2013 natychmiast do pracodawcy. Co to oznacza w praktyce dla pracodawc\u00f3w?<\/p>\n","protected":false},"excerpt":{"rendered":"<p>Autor: Renata Tonder Wydawca: Wiedza i Praktyka Oprawa: Mi\u0119kka Format: [&hellip;]<\/p>\n","protected":false},"featured_media":9896,"template":"","meta":[],"product_brand":[],"product_cat":[18,7550],"product_tag":[793],"class_list":{"0":"post-9895","1":"product","2":"type-product","3":"status-publish","4":"has-post-thumbnail","6":"product_cat-prawo","7":"product_cat-prawo-pracy","8":"product_tag-prawo-pracy","10":"first","11":"instock","12":"sale","13":"shipping-taxable","14":"purchasable","15":"product-type-simple"},"_links":{"self":[{"href":"https:\/\/ksiegarnia-akademicka.pl\/index.php\/wp-json\/wp\/v2\/product\/9895","targetHints":{"allow":["GET"]}}],"collection":[{"href":"https:\/\/ksiegarnia-akademicka.pl\/index.php\/wp-json\/wp\/v2\/product"}],"about":[{"href":"https:\/\/ksiegarnia-akademicka.pl\/index.php\/wp-json\/wp\/v2\/types\/product"}],"wp:featuredmedia":[{"embeddable":true,"href":"https:\/\/ksiegarnia-akademicka.pl\/index.php\/wp-json\/wp\/v2\/media\/9896"}],"wp:attachment":[{"href":"https:\/\/ksiegarnia-akademicka.pl\/index.php\/wp-json\/wp\/v2\/media?parent=9895"}],"wp:term":[{"taxonomy":"product_brand","embeddable":true,"href":"https:\/\/ksiegarnia-akademicka.pl\/index.php\/wp-json\/wp\/v2\/product_brand?post=9895"},{"taxonomy":"product_cat","embeddable":true,"href":"https:\/\/ksiegarnia-akademicka.pl\/index.php\/wp-json\/wp\/v2\/product_cat?post=9895"},{"taxonomy":"product_tag","embeddable":true,"href":"https:\/\/ksiegarnia-akademicka.pl\/index.php\/wp-json\/wp\/v2\/product_tag?post=9895"}],"curies":[{"name":"wp","href":"https:\/\/api.w.org\/{rel}","templated":true}]}}