{"id":988,"date":"2018-05-22T12:42:37","date_gmt":"2018-05-22T10:42:37","guid":{"rendered":"http:\/\/ksiegarnia-akademicka.pl\/index.php\/product\/postepowanie-administracyjne-ogolne-podatkowe-egzekucyjne-i-przed-sadami-administracyjnymi\/"},"modified":"2022-10-05T09:07:07","modified_gmt":"2022-10-05T07:07:07","slug":"postepowanie-administracyjne-ogolne-podatkowe-egzekucyjne-i-przed-sadami-administracyjnymi","status":"publish","type":"product","link":"https:\/\/ksiegarnia-akademicka.pl\/index.php\/product\/postepowanie-administracyjne-ogolne-podatkowe-egzekucyjne-i-przed-sadami-administracyjnymi\/","title":{"rendered":"Post\u0119powanie administracyjne &#8211; og\u00f3lne, podatkowe, egzekucyjne i przed s\u0105dami administracyjnymi"},"content":{"rendered":"<p>Wierzbowski M. (red.), Szubiakowski M., Wiktorowska A. C.H. Beck 2017 wyd.18 <\/br><\/br><\/p>\n<p>Stan prawny: 1 lipca 2017 r.<\/p>\n<p>W podr\u0119czniku zosta\u0142y uwzgl\u0119dnione zmiany wynikaj\u0105ce m.in. z ustawy z 7.4.2017 r. (Dz.U. z 2017 r. poz. 935), kt&oacute;ra wesz\u0142a w \u017cycie z dniem 1.6.2017 r.<\/p>\n<p>Kompleksowe, zwi\u0119z\u0142e i przyst\u0119pne om&oacute;wienie wszystkich najwa\u017cniejszych zagadnie\u0144 dotycz\u0105cych polskiego post\u0119powania administracyjnego.&nbsp;Przewodnik pomagaj\u0105cy zrozumie\u0107 istot\u0119 wprowadzonej nowelizacji i wskazuj\u0105cy na mo\u017cliwy spos&oacute;b interpretacji nowych przepis&oacute;w.<\/p>\n<p>W podr\u0119czniku<span style=\"margin: 0px;padding: 0px;font-weight: 700;line-height: inherit\">&nbsp;&#8222;Post\u0119powanie administracyjne&#8221;<\/span>&nbsp;przedstawione zosta\u0142y zagadnienia dotycz\u0105ce post\u0119powania administracyjnego:<\/p>\n<ul>\n<li style=\"margin: 0px 0px 8px 10px;padding: 0px;line-height: 20px;font-size: 0.8125rem\">og&oacute;lnego,<\/li>\n<li style=\"margin: 0px 0px 8px 10px;padding: 0px;line-height: 20px;font-size: 0.8125rem\">podatkowego,<\/li>\n<li style=\"margin: 0px 0px 8px 10px;padding: 0px;line-height: 20px;font-size: 0.8125rem\">egzekucyjnego oraz<\/li>\n<li style=\"margin-top: 0px;margin-right: 0px;margin-left: 10px;padding: 0px;line-height: 20px;font-size: 0.8125rem;margin-bottom: 0px !important\">przed s\u0105dami administracyjnymi,<\/li>\n<\/ul>\n<p>ze wskazaniem teoretycznych podstaw okre\u015blonych instytucji procesowych.<\/p>\n<p><\/br><\/br>pozycja dost\u0119pna<\/p>\n","protected":false},"excerpt":{"rendered":"<p>Wierzbowski M. (red.), Szubiakowski M., Wiktorowska A. C.H. Beck 2017 [&hellip;]<\/p>\n","protected":false},"featured_media":10169,"template":"","meta":[],"product_brand":[],"product_cat":[7492,18],"product_tag":[564,2867,485,701],"class_list":{"0":"post-988","1":"product","2":"type-product","3":"status-publish","4":"has-post-thumbnail","6":"product_cat-administracyjne","7":"product_cat-prawo","8":"product_tag-postepowanie-administracyjne","9":"product_tag-postepowanie-przed-sadami-administracyjnymi","10":"product_tag-prawo-administracyjne","11":"product_tag-seria-podreczniki-prawnicze","13":"first","14":"outofstock","15":"sale","16":"shipping-taxable","17":"purchasable","18":"product-type-simple"},"_links":{"self":[{"href":"https:\/\/ksiegarnia-akademicka.pl\/index.php\/wp-json\/wp\/v2\/product\/988","targetHints":{"allow":["GET"]}}],"collection":[{"href":"https:\/\/ksiegarnia-akademicka.pl\/index.php\/wp-json\/wp\/v2\/product"}],"about":[{"href":"https:\/\/ksiegarnia-akademicka.pl\/index.php\/wp-json\/wp\/v2\/types\/product"}],"wp:featuredmedia":[{"embeddable":true,"href":"https:\/\/ksiegarnia-akademicka.pl\/index.php\/wp-json\/wp\/v2\/media\/10169"}],"wp:attachment":[{"href":"https:\/\/ksiegarnia-akademicka.pl\/index.php\/wp-json\/wp\/v2\/media?parent=988"}],"wp:term":[{"taxonomy":"product_brand","embeddable":true,"href":"https:\/\/ksiegarnia-akademicka.pl\/index.php\/wp-json\/wp\/v2\/product_brand?post=988"},{"taxonomy":"product_cat","embeddable":true,"href":"https:\/\/ksiegarnia-akademicka.pl\/index.php\/wp-json\/wp\/v2\/product_cat?post=988"},{"taxonomy":"product_tag","embeddable":true,"href":"https:\/\/ksiegarnia-akademicka.pl\/index.php\/wp-json\/wp\/v2\/product_tag?post=988"}],"curies":[{"name":"wp","href":"https:\/\/api.w.org\/{rel}","templated":true}]}}