{"id":9879,"date":"2018-12-21T13:07:17","date_gmt":"2018-12-21T12:07:17","guid":{"rendered":"http:\/\/ksiegarnia-akademicka.pl\/?post_type=product&#038;p=9879"},"modified":"2018-12-21T13:07:18","modified_gmt":"2018-12-21T12:07:18","slug":"farmakologia-ogolna-i-kliniczna-tom-1","status":"publish","type":"product","link":"https:\/\/ksiegarnia-akademicka.pl\/index.php\/product\/farmakologia-ogolna-i-kliniczna-tom-1\/","title":{"rendered":"Farmakologia og\u00f3lna i kliniczna Tom 1"},"content":{"rendered":"<p>Autor:<br \/>\nBertram G. Katzung<br \/>\nWydawca: Czelej<br \/>\nOprawa: Twarda<br \/>\nFormat: 21.0&#215;29.0cm<br \/>\nLiczba stron: 672<br \/>\nWydanie: 1<br \/>\nRok wydania: 2013<\/p>\n<p>Najbardziej aktualny, kompletny, nowoczesny i ceniony na \u015bwiecie podr\u0119cznik z zakresu farmakologii.<\/p>\n<p>Jest to pierwsze polskie t\u0142umaczenie tego \u015bwiatowego bestsellera (na podstawie 12 wydania oryginalnego). Ze wzgl\u0119du na bardzo rozleg\u0142y zakres wiedzy podr\u0119cznik zosta\u0142 podzielony na dwa tomy. Pierwszy z nich, jak na dobry podr\u0119cznik przysta\u0142o, rozpoczyna wprowadzenie do zagadnienia \u2013 podstawy farmakologii klinicznej. W kolejnych rozdzia\u0142ach om\u00f3wiono mechanizmy dzia\u0142ania lek\u00f3w na autonomiczny i o\u015brodkowy uk\u0142ad nerwowy, leki wp\u0142ywaj\u0105ce na uk\u0142ad sercowo-naczyniowy oraz na funkcje nerek. W tomie drugim zaprezentowano i om\u00f3wiono dzia\u0142anie lek\u00f3w endokrynologicznych, chemioterapeutyki (ze szczeg\u00f3lnym uwzgl\u0119dnieniem chemioterapii nowotwor\u00f3w), leki wp\u0142ywaj\u0105ce na krew i procesy zapalne oraz podstawy toksykologii.<\/p>\n<p>Istotnym wyr\u00f3\u017cnikiem tej publikacji w\u015br\u00f3d innych o podobnej tematyce, s\u0105 opisy przypadk\u00f3w zamieszczone na pocz\u0105tku ka\u017cdego rozdzia\u0142u, natomiast na jego ko\u0144cu znajduj\u0105 si\u0119 pytania do nich. W wi\u0119kszo\u015bci rozdzia\u0142\u00f3w zamieszczone s\u0105 tabele podsumowuj\u0105ce prezentowane leki i efekty ich stosowania. Ponad 300 ilustracji prezentuj\u0105cych sposoby dzia\u0142ania lek\u00f3w pozwalaj\u0105 lepiej zrozumie\u0107 wa\u017cne kwestie.<\/p>\n","protected":false},"excerpt":{"rendered":"<p>Autor: Bertram G. Katzung Wydawca: Czelej Oprawa: Twarda Format: 21.0&#215;29.0cm [&hellip;]<\/p>\n","protected":false},"featured_media":9880,"template":"","meta":[],"product_brand":[],"product_cat":[7493,7625],"product_tag":[4269,5162],"class_list":{"0":"post-9879","1":"product","2":"type-product","3":"status-publish","4":"has-post-thumbnail","6":"product_cat-medycyna","7":"product_cat-nauki-o-zdrowiu","8":"product_tag-farmacja","9":"product_tag-farmakologia","11":"first","12":"instock","13":"sale","14":"shipping-taxable","15":"purchasable","16":"product-type-simple"},"_links":{"self":[{"href":"https:\/\/ksiegarnia-akademicka.pl\/index.php\/wp-json\/wp\/v2\/product\/9879","targetHints":{"allow":["GET"]}}],"collection":[{"href":"https:\/\/ksiegarnia-akademicka.pl\/index.php\/wp-json\/wp\/v2\/product"}],"about":[{"href":"https:\/\/ksiegarnia-akademicka.pl\/index.php\/wp-json\/wp\/v2\/types\/product"}],"wp:featuredmedia":[{"embeddable":true,"href":"https:\/\/ksiegarnia-akademicka.pl\/index.php\/wp-json\/wp\/v2\/media\/9880"}],"wp:attachment":[{"href":"https:\/\/ksiegarnia-akademicka.pl\/index.php\/wp-json\/wp\/v2\/media?parent=9879"}],"wp:term":[{"taxonomy":"product_brand","embeddable":true,"href":"https:\/\/ksiegarnia-akademicka.pl\/index.php\/wp-json\/wp\/v2\/product_brand?post=9879"},{"taxonomy":"product_cat","embeddable":true,"href":"https:\/\/ksiegarnia-akademicka.pl\/index.php\/wp-json\/wp\/v2\/product_cat?post=9879"},{"taxonomy":"product_tag","embeddable":true,"href":"https:\/\/ksiegarnia-akademicka.pl\/index.php\/wp-json\/wp\/v2\/product_tag?post=9879"}],"curies":[{"name":"wp","href":"https:\/\/api.w.org\/{rel}","templated":true}]}}