{"id":985,"date":"2018-05-22T12:42:36","date_gmt":"2018-05-22T10:42:36","guid":{"rendered":"http:\/\/ksiegarnia-akademicka.pl\/index.php\/product\/kosmetologia-i-farmakologia-skory\/"},"modified":"2018-12-21T12:51:48","modified_gmt":"2018-12-21T11:51:48","slug":"kosmetologia-i-farmakologia-skory","status":"publish","type":"product","link":"https:\/\/ksiegarnia-akademicka.pl\/index.php\/product\/kosmetologia-i-farmakologia-skory\/","title":{"rendered":"Kosmetologia i farmakologia sk\u00f3ry."},"content":{"rendered":"<p>Autor:<br \/>\nMarie-Claude Martini<br \/>\nRedakcja: Placek Waldemar<br \/>\nT\u0142umacze: Bobrowska Maria, Roma\u0144ska-Gocka Krystyna<br \/>\nWydawca: PZWL<br \/>\nOprawa: Mi\u0119kka<br \/>\nFormat: 16.5&#215;23.5cm<br \/>\nLiczba stron: 470<br \/>\nWydanie: 1<br \/>\nRok wydania: 2014<\/p>\n<p>Ksi\u0105\u017cka stanowi wyczerpuj\u0105ce kompendium wiedzy na temat budowy i czynno\u015bci sk\u00f3ry, a tak\u017ce zachodz\u0105cych w sk\u00f3rze proces\u00f3w w wyniku dzia\u0142ania produkt\u00f3w kosmetycznych.<br \/>\nW podr\u0119czniku om\u00f3wiono m.in. takie objawy sk\u00f3rne, jak \u0142ojotok, tr\u0105dzik, a tak\u017ce r\u00f3\u017cne rodzaje sk\u00f3ry (sk\u00f3r\u0119 such\u0105, t\u0142ust\u0105, starcz\u0105) i odmienne post\u0119powanie w ka\u017cdym z tych przypadk\u00f3w. Du\u017co miejsca po\u015bwi\u0119cono pochodzeniu i dzia\u0142aniu substancji wchodz\u0105cych w sk\u0142ad produkt\u00f3w kosmetycznych i \u015brodk\u00f3w higieny, z uwzgl\u0119dnieniem niepo\u017c\u0105danych reakcji sk\u00f3rnych.<br \/>\nJest to pierwsza tego typu pozycja na rynku polskim, niezb\u0119dna dla kosmetolog\u00f3w, dermatolog\u00f3w, farmaceut\u00f3w pracuj\u0105cych w aptece i przemy\u015ble, in\u017cynier\u00f3w chemii kosmetycznej i chemii lek\u00f3w, a tak\u017ce student\u00f3w kosmetologii, farmacji i chemii kosmetycznej.<\/p>\n","protected":false},"excerpt":{"rendered":"<p>Autor: Marie-Claude Martini Redakcja: Placek Waldemar T\u0142umacze: Bobrowska Maria, Roma\u0144ska-Gocka [&hellip;]<\/p>\n","protected":false},"featured_media":9862,"template":"","meta":[],"product_brand":[],"product_cat":[7493,7625],"product_tag":[2861,4269,5162],"class_list":{"0":"post-985","1":"product","2":"type-product","3":"status-publish","4":"has-post-thumbnail","6":"product_cat-medycyna","7":"product_cat-nauki-o-zdrowiu","8":"product_tag-dermatologia","9":"product_tag-farmacja","10":"product_tag-farmakologia","12":"first","13":"instock","14":"sale","15":"shipping-taxable","16":"purchasable","17":"product-type-simple"},"_links":{"self":[{"href":"https:\/\/ksiegarnia-akademicka.pl\/index.php\/wp-json\/wp\/v2\/product\/985","targetHints":{"allow":["GET"]}}],"collection":[{"href":"https:\/\/ksiegarnia-akademicka.pl\/index.php\/wp-json\/wp\/v2\/product"}],"about":[{"href":"https:\/\/ksiegarnia-akademicka.pl\/index.php\/wp-json\/wp\/v2\/types\/product"}],"wp:featuredmedia":[{"embeddable":true,"href":"https:\/\/ksiegarnia-akademicka.pl\/index.php\/wp-json\/wp\/v2\/media\/9862"}],"wp:attachment":[{"href":"https:\/\/ksiegarnia-akademicka.pl\/index.php\/wp-json\/wp\/v2\/media?parent=985"}],"wp:term":[{"taxonomy":"product_brand","embeddable":true,"href":"https:\/\/ksiegarnia-akademicka.pl\/index.php\/wp-json\/wp\/v2\/product_brand?post=985"},{"taxonomy":"product_cat","embeddable":true,"href":"https:\/\/ksiegarnia-akademicka.pl\/index.php\/wp-json\/wp\/v2\/product_cat?post=985"},{"taxonomy":"product_tag","embeddable":true,"href":"https:\/\/ksiegarnia-akademicka.pl\/index.php\/wp-json\/wp\/v2\/product_tag?post=985"}],"curies":[{"name":"wp","href":"https:\/\/api.w.org\/{rel}","templated":true}]}}