{"id":9774,"date":"2018-12-17T12:12:17","date_gmt":"2018-12-17T11:12:17","guid":{"rendered":"http:\/\/ksiegarnia-akademicka.pl\/?post_type=product&#038;p=9774"},"modified":"2019-09-18T14:34:28","modified_gmt":"2019-09-18T12:34:28","slug":"zbior-zadan-z-elektrotechniki-podrecznik-szkola-zasadnicza-technikum-policealne-studium-zawodowe","status":"publish","type":"product","link":"https:\/\/ksiegarnia-akademicka.pl\/index.php\/product\/zbior-zadan-z-elektrotechniki-podrecznik-szkola-zasadnicza-technikum-policealne-studium-zawodowe\/","title":{"rendered":"Zbi\u00f3r zada\u0144 z elektrotechniki Podr\u0119cznik szko\u0142a zasadnicza, technikum, policealne studium zawodowe"},"content":{"rendered":"<p>Autor:<br \/>\nAleksy Markiewicz<br \/>\nWydawca: WSiP<br \/>\nOprawa: Mi\u0119kka<br \/>\nFormat: 16.5&#215;23.5cm<br \/>\nLiczba stron: 224<br \/>\nWydanie: 19<br \/>\nRok wydania: 2014<\/p>\n<p>Ksi\u0105\u017cka pomocnicza dla uczni\u00f3w technik\u00f3w i zasadniczych szk\u00f3\u0142 zawodowych elektrycznych i elektronicznych oraz dla s\u0142uchaczy kurs\u00f3w przemys\u0142owych i s\u0142uchaczy policealnego studium zawodowego, zawody: technik elektryk, technik elektronik.<br \/>\nZawiera zadania wraz z odpowiedziami przystosowane do programu nauczania elektrotechniki we wszystkich wymienionych typach szk\u00f3\u0142.<\/p>\n","protected":false},"excerpt":{"rendered":"<p>Autor: Aleksy Markiewicz Wydawca: WSiP Oprawa: Mi\u0119kka Format: 16.5&#215;23.5cm Liczba [&hellip;]<\/p>\n","protected":false},"featured_media":9775,"template":"","meta":[],"product_brand":[],"product_cat":[7722,41],"product_tag":[119,348],"class_list":{"0":"post-9774","1":"product","2":"type-product","3":"status-publish","4":"has-post-thumbnail","6":"product_cat-energetyka","7":"product_cat-nauki-techniczne","8":"product_tag-elektrotechnika","9":"product_tag-zbior-zadan","11":"first","12":"outofstock","13":"shipping-taxable","14":"purchasable","15":"product-type-simple"},"_links":{"self":[{"href":"https:\/\/ksiegarnia-akademicka.pl\/index.php\/wp-json\/wp\/v2\/product\/9774","targetHints":{"allow":["GET"]}}],"collection":[{"href":"https:\/\/ksiegarnia-akademicka.pl\/index.php\/wp-json\/wp\/v2\/product"}],"about":[{"href":"https:\/\/ksiegarnia-akademicka.pl\/index.php\/wp-json\/wp\/v2\/types\/product"}],"wp:featuredmedia":[{"embeddable":true,"href":"https:\/\/ksiegarnia-akademicka.pl\/index.php\/wp-json\/wp\/v2\/media\/9775"}],"wp:attachment":[{"href":"https:\/\/ksiegarnia-akademicka.pl\/index.php\/wp-json\/wp\/v2\/media?parent=9774"}],"wp:term":[{"taxonomy":"product_brand","embeddable":true,"href":"https:\/\/ksiegarnia-akademicka.pl\/index.php\/wp-json\/wp\/v2\/product_brand?post=9774"},{"taxonomy":"product_cat","embeddable":true,"href":"https:\/\/ksiegarnia-akademicka.pl\/index.php\/wp-json\/wp\/v2\/product_cat?post=9774"},{"taxonomy":"product_tag","embeddable":true,"href":"https:\/\/ksiegarnia-akademicka.pl\/index.php\/wp-json\/wp\/v2\/product_tag?post=9774"}],"curies":[{"name":"wp","href":"https:\/\/api.w.org\/{rel}","templated":true}]}}