{"id":9743,"date":"2018-12-17T08:47:42","date_gmt":"2018-12-17T07:47:42","guid":{"rendered":"http:\/\/ksiegarnia-akademicka.pl\/?post_type=product&#038;p=9743"},"modified":"2024-12-04T13:57:05","modified_gmt":"2024-12-04T12:57:05","slug":"diagnoza-i-wspomaganie-rozwoju-psychoruchowego-dziecka-w-wieku-przedszkolnym-cd","status":"publish","type":"product","link":"https:\/\/ksiegarnia-akademicka.pl\/index.php\/product\/diagnoza-i-wspomaganie-rozwoju-psychoruchowego-dziecka-w-wieku-przedszkolnym-cd\/","title":{"rendered":"Diagnoza i wspomaganie rozwoju psychoruchowego dziecka w wieku przedszkolnym + CD"},"content":{"rendered":"<p>Autor:<br \/>\nK. Skarbek<br \/>\nWydawca: CEBP 24.12<br \/>\nOprawa: Mi\u0119kka<br \/>\nLiczba stron: 200<br \/>\nWydanie: 4<br \/>\nRok wydania: 2018<\/p>\n<p>Ta ksi\u0105\u017cka to wsparcie dla nauczycieli zawieraj\u0105ca niezb\u0119dne wytyczne zwi\u0105zane z przepisami o\u015bwiatowymi, usystematyzowan\u0105 wiedz\u0119 merytoryczn\u0105 oraz praktyczne wskaz\u00f3wki i gotowe projekty, kt\u00f3re u\u0142atwi\u0105 stawienie czo\u0142a nowym wyzwaniom i obowi\u0105zkom.<\/p>\n<p>W jaki spos\u00f3b ta publikacja pomo\u017ce nauczycielom?<\/p>\n<p>&#8211; przybli\u017cy poj\u0119cie i metody diagnozy funkcjonalnej;<br \/>\n&#8211; uporz\u0105dkuje wiedz\u0119 z zakresu prawid\u0142owo\u015bci i rozwoju dziecka w poszczeg\u00f3lnych sferach;<br \/>\n&#8211; rozwinie umiej\u0119tno\u015bci konstruowania pr\u00f3b diagnostycznych do oceny rozwoju dziecka;<br \/>\n&#8211; om\u00f3wi og\u00f3lne zasady dotycz\u0105ce organizowania dzia\u0142a\u0144 wspieraj\u0105cych rozw\u00f3j dziecka;<br \/>\n&#8211; przedstawi zagadnienia dotycz\u0105ce planowania terapii i doboru odpowiednich \u0107wicze\u0144;<br \/>\n&#8211; poka\u017ce, jak mo\u017cna organizowa\u0107 dzia\u0142ania wspieraj\u0105ce w spos\u00f3b praktyczny, krok po kroku.<\/p>\n<p>Ksi\u0105\u017cka zawiera gotowe arkusze diagnostyczne!<\/p>\n<p>\u2026czyli praktyczn\u0105 pomoc przy indywidualnym traktowaniu ka\u017cdego dziecka i postrzeganiu go w szerszym kontek\u015bcie uwarunkowa\u0144 biologicznych i \u015brodowiskowych.<br \/>\nTo bogaty zbi\u00f3r do\u015bwiadczenia zdobytego przez autorki w trakcie wieloletniej praktyki psychologicznej w pracy z dzie\u0107mi przedszkolnymi i nauczycielami, oparty dodatkowo o fachow\u0105 literatur\u0119 z zakresu psychologii i pedagogiki.<\/p>\n<p>W aneksie oraz na p\u0142ycie CD do\u0142\u0105czonej do ksi\u0105\u017cki zamieszczamy gotowe arkusze diagnostyczne z podzia\u0142em na sfery dla poszczeg\u00f3lnych etap\u00f3w wiekowych. Nauczyciel mo\u017ce z nich skorzysta\u0107, wykorzystuj\u0105c tylko interesuj\u0105ce go zakresy, np. wybra\u0107 zadania do oceny wy\u0142\u0105cznie jednej lub dw\u00f3ch, czy trzech sfer. Mo\u017ce te\u017c wybiera\u0107 zadania dla dzieci m\u0142odszych lub starszych \u2013 odpowiednio do potrzeb i stawianych sobie pyta\u0144 diagnostycznych. Zach\u0119camy do indywidualnego traktowania ka\u017cdego dziecka i uwra\u017cliwiamy na konieczno\u015b\u0107 postrzegania go w szerszym kontek\u015bcie uwarunkowa\u0144 biologicznych i \u015brodowiskowych.<\/p>\n","protected":false},"excerpt":{"rendered":"<p>Autor: K. Skarbek Wydawca: CEBP 24.12 Oprawa: Mi\u0119kka Liczba stron: [&hellip;]<\/p>\n","protected":false},"featured_media":9744,"template":"","meta":[],"product_brand":[],"product_cat":[28],"product_tag":[7736,52,51],"class_list":{"0":"post-9743","1":"product","2":"type-product","3":"status-publish","4":"has-post-thumbnail","6":"product_cat-pedagogika","7":"product_tag-diagnoza-psychoruchowa","8":"product_tag-nauczanie-poczatkowe","9":"product_tag-pedagogika","11":"first","12":"instock","13":"sale","14":"shipping-taxable","15":"purchasable","16":"product-type-simple"},"_links":{"self":[{"href":"https:\/\/ksiegarnia-akademicka.pl\/index.php\/wp-json\/wp\/v2\/product\/9743","targetHints":{"allow":["GET"]}}],"collection":[{"href":"https:\/\/ksiegarnia-akademicka.pl\/index.php\/wp-json\/wp\/v2\/product"}],"about":[{"href":"https:\/\/ksiegarnia-akademicka.pl\/index.php\/wp-json\/wp\/v2\/types\/product"}],"wp:featuredmedia":[{"embeddable":true,"href":"https:\/\/ksiegarnia-akademicka.pl\/index.php\/wp-json\/wp\/v2\/media\/9744"}],"wp:attachment":[{"href":"https:\/\/ksiegarnia-akademicka.pl\/index.php\/wp-json\/wp\/v2\/media?parent=9743"}],"wp:term":[{"taxonomy":"product_brand","embeddable":true,"href":"https:\/\/ksiegarnia-akademicka.pl\/index.php\/wp-json\/wp\/v2\/product_brand?post=9743"},{"taxonomy":"product_cat","embeddable":true,"href":"https:\/\/ksiegarnia-akademicka.pl\/index.php\/wp-json\/wp\/v2\/product_cat?post=9743"},{"taxonomy":"product_tag","embeddable":true,"href":"https:\/\/ksiegarnia-akademicka.pl\/index.php\/wp-json\/wp\/v2\/product_tag?post=9743"}],"curies":[{"name":"wp","href":"https:\/\/api.w.org\/{rel}","templated":true}]}}