{"id":9731,"date":"2018-12-15T13:04:18","date_gmt":"2018-12-15T12:04:18","guid":{"rendered":"http:\/\/ksiegarnia-akademicka.pl\/?post_type=product&#038;p=9731"},"modified":"2018-12-15T13:04:18","modified_gmt":"2018-12-15T12:04:18","slug":"zamkniecie-roku-w-instytucjach-kultury-komentarz","status":"publish","type":"product","link":"https:\/\/ksiegarnia-akademicka.pl\/index.php\/product\/zamkniecie-roku-w-instytucjach-kultury-komentarz\/","title":{"rendered":"ZAMKNI\u0118CIE ROKU W INSTYTUCJACH KULTURY KOMENTARZ"},"content":{"rendered":"<p>Autor: DOROTA SKRZYPSKA<br \/>\nWydawnictwo: PRESSHOUSE<br \/>\nRok wydania 2009<br \/>\nPodstawowym aktem prawnym reguluj\u0105cym kwestie zwi\u0105zane z funkcjonowaniem instytucji kultury jest ustawa z dnia 25 pa\u017adziernika 1991 r. o organizowaniu i prowadzeniu dzia\u0142alno\u015bci kulturalnej1. Ustawodawca zawar\u0142 w niej regulacje organizacyjno-prawne dotycz\u0105ce jednostek prowadz\u0105cych dzia\u0142alno\u015b\u0107 kulturaln\u0105.<br \/>\nDo podstawowych zada\u0144 instytucji nale\u017cy w szczeg\u00f3lno\u015bci:<br \/>\n1. edukacja kulturalna i wychowanie przez sztuk\u0119,<br \/>\n2. sprawowanie opieki nad zabytkami,<br \/>\n3. tworzenie warunk\u00f3w dla rozwoju amatorskiego ruchu artystycznego oraz zainteresowania wiedza i sztuk\u0105,<br \/>\n4. tworzenie warunk\u00f3w dla rozwoju folkloru, a tak\u017ce r\u0119kodzie\u0142a ludowego i artystycznego,<br \/>\n5. rozpoznawanie, rozbudzanie i zaspakajanie potrzeb oraz zainteresowa\u0144 kulturalnych.<br \/>\nNale\u017cy pami\u0119ta\u0107, \u017ce dzia\u0142alno\u015b\u0107 statutowa prowadzona przez instytucje kultury nie stanowi dzia\u0142alno\u015bci gospodarczej w rozumieniu ustawy o swobodzie dzia\u0142alno\u015bci gospodarczej.<\/p>\n","protected":false},"excerpt":{"rendered":"<p>Autor: DOROTA SKRZYPSKA Wydawnictwo: PRESSHOUSE Rok wydania 2009 Podstawowym aktem [&hellip;]<\/p>\n","protected":false},"featured_media":9732,"template":"","meta":[],"product_brand":[],"product_cat":[23],"product_tag":[1496,5275],"class_list":{"0":"post-9731","1":"product","2":"type-product","3":"status-publish","4":"has-post-thumbnail","6":"product_cat-rachunkowosc","7":"product_tag-rachunkowosc","8":"product_tag-zamkniecie-roku","10":"first","11":"instock","12":"sale","13":"shipping-taxable","14":"purchasable","15":"product-type-simple"},"_links":{"self":[{"href":"https:\/\/ksiegarnia-akademicka.pl\/index.php\/wp-json\/wp\/v2\/product\/9731","targetHints":{"allow":["GET"]}}],"collection":[{"href":"https:\/\/ksiegarnia-akademicka.pl\/index.php\/wp-json\/wp\/v2\/product"}],"about":[{"href":"https:\/\/ksiegarnia-akademicka.pl\/index.php\/wp-json\/wp\/v2\/types\/product"}],"wp:featuredmedia":[{"embeddable":true,"href":"https:\/\/ksiegarnia-akademicka.pl\/index.php\/wp-json\/wp\/v2\/media\/9732"}],"wp:attachment":[{"href":"https:\/\/ksiegarnia-akademicka.pl\/index.php\/wp-json\/wp\/v2\/media?parent=9731"}],"wp:term":[{"taxonomy":"product_brand","embeddable":true,"href":"https:\/\/ksiegarnia-akademicka.pl\/index.php\/wp-json\/wp\/v2\/product_brand?post=9731"},{"taxonomy":"product_cat","embeddable":true,"href":"https:\/\/ksiegarnia-akademicka.pl\/index.php\/wp-json\/wp\/v2\/product_cat?post=9731"},{"taxonomy":"product_tag","embeddable":true,"href":"https:\/\/ksiegarnia-akademicka.pl\/index.php\/wp-json\/wp\/v2\/product_tag?post=9731"}],"curies":[{"name":"wp","href":"https:\/\/api.w.org\/{rel}","templated":true}]}}