{"id":9721,"date":"2018-12-15T12:06:46","date_gmt":"2018-12-15T11:06:46","guid":{"rendered":"http:\/\/ksiegarnia-akademicka.pl\/?post_type=product&#038;p=9721"},"modified":"2018-12-15T12:06:47","modified_gmt":"2018-12-15T11:06:47","slug":"wybrane-zagadnienia-rachunkowosci-finansowej-zbior-zadan-dla-zaawansowanych","status":"publish","type":"product","link":"https:\/\/ksiegarnia-akademicka.pl\/index.php\/product\/wybrane-zagadnienia-rachunkowosci-finansowej-zbior-zadan-dla-zaawansowanych\/","title":{"rendered":"Wybrane zagadnienia rachunkowo\u015bci finansowej Zbi\u00f3r zada\u0144 dla zaawansowanych"},"content":{"rendered":"<p>Autor:<br \/>\nBarbara Gierusz<br \/>\nRoman Nilidzi\u0144ski<br \/>\nWydawca: ODDK<br \/>\nOprawa: Mi\u0119kka<br \/>\nFormat: 21.0&#215;30.0cm<br \/>\nLiczba stron: 236<br \/>\nRok wydania: 2017<\/p>\n<p>Przygotowany przez do\u015bwiadczonych dydaktyk\u00f3w zbi\u00f3r zada\u0144 zawiera wybrane problemy rachunkowo\u015bci finansowej, umo\u017cliwiaj\u0105c pog\u0142\u0119bienie wiedzy na zaawansowanym poziomie. Tre\u015b\u0107 poszczeg\u00f3lnych zada\u0144 powi\u0105zana zosta\u0142a z praktyk\u0105 ksi\u0119gow\u0105 i uwzgl\u0119dnia zawarte w prawie bilansowym zasady wyceny, ewidencji ksi\u0119gowej oraz sprawozdawczo\u015bci finansowej. W zbiorze znalaz\u0142y si\u0119 r\u00f3wnie\u017c schematy kont oraz zestawienia pomocnicze, u\u0142atwiaj\u0105ce przeprowadzanie oblicze\u0144 i wpisywanie rozwi\u0105za\u0144.<\/p>\n<p>Przedstawione w opracowaniu zadania zosta\u0142y pogrupowane w tematycznie jednorodne rozdzia\u0142y, obejmuj\u0105ce nast\u0119puj\u0105ce zagadnienia:<br \/>\naktywa pieni\u0119\u017cne i rozrachunki<br \/>\nmateria\u0142y i towary<br \/>\naktywa trwa\u0142e<br \/>\nwynagrodzenia<br \/>\nprodukty gotowe<br \/>\nwynik finansowy \u2013 ustalanie i prezentacja w sprawozdaniu finansowym.<\/p>\n<p>Zbi\u00f3r przeznaczony jest dla uczestnik\u00f3w studi\u00f3w podyplomowych i szkole\u0144 dla samodzielnych i g\u0142\u00f3wnych ksi\u0119gowych, biur rachunkowych i doradc\u00f3w podatkowych.<\/p>\n","protected":false},"excerpt":{"rendered":"<p>Autor: Barbara Gierusz Roman Nilidzi\u0144ski Wydawca: ODDK Oprawa: Mi\u0119kka Format: [&hellip;]<\/p>\n","protected":false},"featured_media":9722,"template":"","meta":[],"product_brand":[],"product_cat":[23],"product_tag":[3987,348],"class_list":{"0":"post-9721","1":"product","2":"type-product","3":"status-publish","4":"has-post-thumbnail","6":"product_cat-rachunkowosc","7":"product_tag-rachunkowosc-finansowa","8":"product_tag-zbior-zadan","10":"first","11":"instock","12":"sale","13":"shipping-taxable","14":"purchasable","15":"product-type-simple"},"_links":{"self":[{"href":"https:\/\/ksiegarnia-akademicka.pl\/index.php\/wp-json\/wp\/v2\/product\/9721","targetHints":{"allow":["GET"]}}],"collection":[{"href":"https:\/\/ksiegarnia-akademicka.pl\/index.php\/wp-json\/wp\/v2\/product"}],"about":[{"href":"https:\/\/ksiegarnia-akademicka.pl\/index.php\/wp-json\/wp\/v2\/types\/product"}],"wp:featuredmedia":[{"embeddable":true,"href":"https:\/\/ksiegarnia-akademicka.pl\/index.php\/wp-json\/wp\/v2\/media\/9722"}],"wp:attachment":[{"href":"https:\/\/ksiegarnia-akademicka.pl\/index.php\/wp-json\/wp\/v2\/media?parent=9721"}],"wp:term":[{"taxonomy":"product_brand","embeddable":true,"href":"https:\/\/ksiegarnia-akademicka.pl\/index.php\/wp-json\/wp\/v2\/product_brand?post=9721"},{"taxonomy":"product_cat","embeddable":true,"href":"https:\/\/ksiegarnia-akademicka.pl\/index.php\/wp-json\/wp\/v2\/product_cat?post=9721"},{"taxonomy":"product_tag","embeddable":true,"href":"https:\/\/ksiegarnia-akademicka.pl\/index.php\/wp-json\/wp\/v2\/product_tag?post=9721"}],"curies":[{"name":"wp","href":"https:\/\/api.w.org\/{rel}","templated":true}]}}