{"id":9682,"date":"2018-12-15T08:51:35","date_gmt":"2018-12-15T07:51:35","guid":{"rendered":"http:\/\/ksiegarnia-akademicka.pl\/?post_type=product&#038;p=9682"},"modified":"2018-12-15T08:51:36","modified_gmt":"2018-12-15T07:51:36","slug":"uwarunkowania-i-zroznicowanie-rozwoju-gospodarczego-krajow-afryki-subsaharyjskiej","status":"publish","type":"product","link":"https:\/\/ksiegarnia-akademicka.pl\/index.php\/product\/uwarunkowania-i-zroznicowanie-rozwoju-gospodarczego-krajow-afryki-subsaharyjskiej\/","title":{"rendered":"Uwarunkowania i zr\u00f3\u017cnicowanie rozwoju gospodarczego kraj\u00f3w Afryki Subsaharyjskiej"},"content":{"rendered":"<p>Autor:<br \/>\n\u015awierczy\u0144ska Katarzyna<br \/>\nWydawca: CeDeWu<br \/>\nOprawa: Mi\u0119kka<br \/>\nFormat: 16.5&#215;23.5cm<br \/>\nLiczba stron: 438<br \/>\nWydanie: 1<br \/>\nRok wydania: 2018<\/p>\n<p>W XXI wieku w przestrzeni kosmicznej zosta\u0142 umieszczony samoch\u00f3d Tesla. Jednocze\u015bnie w Afryce Subsaharyjskiej wiele os\u00f3b wci\u0105\u017c nie ma dost\u0119pu do czystej wody, urz\u0105dze\u0144 sanitarnych i elektryczno\u015bci. Mieszka\u0144cy tego regionu, borykaj\u0105cy si\u0119 na co dzie\u0144 z zaspokajaniem najbardziej podstawowych potrzeb, mogli spojrze\u0107 na ekrany swoich smartphone&#8217;\u00f3w i zobaczy\u0107 obraz Ziemi uchwycony przez kamer\u0119 internetow\u0105, umieszczon\u0105 w orbituj\u0105cym poje\u017adzie. Obraz ten stanowi ilustracj\u0119 z\u0142o\u017conego charakteru i wielowymiarowych problem\u00f3w wsp\u00f3\u0142czesnego \u015bwiata. W warunkach globalnej polaryzacji dochod\u00f3w kraje Afryki Subsaharyjskiej wci\u0105\u017c pozostaj\u0105 obszarem o najni\u017cszym poziomie \u017cycia. Poszukiwanie przyczyn tego stanu rzeczy jest dzisiaj wa\u017cnym wyzwaniem badawczym uzasadnionym na gruncie ekonomii jako nauki spo\u0142ecznej.<\/p>\n<p>Maj\u0105c to na uwadze, w niniejszej ksi\u0105\u017cce dokonano analizy zr\u00f3\u017cnicowania proces\u00f3w wzrostu i rozwoju, okre\u015blono uwarunkowania, a tak\u017ce dokonano pomiaru ca\u0142kowitej produktywno\u015bci gospodarek tych kraj\u00f3w w latach 1995-2015. Rozwa\u017cano, na ile mo\u017cliwe jest wykorzystanie wewn\u0119trznego potencja\u0142u innowacji zorientowanych na rozwi\u0105zywanie problem\u00f3w lokalnych, a na ile \u017ar\u00f3d\u0142em technologii jest pomoc rozwojowa i bezpo\u015brednie inwestycje zagraniczne. W badaniach wzrostu, produktywno\u015bci i rozwoju w krajach Afryki Subsaharyjskiej uwzgl\u0119dniono wp\u0142yw takich zjawisk, jak: globalizacja, wzrost znaczenia gospodarek wschodz\u0105cych (w szczeg\u00f3lno\u015bci Chin), intensyfikacja proces\u00f3w migracyjnych, post\u0119puj\u0105ca integracja rynk\u00f3w finansowych, dominacja korporacji transnarodowych na rynkach globalnych, regionalizacja handlu mi\u0119dzynarodowego, ci\u0105g\u0142y post\u0119p technologiczny w krajach o wysokich dochodach i powi\u0119kszanie si\u0119 luki technologicznej. Analizy ilo\u015bciowe obejmuj\u0105ce 40 kraj\u00f3w subsaharyjskich oparto na mi\u0119dzynarodowych bazach danych, zw\u0142aszcza Banku \u015awiatowego i Penn World Tables. Za\u015b w ich wyja\u015bnianiu wykorzystano wyniki bada\u0144 terenowych i do\u015bwiadczenia z Burkina Faso, Senegalu, Wybrze\u017ca Ko\u015bci S\u0142oniowej, Republiki Konga, Ghany, Mozambiku, Madagaskaru, RPA, Botswany, Zimbabwe oraz Namibii. Pozwoli\u0142o to na g\u0142\u0119bsze zrozumienie proces\u00f3w zachodz\u0105cych w tych krajach, jak i w ca\u0142ym regionie. Badania te, szeroko nawi\u0105zuj\u0105ce do \u015bwiatowej literatury przedmiotu, wype\u0142niaj\u0105 luk\u0119 badawcz\u0105 w polskim pi\u015bmiennictwie ekonomicznym z zakresu ekonomii rozwoju, a w szczeg\u00f3lno\u015bci studi\u00f3w nad wzrostem i rozwojem kraj\u00f3w o niskim i \u015brednim poziomie rozwoju.<\/p>\n","protected":false},"excerpt":{"rendered":"<p>Autor: \u015awierczy\u0144ska Katarzyna Wydawca: CeDeWu Oprawa: Mi\u0119kka Format: 16.5&#215;23.5cm Liczba [&hellip;]<\/p>\n","protected":false},"featured_media":9683,"template":"","meta":[],"product_brand":[],"product_cat":[24],"product_tag":[7731,2209],"class_list":{"0":"post-9682","1":"product","2":"type-product","3":"status-publish","4":"has-post-thumbnail","6":"product_cat-polityka-gospodarcza","7":"product_tag-afryka-subsaharyjska","8":"product_tag-rozwoj-gospodarczy","10":"first","11":"instock","12":"sale","13":"shipping-taxable","14":"purchasable","15":"product-type-simple"},"_links":{"self":[{"href":"https:\/\/ksiegarnia-akademicka.pl\/index.php\/wp-json\/wp\/v2\/product\/9682","targetHints":{"allow":["GET"]}}],"collection":[{"href":"https:\/\/ksiegarnia-akademicka.pl\/index.php\/wp-json\/wp\/v2\/product"}],"about":[{"href":"https:\/\/ksiegarnia-akademicka.pl\/index.php\/wp-json\/wp\/v2\/types\/product"}],"wp:featuredmedia":[{"embeddable":true,"href":"https:\/\/ksiegarnia-akademicka.pl\/index.php\/wp-json\/wp\/v2\/media\/9683"}],"wp:attachment":[{"href":"https:\/\/ksiegarnia-akademicka.pl\/index.php\/wp-json\/wp\/v2\/media?parent=9682"}],"wp:term":[{"taxonomy":"product_brand","embeddable":true,"href":"https:\/\/ksiegarnia-akademicka.pl\/index.php\/wp-json\/wp\/v2\/product_brand?post=9682"},{"taxonomy":"product_cat","embeddable":true,"href":"https:\/\/ksiegarnia-akademicka.pl\/index.php\/wp-json\/wp\/v2\/product_cat?post=9682"},{"taxonomy":"product_tag","embeddable":true,"href":"https:\/\/ksiegarnia-akademicka.pl\/index.php\/wp-json\/wp\/v2\/product_tag?post=9682"}],"curies":[{"name":"wp","href":"https:\/\/api.w.org\/{rel}","templated":true}]}}