{"id":9680,"date":"2018-12-15T08:49:23","date_gmt":"2018-12-15T07:49:23","guid":{"rendered":"http:\/\/ksiegarnia-akademicka.pl\/?post_type=product&#038;p=9680"},"modified":"2018-12-15T08:49:23","modified_gmt":"2018-12-15T07:49:23","slug":"szyfrogramy-logopedyczne-szereg-szumiacy-syczacy-ciszacy-gloski-l-i-r","status":"publish","type":"product","link":"https:\/\/ksiegarnia-akademicka.pl\/index.php\/product\/szyfrogramy-logopedyczne-szereg-szumiacy-syczacy-ciszacy-gloski-l-i-r\/","title":{"rendered":"Szyfrogramy logopedyczne Szereg szumi\u0105cy, sycz\u0105cy, cisz\u0105cy, g\u0142oski L i R"},"content":{"rendered":"<p>Autor:<br \/>\nJarosz Magdalena<br \/>\nWydawca: Harmonia<br \/>\nOprawa: Mi\u0119kka<br \/>\nFormat: 20.5&#215;29.5cm<br \/>\nLiczba stron: 88<br \/>\nRok wydania: 2018<\/p>\n<p>\u201eSzyfrogramy logopedyczne\u201d powsta\u0142y, by urozmaici\u0107 i uatrakcyjni\u0107 \u0107wiczenia artykulacyjne. Jest to sprawdzona pomoc w korygowaniu zaburzonej wymowy g\u0142osek trzech szereg\u00f3w: szumi\u0105cego, sycz\u0105cego i cisz\u0105cego oraz g\u0142osek [l] i [r]. W zbiorze znajduj\u0105 si\u0119 \u0107wiczenia z 80 tabelami, dzi\u0119ki kt\u00f3rym dzieci doskonal\u0105 artykulacj\u0119 okre\u015blonych g\u0142osek w nag\u0142osie, \u015br\u00f3dg\u0142osie, wyg\u0142osie oraz w trudniejszych grupach sp\u00f3\u0142g\u0142oskowych. Rozszyfrowywanie i szyfrowanie wyraz\u00f3w to \u0107wiczenie aktywizuj\u0105ce i pobudzaj\u0105ce m\u00f3zg. Publikacja pomaga zatem nie tylko w korygowaniu zaburzonej wymowy g\u0142osek, ale r\u00f3wnie\u017c wp\u0142ywa na usprawnienie spostrzegawczo\u015bci i koncentracji. Ponadto dzieci \u0107wicz\u0105 umiej\u0119tno\u015b\u0107 analizy i syntezy sylabowej oraz doskonal\u0105 swoj\u0105 orientacj\u0119 na p\u0142aszczy\u017anie. \u0106wiczenia mo\u017cna wykorzysta\u0107 zar\u00f3wno w trakcie zaj\u0119\u0107 w szkole (indywidualnych i grupowych), jak i w domu.<\/p>\n","protected":false},"excerpt":{"rendered":"<p>Autor: Jarosz Magdalena Wydawca: Harmonia Oprawa: Mi\u0119kka Format: 20.5&#215;29.5cm Liczba [&hellip;]<\/p>\n","protected":false},"featured_media":9681,"template":"","meta":[],"product_brand":[],"product_cat":[28],"product_tag":[1196,51],"class_list":{"0":"post-9680","1":"product","2":"type-product","3":"status-publish","4":"has-post-thumbnail","6":"product_cat-pedagogika","7":"product_tag-logopedia","8":"product_tag-pedagogika","10":"first","11":"instock","12":"sale","13":"shipping-taxable","14":"purchasable","15":"product-type-simple"},"_links":{"self":[{"href":"https:\/\/ksiegarnia-akademicka.pl\/index.php\/wp-json\/wp\/v2\/product\/9680","targetHints":{"allow":["GET"]}}],"collection":[{"href":"https:\/\/ksiegarnia-akademicka.pl\/index.php\/wp-json\/wp\/v2\/product"}],"about":[{"href":"https:\/\/ksiegarnia-akademicka.pl\/index.php\/wp-json\/wp\/v2\/types\/product"}],"wp:featuredmedia":[{"embeddable":true,"href":"https:\/\/ksiegarnia-akademicka.pl\/index.php\/wp-json\/wp\/v2\/media\/9681"}],"wp:attachment":[{"href":"https:\/\/ksiegarnia-akademicka.pl\/index.php\/wp-json\/wp\/v2\/media?parent=9680"}],"wp:term":[{"taxonomy":"product_brand","embeddable":true,"href":"https:\/\/ksiegarnia-akademicka.pl\/index.php\/wp-json\/wp\/v2\/product_brand?post=9680"},{"taxonomy":"product_cat","embeddable":true,"href":"https:\/\/ksiegarnia-akademicka.pl\/index.php\/wp-json\/wp\/v2\/product_cat?post=9680"},{"taxonomy":"product_tag","embeddable":true,"href":"https:\/\/ksiegarnia-akademicka.pl\/index.php\/wp-json\/wp\/v2\/product_tag?post=9680"}],"curies":[{"name":"wp","href":"https:\/\/api.w.org\/{rel}","templated":true}]}}