{"id":9570,"date":"2018-12-13T10:07:29","date_gmt":"2018-12-13T09:07:29","guid":{"rendered":"http:\/\/ksiegarnia-akademicka.pl\/?post_type=product&#038;p=9570"},"modified":"2022-09-13T14:05:00","modified_gmt":"2022-09-13T12:05:00","slug":"atlas-anatomii-tablice-fotograficzne-studium-ciala-czlowieka-tytul-oryginalny-color-atlas-of-anatomy","status":"publish","type":"product","link":"https:\/\/ksiegarnia-akademicka.pl\/index.php\/product\/atlas-anatomii-tablice-fotograficzne-studium-ciala-czlowieka-tytul-oryginalny-color-atlas-of-anatomy\/","title":{"rendered":"Atlas anatomii + tablice Fotograficzne studium cia\u0142a cz\u0142owieka Tytu\u0142 oryginalny: Color Atlas of Anatomy"},"content":{"rendered":"<p>Autor:<br \/>\nJohannes W. Rohen<br \/>\nElke Lutjen-Drecoll<br \/>\nChihiro Yokochi<br \/>\nT\u0142umacze: Andrzejczak-Soboci\u0144ska Agnieszka<br \/>\nWydawca: PZWL<br \/>\nOprawa: Twarda<br \/>\nFormat: 21.5&#215;30.0cm<br \/>\nLiczba stron: 532<br \/>\nWydanie: 1<br \/>\nRok wydania: 2012<\/p>\n<p>W obecnym, pe\u0142nym wydaniu zaprezentowano &#8211; tak realistycznie, jak to tylko mo\u017cliwe, anatomi\u0119 w og\u00f3lnym uj\u0119ciu z uwzgl\u0119dnieniem topografii oraz u\u0142o\u017cenia warstwowego struktur anatomicznych.<br \/>\nObok doskona\u0142ych fotografii preparat\u00f3w anatomicznych poszczeg\u00f3lne obszary cia\u0142a zosta\u0142y dodatkowo zilustrowane schematycznymi rysunkami i obrazami bada\u0144 diagnostycznych. Przyczynia si\u0119 to do lepszego zrozumienia szczeg\u00f3\u0142\u00f3w widocznych na zdj\u0119ciach.<\/p>\n","protected":false},"excerpt":{"rendered":"<p>Autor: Johannes W. Rohen Elke Lutjen-Drecoll Chihiro Yokochi T\u0142umacze: Andrzejczak-Soboci\u0144ska [&hellip;]<\/p>\n","protected":false},"featured_media":9571,"template":"","meta":[],"product_brand":[],"product_cat":[7493,44],"product_tag":[4852,4858],"class_list":{"0":"post-9570","1":"product","2":"type-product","3":"status-publish","4":"has-post-thumbnail","6":"product_cat-medycyna","7":"product_cat-nauki-medyczne","8":"product_tag-anatomia","9":"product_tag-atlas-anatomiczny","11":"first","12":"outofstock","13":"sale","14":"shipping-taxable","15":"purchasable","16":"product-type-simple"},"_links":{"self":[{"href":"https:\/\/ksiegarnia-akademicka.pl\/index.php\/wp-json\/wp\/v2\/product\/9570","targetHints":{"allow":["GET"]}}],"collection":[{"href":"https:\/\/ksiegarnia-akademicka.pl\/index.php\/wp-json\/wp\/v2\/product"}],"about":[{"href":"https:\/\/ksiegarnia-akademicka.pl\/index.php\/wp-json\/wp\/v2\/types\/product"}],"wp:featuredmedia":[{"embeddable":true,"href":"https:\/\/ksiegarnia-akademicka.pl\/index.php\/wp-json\/wp\/v2\/media\/9571"}],"wp:attachment":[{"href":"https:\/\/ksiegarnia-akademicka.pl\/index.php\/wp-json\/wp\/v2\/media?parent=9570"}],"wp:term":[{"taxonomy":"product_brand","embeddable":true,"href":"https:\/\/ksiegarnia-akademicka.pl\/index.php\/wp-json\/wp\/v2\/product_brand?post=9570"},{"taxonomy":"product_cat","embeddable":true,"href":"https:\/\/ksiegarnia-akademicka.pl\/index.php\/wp-json\/wp\/v2\/product_cat?post=9570"},{"taxonomy":"product_tag","embeddable":true,"href":"https:\/\/ksiegarnia-akademicka.pl\/index.php\/wp-json\/wp\/v2\/product_tag?post=9570"}],"curies":[{"name":"wp","href":"https:\/\/api.w.org\/{rel}","templated":true}]}}