{"id":9559,"date":"2018-12-12T15:57:31","date_gmt":"2018-12-12T14:57:31","guid":{"rendered":"http:\/\/ksiegarnia-akademicka.pl\/?post_type=product&#038;p=9559"},"modified":"2024-12-04T13:59:06","modified_gmt":"2024-12-04T12:59:06","slug":"ustawa-o-rachunkowosci-komentarz","status":"publish","type":"product","link":"https:\/\/ksiegarnia-akademicka.pl\/index.php\/product\/ustawa-o-rachunkowosci-komentarz\/","title":{"rendered":"Ustawa o rachunkowo\u015bci Komentarz"},"content":{"rendered":"<p>Autor:<br \/>\nEwa Wali\u0144ska<br \/>\nRedakcja: Wali\u0144ska Ewa<br \/>\nWydawca: Wolters Kluwer<br \/>\nOprawa: Twarda<br \/>\nFormat: 17.0&#215;24.0cm<br \/>\nLiczba stron: 1328<br \/>\nWydanie: 5<br \/>\nRok wydania: 2018<\/p>\n<p>Prezentowany komentarz to wyr\u00f3\u017cniaj\u0105ce si\u0119 na rynku opracowanie, zawieraj\u0105ce wyczerpuj\u0105c\u0105 analiz\u0119 aktualnych przepis\u00f3w podstawowego \u017ar\u00f3d\u0142a regulacji polskiego prawa bilansowego, jakim jest ustawa o rachunkowo\u015bci. Uwzgl\u0119dniona zosta\u0142a r\u00f3wnie\u017c nowelizacja ustawy wchodz\u0105ca w \u017cycie z dniem 25.11.2018 r., rozszerzaj\u0105ca zakres jej stosowania o przedsi\u0119biorstwa w spadku.<\/p>\n<p>Jednym z kluczowych walor\u00f3w publikacji jest praktyczny charakter, zapewniony przez uzupe\u0142nienie komentarza do ka\u017cdego z artyku\u0142\u00f3w ustawy o cz\u0119\u015b\u0107 zawieraj\u0105c\u0105 obja\u015bnienie najwa\u017cniejszych aspekt\u00f3w praktycznych z niego wynikaj\u0105cych.<br \/>\nSzczeg\u00f3lnie cenne dla czytelnik\u00f3w b\u0119d\u0105 ponadto zamieszczone tu:<br \/>\n&#8211; analiza poszczeg\u00f3lnych przepis\u00f3w ustawy o rachunkowo\u015bci, obejmuj\u0105ca ich istot\u0119, znaczenie, wzajemne powi\u0105zania oraz miejsce w ca\u0142ym systemie rachunkowo\u015bci;<br \/>\n&#8211; przedstawienie wariantowych mo\u017cliwo\u015bci zastosowania w praktyce okre\u015blonych przepis\u00f3w ustawy o rachunkowo\u015bci wraz z om\u00f3wieniem konsekwencji potencjalnych rozwi\u0105za\u0144 dla systemu ewidencji ksi\u0119gowej, sprawozdawczo\u015bci finansowej, jak r\u00f3wnie\u017c dla oceny sytuacji maj\u0105tkowej, finansowej lub dokona\u0144 jednostki, w tym tak\u017ce dla oceny kierownictwa jednostki z efektywno\u015bci gospodarowania powierzonym kapita\u0142em;<br \/>\n&#8211; jasne wskazanie obowi\u0105zk\u00f3w kierownictwa jednostki lub organ\u00f3w nadzorczych w zakresie rachunkowo\u015bci oraz decyzji, jakie organy te s\u0105 zobowi\u0105zane podj\u0105\u0107 wzgl\u0119dem konstrukcji systemu rachunkowo\u015bci w jednostce oraz kontroli lub nadzoru jego funkcjonowania;<br \/>\n&#8211; liczne odniesienia do skutk\u00f3w w zakresie podatku dochodowego wskazuj\u0105ce na konsekwencje wyst\u0119powania r\u00f3\u017cnic mi\u0119dzy obydwoma systemami w obszarze ewidencji ksi\u0119gowej i sprawozdawczo\u015bci finansowej;<br \/>\n&#8211; du\u017ca liczba przyk\u0142ad\u00f3w w postaci opis\u00f3w sytuacji praktycznych pozwalaj\u0105cych na lepsze obja\u015bnienie i zrozumienie omawianych zagadnie\u0144.<\/p>\n","protected":false},"excerpt":{"rendered":"<p>Autor: Ewa Wali\u0144ska Redakcja: Wali\u0144ska Ewa Wydawca: Wolters Kluwer Oprawa: [&hellip;]<\/p>\n","protected":false},"featured_media":9560,"template":"","meta":[],"product_brand":[],"product_cat":[23],"product_tag":[1496,4625,3139],"class_list":{"0":"post-9559","1":"product","2":"type-product","3":"status-publish","4":"has-post-thumbnail","6":"product_cat-rachunkowosc","7":"product_tag-rachunkowosc","8":"product_tag-seria-komentarze","9":"product_tag-ustawa-o-rachunkowosci","11":"first","12":"instock","13":"sale","14":"shipping-taxable","15":"purchasable","16":"product-type-simple"},"_links":{"self":[{"href":"https:\/\/ksiegarnia-akademicka.pl\/index.php\/wp-json\/wp\/v2\/product\/9559","targetHints":{"allow":["GET"]}}],"collection":[{"href":"https:\/\/ksiegarnia-akademicka.pl\/index.php\/wp-json\/wp\/v2\/product"}],"about":[{"href":"https:\/\/ksiegarnia-akademicka.pl\/index.php\/wp-json\/wp\/v2\/types\/product"}],"wp:featuredmedia":[{"embeddable":true,"href":"https:\/\/ksiegarnia-akademicka.pl\/index.php\/wp-json\/wp\/v2\/media\/9560"}],"wp:attachment":[{"href":"https:\/\/ksiegarnia-akademicka.pl\/index.php\/wp-json\/wp\/v2\/media?parent=9559"}],"wp:term":[{"taxonomy":"product_brand","embeddable":true,"href":"https:\/\/ksiegarnia-akademicka.pl\/index.php\/wp-json\/wp\/v2\/product_brand?post=9559"},{"taxonomy":"product_cat","embeddable":true,"href":"https:\/\/ksiegarnia-akademicka.pl\/index.php\/wp-json\/wp\/v2\/product_cat?post=9559"},{"taxonomy":"product_tag","embeddable":true,"href":"https:\/\/ksiegarnia-akademicka.pl\/index.php\/wp-json\/wp\/v2\/product_tag?post=9559"}],"curies":[{"name":"wp","href":"https:\/\/api.w.org\/{rel}","templated":true}]}}