{"id":9493,"date":"2018-12-12T10:34:43","date_gmt":"2018-12-12T09:34:43","guid":{"rendered":"http:\/\/ksiegarnia-akademicka.pl\/?post_type=product&#038;p=9493"},"modified":"2018-12-12T10:34:43","modified_gmt":"2018-12-12T09:34:43","slug":"prawo-karne-materialne-czesc-ogolna-i-szczegolna-2","status":"publish","type":"product","link":"https:\/\/ksiegarnia-akademicka.pl\/index.php\/product\/prawo-karne-materialne-czesc-ogolna-i-szczegolna-2\/","title":{"rendered":"Prawo karne materialne. Cz\u0119\u015b\u0107 og\u00f3lna i szczeg\u00f3lna"},"content":{"rendered":"<p>Nale\u017cy do serii:<br \/>\nSERIA AKADEMICKA<br \/>\nAutor:<br \/>\nMarek Bojarski<br \/>\nJacek Giezek<br \/>\nZofia Sienkiewicz<br \/>\nWydawca: Wolters Kluwer<br \/>\nOprawa: Mi\u0119kka<br \/>\nFormat: 17.2&#215;24.1<br \/>\nLiczba stron: 812<br \/>\nWydanie: 7<br \/>\nRok wydania: 2017<\/p>\n<p>W podr\u0119czniku Prawo karne materialne. Cz\u0119\u015b\u0107 og\u00f3lna i szczeg\u00f3lna zosta\u0142y om\u00f3wione najwa\u017cniejsze kwestie z zakresu tej dziedziny \u2013 od zagadnie\u0144 wst\u0119pnych, nauki o przest\u0119pstwie, a\u017c po nauk\u0119 o karze, \u015brodkach karnych i zasadach ich wymiaru. W cz\u0119\u015bci szczeg\u00f3lnej przedstawiono konkretne typy przest\u0119pstw, m.in. przest\u0119pstwa przeciwko \u017cyciu i zdrowiu, bezpiecze\u0144stwu powszechnemu, wolno\u015bci, wymiarowi sprawiedliwo\u015bci, obrotowi gospodarczemu oraz obrotowi pieni\u0119dzmi i papierami warto\u015bciowymi.<br \/>\nPrzejrzysty uk\u0142ad opracowania u\u0142atwia zrozumienie obowi\u0105zuj\u0105cych rozwi\u0105za\u0144 ustawowych w kontek\u015bcie poprzednich kodeks\u00f3w karnych, a obszerne odwo\u0142anie si\u0119 do orzecznictwa pozwala wyja\u015bni\u0107 problemy zwi\u0105zane ze stosowaniem przepis\u00f3w prawa karnego.<br \/>\nW si\u00f3dmym wydaniu publikacji uwzgl\u0119dniono wszystkie dotychczasowe nowelizacje kodeksu karnego, w tym najistotniejsze nowele z 23.03.2017 r. obejmuj\u0105ce w szczeg\u00f3lno\u015bci zmiany w systemie \u015brodk\u00f3w karnych, przepadku i \u015brodk\u00f3w kompensacyjnych, a tak\u017ce w zakresie regulacji niekt\u00f3rych przest\u0119pstw m.in. przeciwko \u017cyciu i zdrowiu, wolno\u015bci, bezpiecze\u0144stwu w komunikacji oraz przeciwko rodzinie i opiece. Ponadto zamieszczono w wi\u0119kszym ni\u017c dotychczas zakresie orzecznictwo S\u0105du Najwy\u017cszego oraz s\u0105d\u00f3w apelacyjnych, kt\u00f3re w ostatnich latach znacz\u0105co wp\u0142yn\u0119\u0142y na prawo karne materialne.<\/p>\n","protected":false},"excerpt":{"rendered":"<p>Nale\u017cy do serii: SERIA AKADEMICKA Autor: Marek Bojarski Jacek Giezek [&hellip;]<\/p>\n","protected":false},"featured_media":9494,"template":"","meta":[],"product_brand":[],"product_cat":[7490,18],"product_tag":[296,3995,330],"class_list":{"0":"post-9493","1":"product","2":"type-product","3":"status-publish","4":"has-post-thumbnail","6":"product_cat-karne","7":"product_cat-prawo","8":"product_tag-prawo-karne","9":"product_tag-prawo-karne-materialne","10":"product_tag-seria-akademicka","12":"first","13":"instock","14":"sale","15":"shipping-taxable","16":"purchasable","17":"product-type-simple"},"_links":{"self":[{"href":"https:\/\/ksiegarnia-akademicka.pl\/index.php\/wp-json\/wp\/v2\/product\/9493","targetHints":{"allow":["GET"]}}],"collection":[{"href":"https:\/\/ksiegarnia-akademicka.pl\/index.php\/wp-json\/wp\/v2\/product"}],"about":[{"href":"https:\/\/ksiegarnia-akademicka.pl\/index.php\/wp-json\/wp\/v2\/types\/product"}],"wp:featuredmedia":[{"embeddable":true,"href":"https:\/\/ksiegarnia-akademicka.pl\/index.php\/wp-json\/wp\/v2\/media\/9494"}],"wp:attachment":[{"href":"https:\/\/ksiegarnia-akademicka.pl\/index.php\/wp-json\/wp\/v2\/media?parent=9493"}],"wp:term":[{"taxonomy":"product_brand","embeddable":true,"href":"https:\/\/ksiegarnia-akademicka.pl\/index.php\/wp-json\/wp\/v2\/product_brand?post=9493"},{"taxonomy":"product_cat","embeddable":true,"href":"https:\/\/ksiegarnia-akademicka.pl\/index.php\/wp-json\/wp\/v2\/product_cat?post=9493"},{"taxonomy":"product_tag","embeddable":true,"href":"https:\/\/ksiegarnia-akademicka.pl\/index.php\/wp-json\/wp\/v2\/product_tag?post=9493"}],"curies":[{"name":"wp","href":"https:\/\/api.w.org\/{rel}","templated":true}]}}