{"id":9327,"date":"2018-12-10T14:12:38","date_gmt":"2018-12-10T13:12:38","guid":{"rendered":"http:\/\/ksiegarnia-akademicka.pl\/?post_type=product&#038;p=9327"},"modified":"2018-12-10T14:12:38","modified_gmt":"2018-12-10T13:12:38","slug":"makro-i-mikroekonomia-podstawowe-problemy-wspolczesnosci-2","status":"publish","type":"product","link":"https:\/\/ksiegarnia-akademicka.pl\/index.php\/product\/makro-i-mikroekonomia-podstawowe-problemy-wspolczesnosci-2\/","title":{"rendered":"Makro i mikroekonomia Podstawowe problemy wsp\u00f3\u0142czesno\u015bci."},"content":{"rendered":"<p>Redakcja: Marciniak Stefan<br \/>\nWydawca: Wydawnictwo Naukowe PWN<br \/>\nOprawa: Mi\u0119kka<br \/>\nFormat: 16.8&#215;23.8cm<br \/>\nLiczba stron: 664<br \/>\nWydanie: 5<br \/>\nRok wydania: 2018<\/p>\n<p>Pi\u0105te wydanie podr\u0119cznika akademickiego do ekonomii ciesz\u0105cego si\u0119 zainteresowaniem od 1995 roku!<\/p>\n<p>Autorzy, prezentuj\u0105c podstawowe zagadnienia ekonomiczne, w du\u017cym stopniu nawi\u0105zuj\u0105 do aktualnych problem\u00f3w gospodarczych w kraju i na \u015bwiecie, co u\u0142atwi czytelnikowi zrozumienie i \u015bledzenie wsp\u00f3\u0142czesnych przemian mechanizm\u00f3w funkcjonowania mikro- i makrogospodarki.<br \/>\nW publikacji, opr\u00f3cz przedstawienia podstawowych zagadnie\u0144 obowi\u0105zuj\u0105cych na podstawowym kursie ekonomii, autorzy poszerzyli zakres wyk\u0142adu o takie kwestie, jak: konsekwencje rewolucji informacyjnej dla funkcjonowania rynk\u00f3w i przedsi\u0119biorstw, innowacje i ekologi\u0119 oraz o nowe, ci\u0105gle u nas ma\u0142o znane mechanizmy interwencjonizmu pa\u0144stwowego w formie regulacji.<br \/>\nW nowym wydaniu zaktualizowano dotychczasowe zagadnienia oraz uzupe\u0142niono je o takie tematy, jak: zdobywanie trwa\u0142ych przewag konkurencyjnych, kwestie regionalizacji gospodarki oraz transformacja systemowa w Polsce.<\/p>\n<p>Podr\u0119cznik jest przeznaczony do przedmiotu ekonomia przede wszystkim dla student\u00f3w uczelni technicznych i rolniczych. <\/p>\n<p>Ksi\u0105\u017cka powsta\u0142a pod kierunkiem prof. dr. hab. Stefana Marciniaka, wieloletniego dyrektora Instytutu Nauk Ekonomiczno-Spo\u0142ecznych Politechniki Warszawskiej, kt\u00f3ry do wsp\u00f3\u0142pracy zaprosi\u0142 do\u015bwiadczonych naukowc\u00f3w i dydaktyk\u00f3w Politechniki Warszawskiej oraz Instytutu Nauk Ekonomicznych PAN.<\/p>\n","protected":false},"excerpt":{"rendered":"<p>Redakcja: Marciniak Stefan Wydawca: Wydawnictwo Naukowe PWN Oprawa: Mi\u0119kka Format: [&hellip;]<\/p>\n","protected":false},"featured_media":9328,"template":"","meta":[],"product_brand":[],"product_cat":[17,7499],"product_tag":[337,342,338,269],"class_list":{"0":"post-9327","1":"product","2":"type-product","3":"status-publish","4":"has-post-thumbnail","6":"product_cat-ekonomia","7":"product_cat-makro-i-mikroekonomia","8":"product_tag-ekonomia","9":"product_tag-makroekonomia","10":"product_tag-mikroekonomia","11":"product_tag-podrecznik-akademicki","13":"first","14":"instock","15":"sale","16":"shipping-taxable","17":"purchasable","18":"product-type-simple"},"_links":{"self":[{"href":"https:\/\/ksiegarnia-akademicka.pl\/index.php\/wp-json\/wp\/v2\/product\/9327","targetHints":{"allow":["GET"]}}],"collection":[{"href":"https:\/\/ksiegarnia-akademicka.pl\/index.php\/wp-json\/wp\/v2\/product"}],"about":[{"href":"https:\/\/ksiegarnia-akademicka.pl\/index.php\/wp-json\/wp\/v2\/types\/product"}],"wp:featuredmedia":[{"embeddable":true,"href":"https:\/\/ksiegarnia-akademicka.pl\/index.php\/wp-json\/wp\/v2\/media\/9328"}],"wp:attachment":[{"href":"https:\/\/ksiegarnia-akademicka.pl\/index.php\/wp-json\/wp\/v2\/media?parent=9327"}],"wp:term":[{"taxonomy":"product_brand","embeddable":true,"href":"https:\/\/ksiegarnia-akademicka.pl\/index.php\/wp-json\/wp\/v2\/product_brand?post=9327"},{"taxonomy":"product_cat","embeddable":true,"href":"https:\/\/ksiegarnia-akademicka.pl\/index.php\/wp-json\/wp\/v2\/product_cat?post=9327"},{"taxonomy":"product_tag","embeddable":true,"href":"https:\/\/ksiegarnia-akademicka.pl\/index.php\/wp-json\/wp\/v2\/product_tag?post=9327"}],"curies":[{"name":"wp","href":"https:\/\/api.w.org\/{rel}","templated":true}]}}