{"id":924,"date":"2018-05-22T12:42:28","date_gmt":"2018-05-22T10:42:28","guid":{"rendered":"http:\/\/ksiegarnia-akademicka.pl\/index.php\/product\/metody-instrumentalne-w-analizie-chemicznej\/"},"modified":"2019-03-16T09:00:07","modified_gmt":"2019-03-16T08:00:07","slug":"metody-instrumentalne-w-analizie-chemicznej","status":"publish","type":"product","link":"https:\/\/ksiegarnia-akademicka.pl\/index.php\/product\/metody-instrumentalne-w-analizie-chemicznej\/","title":{"rendered":"Metody instrumentalne w analizie chemicznej"},"content":{"rendered":"<p>Autor:<br \/>\nWalenty Szczepaniak<br \/>\nWydawca: Wydawnictwo Naukowe PWN<br \/>\nOprawa: Mi\u0119kka<br \/>\nFormat: 16.5&#215;24.0cm<br \/>\nLiczba stron: 414<br \/>\nRok wydania: 2019<br \/>\nJ\u0119zyk wydania: polski<\/p>\n<p>Podr\u0119cznik chemicznej analizy instrumentalnej jasno i przyst\u0119pnie omawia wi\u0119kszo\u015b\u0107 stosowanych obecnie metod analitycznych. Materia\u0142 zosta\u0142 podzielony na 5 cz\u0119\u015bci: <\/p>\n<p>proces analityczny,<br \/>\nmetody spektroskopowe,<br \/>\nmetody elektroanalityczne,<br \/>\nmetody chromatograficzne,<br \/>\nmetody r\u00f3\u017cne (spektrometria mas, spektroskopia laserowa, promieniowania rentgenowskiego i fotoelektron\u00f3w, metody termoanalityczne, czujniki chemiczne, analiza przep\u0142ywowo-wstrzykowa).<br \/>\nKsi\u0105\u017cka zawiera liczne tabele i ilustracje oraz pytania kontrolne, porz\u0105dkuj\u0105ce wiedz\u0119 i podsumowuj\u0105ce kolejne rozdzia\u0142y. Przeznaczona jest dla student\u00f3w i wyk\u0142adowc\u00f3w zajmuj\u0105cych si\u0119 chemi\u0105 analityczn\u0105 oraz pracownik\u00f3w przemys\u0142u chemicznego, spo\u017cywczego, farmaceutycznego i kosmetycznego, a tak\u017ce os\u00f3b zwi\u0105zanych z ochron\u0105 zdrowia i \u015brodowiska.<\/p>\n","protected":false},"excerpt":{"rendered":"<p>Autor: Walenty Szczepaniak Wydawca: Wydawnictwo Naukowe PWN Oprawa: Mi\u0119kka Format: [&hellip;]<\/p>\n","protected":false},"featured_media":10497,"template":"","meta":[],"product_brand":[],"product_cat":[42],"product_tag":[5206,1939],"class_list":{"0":"post-924","1":"product","2":"type-product","3":"status-publish","4":"has-post-thumbnail","6":"product_cat-chemia","7":"product_tag-analiza-chemiczna","8":"product_tag-chemia-analityczna","10":"first","11":"instock","12":"sale","13":"shipping-taxable","14":"purchasable","15":"product-type-simple"},"_links":{"self":[{"href":"https:\/\/ksiegarnia-akademicka.pl\/index.php\/wp-json\/wp\/v2\/product\/924","targetHints":{"allow":["GET"]}}],"collection":[{"href":"https:\/\/ksiegarnia-akademicka.pl\/index.php\/wp-json\/wp\/v2\/product"}],"about":[{"href":"https:\/\/ksiegarnia-akademicka.pl\/index.php\/wp-json\/wp\/v2\/types\/product"}],"wp:featuredmedia":[{"embeddable":true,"href":"https:\/\/ksiegarnia-akademicka.pl\/index.php\/wp-json\/wp\/v2\/media\/10497"}],"wp:attachment":[{"href":"https:\/\/ksiegarnia-akademicka.pl\/index.php\/wp-json\/wp\/v2\/media?parent=924"}],"wp:term":[{"taxonomy":"product_brand","embeddable":true,"href":"https:\/\/ksiegarnia-akademicka.pl\/index.php\/wp-json\/wp\/v2\/product_brand?post=924"},{"taxonomy":"product_cat","embeddable":true,"href":"https:\/\/ksiegarnia-akademicka.pl\/index.php\/wp-json\/wp\/v2\/product_cat?post=924"},{"taxonomy":"product_tag","embeddable":true,"href":"https:\/\/ksiegarnia-akademicka.pl\/index.php\/wp-json\/wp\/v2\/product_tag?post=924"}],"curies":[{"name":"wp","href":"https:\/\/api.w.org\/{rel}","templated":true}]}}