{"id":9216,"date":"2018-12-07T09:35:20","date_gmt":"2018-12-07T08:35:20","guid":{"rendered":"http:\/\/ksiegarnia-akademicka.pl\/?post_type=product&#038;p=9216"},"modified":"2018-12-07T09:35:20","modified_gmt":"2018-12-07T08:35:20","slug":"uniwersytet-dzieciecy-wyjasnia-tajemnice-kosmosu","status":"publish","type":"product","link":"https:\/\/ksiegarnia-akademicka.pl\/index.php\/product\/uniwersytet-dzieciecy-wyjasnia-tajemnice-kosmosu\/","title":{"rendered":"Uniwersytet Dzieci\u0119cy wyja\u015bnia tajemnice kosmosu"},"content":{"rendered":"<p>Autor:<br \/>\nUrlich Janssen<br \/>\nKlaus Werner<br \/>\nRedakcja: Byliniak Maciej<br \/>\nT\u0142umacze: Kopsik Ewa, Subocz Gra\u017cyna<br \/>\nIlustracje: Ensikat Klaus<br \/>\nWydawca: Dwie Siostry<br \/>\nOprawa: Twarda<br \/>\nFormat: 17.0&#215;24.0cm<br \/>\nLiczba stron: 224<br \/>\nWydanie: 1<br \/>\nRok wydania: 2017<\/p>\n<p>Wszystko, co dzieci chcia\u0142yby wiedzie\u0107 o kosmosie (i o co wcale nie boj\u0105 si\u0119 pyta\u0107), w nowej ksi\u0105\u017cce z serii &#8222;Uniwersytet Dzieci\u0119cy&#8221;.<\/p>\n<p>Je\u015bli s\u0105dzicie, \u017ce astrofizyka to nauka tylko dla doros\u0142ych, a przestrze\u0144 kosmiczna nie jest odpowiednim miejscem dla dzieci &#8211; ta ksi\u0105\u017cka wyprowadzi was z b\u0142\u0119du. Jej autorzy zabieraj\u0105 m\u0142odych czytelnik\u00f3w w pasjonuj\u0105c\u0105 podr\u00f3\u017c w\u015br\u00f3d gwiazd, planet, czarnych dziur i supernowych &#8211; a przy okazji odpowiadaj\u0105 na niezliczone trudne pytania:<br \/>\nDlaczego wszech\u015bwiat jest tak wielki?<br \/>\nCzy cz\u0142owiek poleci kiedy\u015b na Marsa?<br \/>\nCo mo\u017ce nas spotka\u0107 podczas podr\u00f3\u017cy kosmicznej?<br \/>\nSk\u0105d si\u0119 bior\u0105 czarne dziury?<br \/>\nDlaczego gwiazdy \u015bwiec\u0105?<br \/>\nCzy da si\u0119 przekroczy\u0107 pr\u0119dko\u015b\u0107 \u015bwiat\u0142a?<br \/>\nCo by\u0142o przed Wielkim Wybuchem?<br \/>\nDlaczego wszech\u015bwiat si\u0119 nie rozpada?<br \/>\nCzy mo\u017cna rozci\u0105gn\u0105\u0107 czas?<br \/>\nGdzie mieszkaj\u0105 kosmici?<\/p>\n<p>&#8230;i wiele, wiele innych.<\/p>\n<p>Seria &#8222;Uniwersytet Dzieci\u0119cy&#8221; jest owocem serii wyk\u0142ad\u00f3w dla dzieci organizowanych na Uniwersytecie w Tybindze pocz\u0105wszy od 2002 roku. Formu\u0142a tych spotka\u0144, podczas kt\u00f3rych prawdziwi profesorowie odpowiadaj\u0105 na trudne dzieci\u0119ce pytania, szybko zdoby\u0142a ogromn\u0105 popularno\u015b\u0107. Eksperyment zapocz\u0105tkowany w Tybindze przerodzi\u0142 si\u0119 w pot\u0119\u017cny ruch Uniwersytet\u00f3w Dzieci\u0119cych, kt\u00f3ry \u015bwi\u0119ci dzi\u015b triumfy na ca\u0142ym \u015bwiecie &#8211; w tym r\u00f3wnie\u017c w Polsce.<\/p>\n","protected":false},"excerpt":{"rendered":"<p>Autor: Urlich Janssen Klaus Werner Redakcja: Byliniak Maciej T\u0142umacze: Kopsik [&hellip;]<\/p>\n","protected":false},"featured_media":9217,"template":"","meta":[],"product_brand":[],"product_cat":[28],"product_tag":[51,4451],"class_list":{"0":"post-9216","1":"product","2":"type-product","3":"status-publish","4":"has-post-thumbnail","6":"product_cat-pedagogika","7":"product_tag-pedagogika","8":"product_tag-wychowanie","10":"first","11":"instock","12":"sale","13":"shipping-taxable","14":"purchasable","15":"product-type-simple"},"_links":{"self":[{"href":"https:\/\/ksiegarnia-akademicka.pl\/index.php\/wp-json\/wp\/v2\/product\/9216","targetHints":{"allow":["GET"]}}],"collection":[{"href":"https:\/\/ksiegarnia-akademicka.pl\/index.php\/wp-json\/wp\/v2\/product"}],"about":[{"href":"https:\/\/ksiegarnia-akademicka.pl\/index.php\/wp-json\/wp\/v2\/types\/product"}],"wp:featuredmedia":[{"embeddable":true,"href":"https:\/\/ksiegarnia-akademicka.pl\/index.php\/wp-json\/wp\/v2\/media\/9217"}],"wp:attachment":[{"href":"https:\/\/ksiegarnia-akademicka.pl\/index.php\/wp-json\/wp\/v2\/media?parent=9216"}],"wp:term":[{"taxonomy":"product_brand","embeddable":true,"href":"https:\/\/ksiegarnia-akademicka.pl\/index.php\/wp-json\/wp\/v2\/product_brand?post=9216"},{"taxonomy":"product_cat","embeddable":true,"href":"https:\/\/ksiegarnia-akademicka.pl\/index.php\/wp-json\/wp\/v2\/product_cat?post=9216"},{"taxonomy":"product_tag","embeddable":true,"href":"https:\/\/ksiegarnia-akademicka.pl\/index.php\/wp-json\/wp\/v2\/product_tag?post=9216"}],"curies":[{"name":"wp","href":"https:\/\/api.w.org\/{rel}","templated":true}]}}