{"id":9214,"date":"2018-12-07T09:33:56","date_gmt":"2018-12-07T08:33:56","guid":{"rendered":"http:\/\/ksiegarnia-akademicka.pl\/?post_type=product&#038;p=9214"},"modified":"2018-12-07T09:33:56","modified_gmt":"2018-12-07T08:33:56","slug":"uniwersytet-dzieciecy-2","status":"publish","type":"product","link":"https:\/\/ksiegarnia-akademicka.pl\/index.php\/product\/uniwersytet-dzieciecy-2\/","title":{"rendered":"Uniwersytet dzieci\u0119cy"},"content":{"rendered":"<p>Autor:<br \/>\nUlla Steuernagel<br \/>\nUlrich Janssen<br \/>\nT\u0142umacze: Baranowska Renata<br \/>\nWydawca: Dwie Siostry<br \/>\nOprawa: Twarda<br \/>\nFormat: 16.0&#215;24.0cm<br \/>\nLiczba stron: 224<br \/>\nWydanie: 3<br \/>\nRok wydania: 2015<\/p>\n<p>Dlaczego \u015bmiejemy si\u0119 z dowcip\u00f3w?<br \/>\nDlaczego ludzie umieraj\u0105?<br \/>\nDlaczego jedni s\u0105 biedni, a inni bogaci?<br \/>\nDlaczego muzu\u0142manie modl\u0105 si\u0119 na dywanach?<br \/>\nDlaczego szko\u0142a jest g\u0142upia?<\/p>\n<p>Dzieci zadaj\u0105 mn\u00f3stwo pyta\u0144. Zabawnych i powa\u017cnych, odkrywczych i banalnych, rozbrajaj\u0105cych i zuchwa\u0142ych. A doro\u015bli g\u0142owi\u0105 si\u0119, jak na nie odpowiedzie\u0107. Na szcz\u0119\u015bcie s\u0105 profesorowie, kt\u00f3rzy nie boj\u0105 si\u0119 wyzwa\u0144 i ch\u0119tnie przyjmuj\u0105 najm\u0142odszych&#8230; na uniwersytet!<\/p>\n<p>Uniwersytety Dzieci\u0119ce to cykle wyk\u0142ad\u00f3w dla dzieci prowadzone przez prawdziwych uniwersyteckich profesor\u00f3w. Pierwszy z nich zorganizowano w Tybindze w Niemczech. Dzi\u015b s\u0105 one popularne na ca\u0142ym \u015bwiecie \u2013 tak\u017ce w Polsce.<\/p>\n<p>W\u0142a\u015bnie w Tybindze, w najstarszym uniwersytecie dzieci\u0119cym, dwoje dziennikarzy przez kolejne lata zbiera\u0142o pytania dzieci i odpowiedzi naukowc\u00f3w. Tak powsta\u0142y ksi\u0105\u017cki z serii \u201eUniwersytet Dzieci\u0119cy\u201d.<\/p>\n<p>Projekt Uniwersytet\u00f3w Dzieci\u0119cych (Die Kinder-Uni) otrzyma\u0142 od Komisji Europejskiej nagrod\u0119 Descartes Prize for Science Communication za wybitne zas\u0142ugi w krzewieniu wiedzy.<\/p>\n","protected":false},"excerpt":{"rendered":"<p>Autor: Ulla Steuernagel Ulrich Janssen T\u0142umacze: Baranowska Renata Wydawca: Dwie [&hellip;]<\/p>\n","protected":false},"featured_media":9215,"template":"","meta":[],"product_brand":[],"product_cat":[28],"product_tag":[51,4451],"class_list":{"0":"post-9214","1":"product","2":"type-product","3":"status-publish","4":"has-post-thumbnail","6":"product_cat-pedagogika","7":"product_tag-pedagogika","8":"product_tag-wychowanie","10":"first","11":"instock","12":"sale","13":"shipping-taxable","14":"purchasable","15":"product-type-simple"},"_links":{"self":[{"href":"https:\/\/ksiegarnia-akademicka.pl\/index.php\/wp-json\/wp\/v2\/product\/9214","targetHints":{"allow":["GET"]}}],"collection":[{"href":"https:\/\/ksiegarnia-akademicka.pl\/index.php\/wp-json\/wp\/v2\/product"}],"about":[{"href":"https:\/\/ksiegarnia-akademicka.pl\/index.php\/wp-json\/wp\/v2\/types\/product"}],"wp:featuredmedia":[{"embeddable":true,"href":"https:\/\/ksiegarnia-akademicka.pl\/index.php\/wp-json\/wp\/v2\/media\/9215"}],"wp:attachment":[{"href":"https:\/\/ksiegarnia-akademicka.pl\/index.php\/wp-json\/wp\/v2\/media?parent=9214"}],"wp:term":[{"taxonomy":"product_brand","embeddable":true,"href":"https:\/\/ksiegarnia-akademicka.pl\/index.php\/wp-json\/wp\/v2\/product_brand?post=9214"},{"taxonomy":"product_cat","embeddable":true,"href":"https:\/\/ksiegarnia-akademicka.pl\/index.php\/wp-json\/wp\/v2\/product_cat?post=9214"},{"taxonomy":"product_tag","embeddable":true,"href":"https:\/\/ksiegarnia-akademicka.pl\/index.php\/wp-json\/wp\/v2\/product_tag?post=9214"}],"curies":[{"name":"wp","href":"https:\/\/api.w.org\/{rel}","templated":true}]}}