{"id":9194,"date":"2018-12-06T16:36:25","date_gmt":"2018-12-06T15:36:25","guid":{"rendered":"http:\/\/ksiegarnia-akademicka.pl\/?post_type=product&#038;p=9194"},"modified":"2021-10-11T14:46:07","modified_gmt":"2021-10-11T12:46:07","slug":"ross-wilson-anatomia-i-fizjologia-czlowieka-w-warunkach-zdrowia-i-choroby-ross-and-wilson-anatomy-and-physiology-in-health-and-illness","status":"publish","type":"product","link":"https:\/\/ksiegarnia-akademicka.pl\/index.php\/product\/ross-wilson-anatomia-i-fizjologia-czlowieka-w-warunkach-zdrowia-i-choroby-ross-and-wilson-anatomy-and-physiology-in-health-and-illness\/","title":{"rendered":"Ross &amp; Wilson Anatomia i fizjologia cz\u0142owieka w warunkach zdrowia i choroby Ross and Wilson Anatomy and Physiology in Health and Illness"},"content":{"rendered":"<p>Autor:<br \/>\nAnne Waugh<br \/>\nRedakcja: Ciszek Bogdan, Maciejewski Ryszard<br \/>\nT\u0142umacze: Kami\u0144ski Bogdan<br \/>\nWydawca: Edra Urban &amp; Partner<br \/>\nOprawa: Mi\u0119kka<br \/>\nFormat: 21.5&#215;27.5cm<br \/>\nLiczba stron: 510<br \/>\nRok wydania: 2012<\/p>\n<p>Jeden z najlepiej sprzedaj\u0105cych si\u0119 na \u015bwiecie podr\u0119cznik\u00f3w do anatomii i fizjologii przeznaczony dla student\u00f3w piel\u0119gniarstwa, po\u0142o\u017cnictwa, fizjoterapii, ratownictwa medycznego oraz kosmetologii. Pierwsze polskie wydanie zredagowane przez znakomitych specjalist\u00f3w z dziedziny anatomii z dw\u00f3ch o\u015brodk\u00f3w akademickich \u2013 Warszawy i Lublina.<\/p>\n<p>W publikacji m.in.:<\/p>\n<p>przyst\u0119pny i atrakcyjny spos\u00f3b prezentacji anatomii i fizjologii cz\u0142owieka<br \/>\nopisy wybranych jednostek chorobowych<br \/>\nzagadnienia z zakresu immunologii i genetyki<br \/>\npodstawy patomorfologiczne i patofizjologiczne<br \/>\nkolorowe ryciny i pytania samosprawdzaj\u0105ce<\/p>\n","protected":false},"excerpt":{"rendered":"<p>Autor: Anne Waugh Redakcja: Ciszek Bogdan, Maciejewski Ryszard T\u0142umacze: Kami\u0144ski [&hellip;]<\/p>\n","protected":false},"featured_media":9195,"template":"","meta":[],"product_brand":[],"product_cat":[7493,7625],"product_tag":[1655,1498,3994],"class_list":{"0":"post-9194","1":"product","2":"type-product","3":"status-publish","4":"has-post-thumbnail","6":"product_cat-medycyna","7":"product_cat-nauki-o-zdrowiu","8":"product_tag-fizjologia","9":"product_tag-fizjoterapia","10":"product_tag-medycyna","12":"first","13":"instock","14":"sale","15":"shipping-taxable","16":"purchasable","17":"product-type-simple"},"_links":{"self":[{"href":"https:\/\/ksiegarnia-akademicka.pl\/index.php\/wp-json\/wp\/v2\/product\/9194","targetHints":{"allow":["GET"]}}],"collection":[{"href":"https:\/\/ksiegarnia-akademicka.pl\/index.php\/wp-json\/wp\/v2\/product"}],"about":[{"href":"https:\/\/ksiegarnia-akademicka.pl\/index.php\/wp-json\/wp\/v2\/types\/product"}],"wp:featuredmedia":[{"embeddable":true,"href":"https:\/\/ksiegarnia-akademicka.pl\/index.php\/wp-json\/wp\/v2\/media\/9195"}],"wp:attachment":[{"href":"https:\/\/ksiegarnia-akademicka.pl\/index.php\/wp-json\/wp\/v2\/media?parent=9194"}],"wp:term":[{"taxonomy":"product_brand","embeddable":true,"href":"https:\/\/ksiegarnia-akademicka.pl\/index.php\/wp-json\/wp\/v2\/product_brand?post=9194"},{"taxonomy":"product_cat","embeddable":true,"href":"https:\/\/ksiegarnia-akademicka.pl\/index.php\/wp-json\/wp\/v2\/product_cat?post=9194"},{"taxonomy":"product_tag","embeddable":true,"href":"https:\/\/ksiegarnia-akademicka.pl\/index.php\/wp-json\/wp\/v2\/product_tag?post=9194"}],"curies":[{"name":"wp","href":"https:\/\/api.w.org\/{rel}","templated":true}]}}