{"id":9184,"date":"2018-12-06T16:25:18","date_gmt":"2018-12-06T15:25:18","guid":{"rendered":"http:\/\/ksiegarnia-akademicka.pl\/?post_type=product&#038;p=9184"},"modified":"2019-10-04T08:15:11","modified_gmt":"2019-10-04T06:15:11","slug":"fizjologia-czlowieka-z-elementami-fizjologii-stosowanej-i-klinicznej","status":"publish","type":"product","link":"https:\/\/ksiegarnia-akademicka.pl\/index.php\/product\/fizjologia-czlowieka-z-elementami-fizjologii-stosowanej-i-klinicznej\/","title":{"rendered":"Fizjologia cz\u0142owieka z elementami fizjologii stosowanej i klinicznej"},"content":{"rendered":"<p>Redakcja: Traczyk W\u0142adys\u0142aw Z., Trzebski Andrzej<br \/>\nWydawca: PZWL<br \/>\nOprawa: Twarda<br \/>\nFormat: 20.5&#215;29.0cm<br \/>\nLiczba stron: 959<br \/>\nWydanie: 3<br \/>\nRok wydania: 2012<\/p>\n<p>Ksi\u0105\u017cka jest kolejnym wydaniem znakomitego, bardzo poszukiwanego podr\u0119cznika, zawieraj\u0105cego obszerny zas\u00f3b wiedzy dotycz\u0105cej fizjologii cz\u0142owieka. Zasi\u0119giem i aktualno\u015bci\u0105 wiedza ta wyprzedza wiele zachodnich opracowa\u0144, szczeg\u00f3lnie w zakresie fizjologii stosowanej. Ca\u0142o\u015b\u0107 zosta\u0142a uzupe\u0142niona bogatym materia\u0142em ilustracyjnym, co na pewno czyni ksi\u0105\u017ck\u0119 zrozumia\u0142\u0105 i przyst\u0119pn\u0105.<br \/>\nRedaktorzy dzie\u0142a przez wiele lat wyk\u0142adali fizjologi\u0119 cz\u0142owieka studentom akademii medycznych, prof. dr hab. med. W\u0142adys\u0142aw Z. Traczyk w \u0142odzi, a prof. dr hab. med. Andrzej Trzebski w Warszawie. Autorzy poszczeg\u00f3lnych rozdzia\u0142\u00f3w s\u0105 wybitnymi specjalistami z r\u00f3\u017cnych o\u015brodk\u00f3w akademickich w Polsce. Podr\u0119cznik przeznaczony jest przede wszystkim dla student\u00f3w medycyny i lekarzy, ale z pewno\u015bci\u0105 zainteresuje tak\u017ce student\u00f3w innych kierunk\u00f3w, takich jak wychowanie fizyczne, biologia, \u017cywienie cz\u0142owieka.<\/p>\n","protected":false},"excerpt":{"rendered":"<p>Redakcja: Traczyk W\u0142adys\u0142aw Z., Trzebski Andrzej Wydawca: PZWL Oprawa: Twarda [&hellip;]<\/p>\n","protected":false},"featured_media":9185,"template":"","meta":[],"product_brand":[],"product_cat":[7493,7625],"product_tag":[1655,1498,3994],"class_list":{"0":"post-9184","1":"product","2":"type-product","3":"status-publish","4":"has-post-thumbnail","6":"product_cat-medycyna","7":"product_cat-nauki-o-zdrowiu","8":"product_tag-fizjologia","9":"product_tag-fizjoterapia","10":"product_tag-medycyna","12":"first","13":"instock","14":"sale","15":"shipping-taxable","16":"purchasable","17":"product-type-simple"},"_links":{"self":[{"href":"https:\/\/ksiegarnia-akademicka.pl\/index.php\/wp-json\/wp\/v2\/product\/9184","targetHints":{"allow":["GET"]}}],"collection":[{"href":"https:\/\/ksiegarnia-akademicka.pl\/index.php\/wp-json\/wp\/v2\/product"}],"about":[{"href":"https:\/\/ksiegarnia-akademicka.pl\/index.php\/wp-json\/wp\/v2\/types\/product"}],"wp:featuredmedia":[{"embeddable":true,"href":"https:\/\/ksiegarnia-akademicka.pl\/index.php\/wp-json\/wp\/v2\/media\/9185"}],"wp:attachment":[{"href":"https:\/\/ksiegarnia-akademicka.pl\/index.php\/wp-json\/wp\/v2\/media?parent=9184"}],"wp:term":[{"taxonomy":"product_brand","embeddable":true,"href":"https:\/\/ksiegarnia-akademicka.pl\/index.php\/wp-json\/wp\/v2\/product_brand?post=9184"},{"taxonomy":"product_cat","embeddable":true,"href":"https:\/\/ksiegarnia-akademicka.pl\/index.php\/wp-json\/wp\/v2\/product_cat?post=9184"},{"taxonomy":"product_tag","embeddable":true,"href":"https:\/\/ksiegarnia-akademicka.pl\/index.php\/wp-json\/wp\/v2\/product_tag?post=9184"}],"curies":[{"name":"wp","href":"https:\/\/api.w.org\/{rel}","templated":true}]}}