{"id":9172,"date":"2018-12-06T15:49:07","date_gmt":"2018-12-06T14:49:07","guid":{"rendered":"http:\/\/ksiegarnia-akademicka.pl\/?post_type=product&#038;p=9172"},"modified":"2023-09-28T14:37:03","modified_gmt":"2023-09-28T12:37:03","slug":"mikrobiologia-lekarska-4","status":"publish","type":"product","link":"https:\/\/ksiegarnia-akademicka.pl\/index.php\/product\/mikrobiologia-lekarska-4\/","title":{"rendered":"Mikrobiologia lekarska"},"content":{"rendered":"<p>Redakcja: Heczko Piotr B., Wr\u00f3blewska Marta, Pietrzyk Agata<br \/>\nWydawca: PZWL<br \/>\nOprawa: Mi\u0119kka<br \/>\nFormat: 16.5&#215;23.5cm<br \/>\nLiczba stron: 798<br \/>\nWydanie: 1<br \/>\nRok wydania: 2022<\/p>\n<p>W ksi\u0105\u017cce om\u00f3wiono poszczeg\u00f3lne grupy drobnoustroj\u00f3w oraz ich chorobotw\u00f3rczo\u015b\u0107 i znaczenie w medycynie. Wiele uwagi po\u015bwi\u0119cono r\u00f3wnie\u017c nowoczesnym metodom diagnostycznym, epidemiologii, zaka\u017ceniom szpitalnym i post\u0119powaniu leczniczemu.<\/p>\n","protected":false},"excerpt":{"rendered":"<p>Redakcja: Heczko Piotr B., Wr\u00f3blewska Marta, Pietrzyk Agata Wydawca: PZWL [&hellip;]<\/p>\n","protected":false},"featured_media":9173,"template":"","meta":[],"product_brand":[],"product_cat":[7493,44],"product_tag":[3994,5324,269],"class_list":{"0":"post-9172","1":"product","2":"type-product","3":"status-publish","4":"has-post-thumbnail","6":"product_cat-medycyna","7":"product_cat-nauki-medyczne","8":"product_tag-medycyna","9":"product_tag-mikrobiologia","10":"product_tag-podrecznik-akademicki","12":"first","13":"outofstock","14":"sale","15":"shipping-taxable","16":"purchasable","17":"product-type-simple"},"_links":{"self":[{"href":"https:\/\/ksiegarnia-akademicka.pl\/index.php\/wp-json\/wp\/v2\/product\/9172","targetHints":{"allow":["GET"]}}],"collection":[{"href":"https:\/\/ksiegarnia-akademicka.pl\/index.php\/wp-json\/wp\/v2\/product"}],"about":[{"href":"https:\/\/ksiegarnia-akademicka.pl\/index.php\/wp-json\/wp\/v2\/types\/product"}],"wp:featuredmedia":[{"embeddable":true,"href":"https:\/\/ksiegarnia-akademicka.pl\/index.php\/wp-json\/wp\/v2\/media\/9173"}],"wp:attachment":[{"href":"https:\/\/ksiegarnia-akademicka.pl\/index.php\/wp-json\/wp\/v2\/media?parent=9172"}],"wp:term":[{"taxonomy":"product_brand","embeddable":true,"href":"https:\/\/ksiegarnia-akademicka.pl\/index.php\/wp-json\/wp\/v2\/product_brand?post=9172"},{"taxonomy":"product_cat","embeddable":true,"href":"https:\/\/ksiegarnia-akademicka.pl\/index.php\/wp-json\/wp\/v2\/product_cat?post=9172"},{"taxonomy":"product_tag","embeddable":true,"href":"https:\/\/ksiegarnia-akademicka.pl\/index.php\/wp-json\/wp\/v2\/product_tag?post=9172"}],"curies":[{"name":"wp","href":"https:\/\/api.w.org\/{rel}","templated":true}]}}