{"id":9154,"date":"2018-12-06T11:51:55","date_gmt":"2018-12-06T10:51:55","guid":{"rendered":"http:\/\/ksiegarnia-akademicka.pl\/?post_type=product&#038;p=9154"},"modified":"2018-12-06T11:55:09","modified_gmt":"2018-12-06T10:55:09","slug":"zlo-czynic-mowic-prawde-funkcja-wyznania-w-sprawiedliwosci-wyklady-z-louvain-1981","status":"publish","type":"product","link":"https:\/\/ksiegarnia-akademicka.pl\/index.php\/product\/zlo-czynic-mowic-prawde-funkcja-wyznania-w-sprawiedliwosci-wyklady-z-louvain-1981\/","title":{"rendered":"Z\u0142o czyni\u0107 m\u00f3wi\u0107 prawd\u0119 Funkcja wyznania w sprawiedliwo\u015bci Wyk\u0142ady z Louvain 1981"},"content":{"rendered":"<p>Autor:<br \/>\nMichel Foucault<br \/>\nWydawca: Znak Miesi\u0119cznik<br \/>\nOprawa: Mi\u0119kka ze skrzyde\u0142kami<br \/>\nFormat: 12.1&#215;19.6<br \/>\nLiczba stron: 464<br \/>\nWydanie: 1<br \/>\nRok wydania: 2018<\/p>\n<p>Powiedzie\u0107, jaki si\u0119 ma zaw\u00f3d to \u017cadne wyznanie. Chyba \u017ce robi to handlarz narkotyk\u00f3w. Wyznanie kosztuje, ale pozwala te\u017c zrozumie\u0107, a nawet zaakceptowa\u0107 z\u0142o. Tylko czy prawda rzeczywi\u015bcie wyzwala?<br \/>\nKultowy intelektualista w nieznanych wyk\u0142adach!<br \/>\nW 1981 r. Michel Foucault, \u015bwiecki, kojarzony z lewic\u0105 my\u015bliciel, przyje\u017cd\u017ca na Katolicki Uniwersytet w Louvain, aby studentom prawa przybli\u017cy\u0107 chrze\u015bcija\u0144skie praktyki: rachunek sumienia, spowied\u017a, kierownictwo duchowe. Prezentuje je na tle staro\u017cytnych i nowo\u017cytnych przyk\u0142ad\u00f3w, dzi\u0119ki czemu \u015bredniowieczni inkwizytorzy i mnisi, zestawieni zostaj\u0105 z bohaterami dramat\u00f3w Sofoklesa oraz s\u0105dowymi prokuratorami i psychiatrami.<br \/>\nWyk\u0142ady te mo\u017cna traktowa\u0107 jako wprowadzenie do charakterystycznych dla Foucaulta temat\u00f3w: szale\u0144stwa, seksualno\u015bci i przest\u0119pczo\u015bci. Jednak\u017ce wyznacza ona r\u00f3wnie\u017c kluczowy moment w jego p\u00f3\u017anej tw\u00f3rczo\u015bci: odkrycie w staro\u017cytnych szko\u0142ach filozoficznych i wczesnym chrze\u015bcija\u0144stwie \u0107wicze\u0144 zwi\u0119kszaj\u0105cych przestrze\u0144 naszej wolno\u015bci.<br \/>\nKsi\u0105\u017cka konfrontuje nas z fundamentalnymi pytaniami: Jak\u0105 cen\u0119 jeste\u015bmy w stanie zap\u0142aci\u0107 za prawd\u0119? Czy jej wyznanie zmienia nas lub nasz\u0105 ocen\u0119 pope\u0142nionego z\u0142a? Co ma wsp\u00f3lnego spowied\u017a z post\u0119powaniem s\u0105dowym? Po co badamy psychik\u0119 i motywacj\u0119 przest\u0119pc\u00f3w?<br \/>\nMichel Foucault (1926\u20131984) \u2013 francuski filozof, psycholog i historyk, czo\u0142owy my\u015bliciel XX wieku, od 1970 roku profesor s\u0142ynnego College de France. Jego analizy \u2013 prowadzane m.in. w trakcie publikowanych do dzi\u015b wyk\u0142ad\u00f3w \u2013 wyznaczy\u0142y kierunki rozwoju kilku nurt\u00f3w wsp\u00f3\u0142czesnej humanistyki. Posiada\u0142 wyj\u0105tkow\u0105 zdolno\u015b\u0107 prowadzenia bada\u0144 historycznych w taki spos\u00f3b, by wy\u0142ania\u0142 si\u0119 z nich komentarz do aktualnej rzeczywisto\u015bci. Napisa\u0142 m.in.: Histori\u0119 szale\u0144stwa w dobie klasycyzmu, Narodziny kliniki, S\u0142owa i rzeczy, Nadzorowa\u0107 i kara\u0107, Histori\u0119 seksualno\u015bci. Mia\u0142 tak\u017ce silne powi\u0105zania z Polsk\u0105: w latach 1958\u20131959 pracowa\u0142 w Ambasadzie Francuskiej w Warszawie, a w roku 1982 powr\u00f3ci\u0142 do tego miasta z konwojem \u201eLekarzy bez Granic&#8221;, by w czasie stanu wojennego udzieli\u0107 wsparcia antykomunistycznej opozycji.<\/p>\n","protected":false},"excerpt":{"rendered":"<p>Autor: Michel Foucault Wydawca: Znak Miesi\u0119cznik Oprawa: Mi\u0119kka ze skrzyde\u0142kami [&hellip;]<\/p>\n","protected":false},"featured_media":9155,"template":"","meta":[],"product_brand":[],"product_cat":[7505,7506,27],"product_tag":[235,233,1186],"class_list":{"0":"post-9154","1":"product","2":"type-product","3":"status-publish","4":"has-post-thumbnail","6":"product_cat-etyka","7":"product_cat-filozofia","8":"product_cat-nauki-spoleczne","9":"product_tag-etyka","10":"product_tag-filozofia","11":"product_tag-psychologia","13":"first","14":"instock","15":"sale","16":"shipping-taxable","17":"purchasable","18":"product-type-simple"},"_links":{"self":[{"href":"https:\/\/ksiegarnia-akademicka.pl\/index.php\/wp-json\/wp\/v2\/product\/9154","targetHints":{"allow":["GET"]}}],"collection":[{"href":"https:\/\/ksiegarnia-akademicka.pl\/index.php\/wp-json\/wp\/v2\/product"}],"about":[{"href":"https:\/\/ksiegarnia-akademicka.pl\/index.php\/wp-json\/wp\/v2\/types\/product"}],"wp:featuredmedia":[{"embeddable":true,"href":"https:\/\/ksiegarnia-akademicka.pl\/index.php\/wp-json\/wp\/v2\/media\/9155"}],"wp:attachment":[{"href":"https:\/\/ksiegarnia-akademicka.pl\/index.php\/wp-json\/wp\/v2\/media?parent=9154"}],"wp:term":[{"taxonomy":"product_brand","embeddable":true,"href":"https:\/\/ksiegarnia-akademicka.pl\/index.php\/wp-json\/wp\/v2\/product_brand?post=9154"},{"taxonomy":"product_cat","embeddable":true,"href":"https:\/\/ksiegarnia-akademicka.pl\/index.php\/wp-json\/wp\/v2\/product_cat?post=9154"},{"taxonomy":"product_tag","embeddable":true,"href":"https:\/\/ksiegarnia-akademicka.pl\/index.php\/wp-json\/wp\/v2\/product_tag?post=9154"}],"curies":[{"name":"wp","href":"https:\/\/api.w.org\/{rel}","templated":true}]}}