{"id":9123,"date":"2018-12-06T10:41:22","date_gmt":"2018-12-06T09:41:22","guid":{"rendered":"http:\/\/ksiegarnia-akademicka.pl\/?post_type=product&#038;p=9123"},"modified":"2018-12-06T10:41:22","modified_gmt":"2018-12-06T09:41:22","slug":"pedagogika-specjalna-od-tradycji-do-wspolczesnosci","status":"publish","type":"product","link":"https:\/\/ksiegarnia-akademicka.pl\/index.php\/product\/pedagogika-specjalna-od-tradycji-do-wspolczesnosci\/","title":{"rendered":"Pedagogika specjalna Od tradycji do wsp\u00f3\u0142czesno\u015bci"},"content":{"rendered":"<p>Autor:<br \/>\nIwona Chrzanowska<br \/>\nWydawca: Impuls<br \/>\nOprawa: Mi\u0119kka<br \/>\nFormat: 20.9&#215;14.7<br \/>\nLiczba stron: 712<br \/>\nWydanie: 1<br \/>\nRok wydania: 2018<\/p>\n<p>Oficyna Wydawnicza \u201eImpuls\u201c zaprasza Czytelnik\u00f3w do nowego i wyj\u0105tkowego podr\u0119cznika akademickiego autorstwa prof. Iwony Chrzanowskiej \u201ePedagogika specjalna. Od tradycji do wsp\u00f3\u0142czesno\u015bci&#8221;.<br \/>\nPublikacja, kt\u00f3r\u0105 oddajemy do r\u0105k czytelnika: Pedagogika specjalna. Od tradycji do wsp\u00f3\u0142czesno\u015bci, jest pr\u00f3b\u0105 ukazania interdyscyplinarnego dorobku naukowego w zakresie tradycyjnych i nowych obszar\u00f3w bada\u0144 koncentruj\u0105cych si\u0119 na problematyce zr\u00f3\u017cnicowania rozwojowego, jego konsekwencji i implikacji.<br \/>\nZamys\u0142em wyznaczaj\u0105cym uporz\u0105dkowanie tre\u015bci jest ich podzia\u0142 na dwie cz\u0119\u015bci: Wok\u00f3\u0142 znanych kategorii i rozwa\u017ca\u0144 oraz Wsp\u00f3\u0142czesne zagadnienia pedagogiki specjalnej.<br \/>\nMonografia Iwony Chrzanowskiej to praca jakiej w ostatnim dziesi\u0119cioleciu nie opublikowano. To gigantyczne zadanie tw\u00f3rcze z szeregiem subdyscyplinarnych i interdyscyplinarnych w\u0105tk\u00f3w. Warto zwr\u00f3ci\u0107 uwag\u0119, \u017ce ksi\u0105\u017cka ma aspiracje \u201ewyj\u015bcia\u201d poza tradycyjny podr\u0119cznik. Mi\u0119dzy innymi temu ma s\u0142u\u017cy\u0107 podzia\u0142 ksi\u0105\u017cki na dwie cz\u0119\u015bci. Pierwsza niejako wprowadzaj\u0105ca w podstawy i tradycj\u0119 pedagogiki specjalnej, druga traktuj\u0105ca o najwa\u017cniejszych problemach dzisiejszej pedagogiki specjalnej. Autorka unika w dyskusji domniema\u0144, pos\u0142uguje si\u0119 twardymi danymi empirycznymi i poprawn\u0105 terminologi\u0105 naukow\u0105. Przy czym autorce, co uwa\u017cam jest nies\u0142ychanie wa\u017cne dla tego typu publikacji, uda\u0142o si\u0119 znale\u017a\u0107 kompromis pomi\u0119dzy naukowo\u015bci\u0105 a zrozumia\u0142o\u015bci\u0105 tekstu. Ksi\u0105\u017ck\u0119 czyta si\u0119 dobrze bez wzgl\u0119du na poziom rozwoju naukowego. B\u0119dzie ona zapewne pomocna nie tylko dla student\u00f3w pedagogiki specjalnej, ale r\u00f3wnie\u017c dla wszystkich innych os\u00f3b stykaj\u0105cych si\u0119 w swojej pracy zawodowej z osobami niepe\u0142nosprawnymi.<br \/>\nZ recenzji Prof. dr hab. Amadeusz Krause<br \/>\nPodr\u0119cznik zawiera bogat\u0105 i aktualn\u0105 wiedz\u0119 z zakresu pedagogiki specjalnej. Autorka przytacza w nim najnowsze badania, wskazuje zagadnienia niejednoznaczne i budz\u0105ce kontrowersje. Nie tylko opisuje, referuje i streszcza, ale r\u00f3wnie\u017c analizuje, por\u00f3wnuje i ocenia. Cz\u0119sto akcentuje w\u0142asny punkt widzenia, co jest zalet\u0105 pracy poniewa\u017c nadaje jej indywidualny i niepowtarzalny charakter.<br \/>\nUwa\u017cam, \u017ce ksi\u0105\u017cka b\u0119dzie po\u017c\u0105danym materia\u0142em dydaktycznym dla student\u00f3w pedagogiki specjalnej i pedagogiki a tak\u017ce student\u00f3w pokrewnych dyscyplin zainteresowanych problematyk\u0105 niepe\u0142nosprawno\u015bci. Praca powinna zainteresowa\u0107 r\u00f3wnie\u017c profesjonalist\u00f3w \u2013 nauczycieli, pedagog\u00f3w, psycholog\u00f3w, pracownik\u00f3w socjalnych, rehabilitant\u00f3w.<br \/>\nZ recenzji Prof. dr hab. Andrzej Twardowski<\/p>\n","protected":false},"excerpt":{"rendered":"<p>Autor: Iwona Chrzanowska Wydawca: Impuls Oprawa: Mi\u0119kka Format: 20.9&#215;14.7 Liczba [&hellip;]<\/p>\n","protected":false},"featured_media":9124,"template":"","meta":[],"product_brand":[],"product_cat":[28],"product_tag":[51,1706],"class_list":{"0":"post-9123","1":"product","2":"type-product","3":"status-publish","4":"has-post-thumbnail","6":"product_cat-pedagogika","7":"product_tag-pedagogika","8":"product_tag-pedagogika-specjalna","10":"first","11":"instock","12":"sale","13":"shipping-taxable","14":"purchasable","15":"product-type-simple"},"_links":{"self":[{"href":"https:\/\/ksiegarnia-akademicka.pl\/index.php\/wp-json\/wp\/v2\/product\/9123","targetHints":{"allow":["GET"]}}],"collection":[{"href":"https:\/\/ksiegarnia-akademicka.pl\/index.php\/wp-json\/wp\/v2\/product"}],"about":[{"href":"https:\/\/ksiegarnia-akademicka.pl\/index.php\/wp-json\/wp\/v2\/types\/product"}],"wp:featuredmedia":[{"embeddable":true,"href":"https:\/\/ksiegarnia-akademicka.pl\/index.php\/wp-json\/wp\/v2\/media\/9124"}],"wp:attachment":[{"href":"https:\/\/ksiegarnia-akademicka.pl\/index.php\/wp-json\/wp\/v2\/media?parent=9123"}],"wp:term":[{"taxonomy":"product_brand","embeddable":true,"href":"https:\/\/ksiegarnia-akademicka.pl\/index.php\/wp-json\/wp\/v2\/product_brand?post=9123"},{"taxonomy":"product_cat","embeddable":true,"href":"https:\/\/ksiegarnia-akademicka.pl\/index.php\/wp-json\/wp\/v2\/product_cat?post=9123"},{"taxonomy":"product_tag","embeddable":true,"href":"https:\/\/ksiegarnia-akademicka.pl\/index.php\/wp-json\/wp\/v2\/product_tag?post=9123"}],"curies":[{"name":"wp","href":"https:\/\/api.w.org\/{rel}","templated":true}]}}