{"id":9101,"date":"2018-12-06T09:10:57","date_gmt":"2018-12-06T08:10:57","guid":{"rendered":"http:\/\/ksiegarnia-akademicka.pl\/?post_type=product&#038;p=9101"},"modified":"2019-07-12T08:57:48","modified_gmt":"2019-07-12T06:57:48","slug":"ekonomia","status":"publish","type":"product","link":"https:\/\/ksiegarnia-akademicka.pl\/index.php\/product\/ekonomia\/","title":{"rendered":"Ekonomia"},"content":{"rendered":"<p>Autor:<br \/>\nWilliam D. Nordhaus<br \/>\nPaul A. Samuelson<br \/>\nT\u0142umacze: \u015aroda Jacek, Bukowski Adam<br \/>\nWydawca: Rebis<br \/>\nOprawa: Twarda<br \/>\nFormat: 20.5&#215;25.5cm<br \/>\nLiczba stron: 728<br \/>\nWydanie: 1<br \/>\nRok wydania: 2017<\/p>\n<p>Ekonomia Samuelsona i Nordhausa od lat cieszy si\u0119 ogromn\u0105 popularno\u015bci\u0105 w\u015br\u00f3d student\u00f3w i wyk\u0142adowc\u00f3w. Autorzy ustanowili niedo\u015bcig\u0142y standard w pisaniu o podstawach wsp\u00f3\u0142czesnej ekonomii, opracowuj\u0105c wyczerpuj\u0105ce kompendium, napisane przyst\u0119pnym, niepozbawionym humoru j\u0119zykiem.<br \/>\nNajnowsze, dziewi\u0119tnaste wydanie zosta\u0142o wzbogacone m.in. o nast\u0119puj\u0105ce zagadnienia:<br \/>\n&#8211; zaburzenia na rynkach finansowych i cykle koniunkturalne;<br \/>\n&#8211; globalizacja systemu finansowego;<br \/>\n&#8211; mechanizm obiegu pieni\u0105dza w gospodarce otwartej o zmiennych stopach procentowych;<br \/>\n&#8211; rozszerzona analiza gospodarki rynkowej.<br \/>\n\u201eEkonomia to nauka o gospodarowaniu. Praca Samuelsona i Nordhausa jest podr\u0119cznikiem akademickim na najwy\u017cszym \u015bwiatowym poziomie. Swoj\u0105 popularno\u015b\u0107 zawdzi\u0119cza sposobowi uj\u0119cia i prezentacji tych wszystkich problem\u00f3w w sferze gospodarowania, z kt\u00f3rymi styka si\u0119 wsp\u00f3\u0142czesny cz\u0142owiek. To tak\u017ce lektura godna uwagi nie tylko student\u00f3w i nauczycieli akademickich, lecz r\u00f3wnie\u017c tych, kt\u00f3rzy aspiruj\u0105 do dumnego miana homo oeconomicus\u201d.<br \/>\nprof. dr hab. Wac\u0142aw Jarmo\u0142owicz, profesor zwyczajny Uniwersytetu Ekonomicznego w Poznaniu<\/p>\n<p>Profesor Paul A. Samuelson, absolwent Uniwersytetu Chicagowskiego i Harvardu, w 1970 r. otrzyma\u0142 Nagrod\u0119 Nobla w dziedzinie ekonomii. Jako jeden z nielicznych naukowc\u00f3w trafia do szerokiego grona odbiorc\u00f3w. Przez lata prowadzi\u0142 kolumn\u0119 ekonomiczn\u0105 w \u201eNewsweeku\u201d i by\u0142 konsultantem Rezerwy Federalnej, Departamentu Skarbu i wielu organizacji non profit.<br \/>\nProfesor William D. Nordhaus wyk\u0142ada ekonomi\u0119 na Yale. W latach 1977-1979 by\u0142 cz\u0142onkiem Rady Ekonomicznej prezydenta Cartera, doradza\u0142 tak\u017ce wielu rz\u0105dowym komisjom i innym organizacjom.<\/p>\n","protected":false},"excerpt":{"rendered":"<p>Autor: William D. Nordhaus Paul A. Samuelson T\u0142umacze: \u015aroda Jacek, [&hellip;]<\/p>\n","protected":false},"featured_media":9102,"template":"","meta":[],"product_brand":[],"product_cat":[17,7499],"product_tag":[337,269],"class_list":{"0":"post-9101","1":"product","2":"type-product","3":"status-publish","4":"has-post-thumbnail","6":"product_cat-ekonomia","7":"product_cat-makro-i-mikroekonomia","8":"product_tag-ekonomia","9":"product_tag-podrecznik-akademicki","11":"first","12":"instock","13":"sale","14":"shipping-taxable","15":"purchasable","16":"product-type-simple"},"_links":{"self":[{"href":"https:\/\/ksiegarnia-akademicka.pl\/index.php\/wp-json\/wp\/v2\/product\/9101","targetHints":{"allow":["GET"]}}],"collection":[{"href":"https:\/\/ksiegarnia-akademicka.pl\/index.php\/wp-json\/wp\/v2\/product"}],"about":[{"href":"https:\/\/ksiegarnia-akademicka.pl\/index.php\/wp-json\/wp\/v2\/types\/product"}],"wp:featuredmedia":[{"embeddable":true,"href":"https:\/\/ksiegarnia-akademicka.pl\/index.php\/wp-json\/wp\/v2\/media\/9102"}],"wp:attachment":[{"href":"https:\/\/ksiegarnia-akademicka.pl\/index.php\/wp-json\/wp\/v2\/media?parent=9101"}],"wp:term":[{"taxonomy":"product_brand","embeddable":true,"href":"https:\/\/ksiegarnia-akademicka.pl\/index.php\/wp-json\/wp\/v2\/product_brand?post=9101"},{"taxonomy":"product_cat","embeddable":true,"href":"https:\/\/ksiegarnia-akademicka.pl\/index.php\/wp-json\/wp\/v2\/product_cat?post=9101"},{"taxonomy":"product_tag","embeddable":true,"href":"https:\/\/ksiegarnia-akademicka.pl\/index.php\/wp-json\/wp\/v2\/product_tag?post=9101"}],"curies":[{"name":"wp","href":"https:\/\/api.w.org\/{rel}","templated":true}]}}