{"id":9097,"date":"2018-12-06T08:39:08","date_gmt":"2018-12-06T07:39:08","guid":{"rendered":"http:\/\/ksiegarnia-akademicka.pl\/?post_type=product&#038;p=9097"},"modified":"2025-11-03T09:15:24","modified_gmt":"2025-11-03T08:15:24","slug":"anatomia-gray-podrecznik-dla-studentow-tom-2-anatomia-narzadow-wewnetrznych","status":"publish","type":"product","link":"https:\/\/ksiegarnia-akademicka.pl\/index.php\/product\/anatomia-gray-podrecznik-dla-studentow-tom-2-anatomia-narzadow-wewnetrznych\/","title":{"rendered":"Anatomia Gray Podr\u0119cznik dla student\u00f3w Tom 2 anatomia narz\u0105d\u00f3w wewn\u0119trznych"},"content":{"rendered":"<p>Wydawca: Edra Urban &amp; Partner<br \/>\nOprawa: Mi\u0119kka<br \/>\nFormat: 21.0&#215;28.0cm<br \/>\nLiczba stron: 304<br \/>\nWydanie: 4<br \/>\nRok wydania: 2020<br \/>\nJ\u0119zyk wydania: polski<\/p>\n<p>Czwarte wydanie Anatomii Graya jest kontynuacj\u0105 poprzednich wersji tego znanego i cenionego podr\u0119cznika przeznaczonego dla Czytelnik\u00f3w studiuj\u0105cych morfologi\u0119 cia\u0142a ludzkiego.<br \/>\nMaj\u0105c na wzgl\u0119dzie ogromne post\u0119py w dziedzinie przy\u017cyciowego obrazowania poszczeg\u00f3lnych narz\u0105d\u00f3w i uk\u0142ad\u00f3w dokonano koniecznych aktualizacji oraz dodano ilustracje, uwzgl\u0119dniaj\u0105c stan obecnej wiedzy w zakresie diagnostyki medycznej (m.in. tomografy TK i MR, angiogramy).<br \/>\nPodobnie jak w poprzednich wydaniach publikacji du\u017ca jej cz\u0119\u015b\u0107 po\u015bwi\u0119cona jest zagadnieniom klinicznym, poniewa\u017c obowi\u0105zuj\u0105ce obecnie wymogi dotycz\u0105ce nauczania zagadnie\u0144 teoretycznych w powiazaniu z codzienn\u0105 praktyk\u0105 lekarsk\u0105 musz\u0105 zosta\u0107 uwzgl\u0119dnione w procesie dydaktycznym.<br \/>\nDo trzeciego tomu podr\u0119cznika do\u0142\u0105czono obszerny rozdzia\u0142 po\u015bwi\u0119cony neuroanatomii, zawieraj\u0105cy dane morfologiczne wraz z rycinami i obrazami uzyskanymi w trakcie badan struktur uk\u0142adu nerwowego przy u\u017cyciu nowoczesnych technik z zakresu szeroko poj\u0119tej radiologii.<br \/>\nW trakcie opracowywania tekstu oraz rycin, wraz z ich opisami, starali\u015bmy si\u0119 uwzgl\u0119dni\u0107 pewne zmiany w poj\u0119ciach i ustaleniach dotycz\u0105cych zar\u00f3wno budowy poszczeg\u00f3lnych struktur oraz uk\u0142ad\u00f3w, jak i obowi\u0105zuj\u0105cego mi\u0119dzynarodowego mianownictwa anatomicznego.<\/p>\n","protected":false},"excerpt":{"rendered":"<p>Wydawca: Edra Urban &amp; Partner Oprawa: Mi\u0119kka Format: 21.0&#215;28.0cm Liczba [&hellip;]<\/p>\n","protected":false},"featured_media":18273,"template":"","meta":[],"product_brand":[],"product_cat":[7493,44],"product_tag":[4852,7701,269],"class_list":{"0":"post-9097","1":"product","2":"type-product","3":"status-publish","4":"has-post-thumbnail","6":"product_cat-medycyna","7":"product_cat-nauki-medyczne","8":"product_tag-anatomia","9":"product_tag-gray","10":"product_tag-podrecznik-akademicki","12":"first","13":"instock","14":"sale","15":"shipping-taxable","16":"purchasable","17":"product-type-simple"},"_links":{"self":[{"href":"https:\/\/ksiegarnia-akademicka.pl\/index.php\/wp-json\/wp\/v2\/product\/9097","targetHints":{"allow":["GET"]}}],"collection":[{"href":"https:\/\/ksiegarnia-akademicka.pl\/index.php\/wp-json\/wp\/v2\/product"}],"about":[{"href":"https:\/\/ksiegarnia-akademicka.pl\/index.php\/wp-json\/wp\/v2\/types\/product"}],"wp:featuredmedia":[{"embeddable":true,"href":"https:\/\/ksiegarnia-akademicka.pl\/index.php\/wp-json\/wp\/v2\/media\/18273"}],"wp:attachment":[{"href":"https:\/\/ksiegarnia-akademicka.pl\/index.php\/wp-json\/wp\/v2\/media?parent=9097"}],"wp:term":[{"taxonomy":"product_brand","embeddable":true,"href":"https:\/\/ksiegarnia-akademicka.pl\/index.php\/wp-json\/wp\/v2\/product_brand?post=9097"},{"taxonomy":"product_cat","embeddable":true,"href":"https:\/\/ksiegarnia-akademicka.pl\/index.php\/wp-json\/wp\/v2\/product_cat?post=9097"},{"taxonomy":"product_tag","embeddable":true,"href":"https:\/\/ksiegarnia-akademicka.pl\/index.php\/wp-json\/wp\/v2\/product_tag?post=9097"}],"curies":[{"name":"wp","href":"https:\/\/api.w.org\/{rel}","templated":true}]}}