{"id":9080,"date":"2018-12-05T16:22:19","date_gmt":"2018-12-05T15:22:19","guid":{"rendered":"http:\/\/ksiegarnia-akademicka.pl\/?post_type=product&#038;p=9080"},"modified":"2018-12-05T16:22:19","modified_gmt":"2018-12-05T15:22:19","slug":"anatomia-sobotta-flashcards-miesnie-polskie-mianownictwo-anatomiczne-sobotta-flashcards-muscles","status":"publish","type":"product","link":"https:\/\/ksiegarnia-akademicka.pl\/index.php\/product\/anatomia-sobotta-flashcards-miesnie-polskie-mianownictwo-anatomiczne-sobotta-flashcards-muscles\/","title":{"rendered":"Anatomia Sobotta Flashcards. Mi\u0119\u015bnie. Polskie mianownictwo anatomiczne Sobotta Flashcards Muscles"},"content":{"rendered":"<p>Autor:<br \/>\nL. Br\u00e4uer<br \/>\nRedakcja: \u017burek G.<br \/>\nWydawca: Edra Urban &amp; Partner<br \/>\nOprawa: Pude\u0142ko kartonowe<br \/>\nFormat: 10.6&#215;15.0cm<br \/>\nLiczba stron: 125<br \/>\nWydanie: 1<br \/>\nRok wydania: 2017<\/p>\n<p>Anatomia Sobotta Flashcards \u2013 Tw\u00f3j przeno\u015bny spos\u00f3b na anatomi\u0119<\/p>\n<p>Anatomia Sobotta Flashcards to kolorowe ilustracje struktur anatomicznych po\u0142\u0105czone z szczeg\u00f3\u0142owym opisem i zwi\u0119z\u0142ym om\u00f3wieniem tych struktur oraz ich korelacji klinicznych i funkcjonalnych.<br \/>\nTo doskona\u0142a pomoc naukowa i uzupe\u0142nienie Atlasu anatomii cz\u0142owieka Sobotty<\/p>\n<p>Dzi\u0119ki flashcards:<\/p>\n<p>\u2022 ZAPAMI\u0118TASZ WI\u0118CEJ, UCZ\u0104C SI\u0118 MNIEJ<br \/>\n\u2022 mo\u017cesz si\u0119 uczy\u0107 w dowolnym miejscu<br \/>\n\u2022 stwierdzisz, \u017ce anatomia jest mo\u017cliwa do opanowania<br \/>\n\u2022 mo\u017cesz przepyta\u0107 sam siebie, bez proszenia innych<\/p>\n<p>JAK TO DZIA\u0141A?<br \/>\nNa jednej stronie karty znajduje si\u0119 opisana mianami struktura anatomiczna, z drugiej strony brak opis\u00f3w umo\u017cliwia sprawdzenie nabytej wiedzy.<br \/>\nPrzyk\u0142adowe pytanie na ka\u017cdej karcie u\u0142atwi przygotowanie si\u0119 do egzaminu. Odpowied\u017a znajduje si\u0119 na odwrocie karty.<br \/>\nRamki i tabele zawieraj\u0105 zwi\u0119z\u0142e informacje na temat zale\u017cno\u015bci klinicznych, anatomicznych i funkcjonalnych.<br \/>\nMiana anatomiczne s\u0105 zgodne z aktualnym Terminologia Anatomica.<\/p>\n","protected":false},"excerpt":{"rendered":"<p>Autor: L. Br\u00e4uer Redakcja: \u017burek G. Wydawca: Edra Urban &amp; [&hellip;]<\/p>\n","protected":false},"featured_media":9081,"template":"","meta":[],"product_brand":[],"product_cat":[7493,44],"product_tag":[4852,7700,7699],"class_list":{"0":"post-9080","1":"product","2":"type-product","3":"status-publish","4":"has-post-thumbnail","6":"product_cat-medycyna","7":"product_cat-nauki-medyczne","8":"product_tag-anatomia","9":"product_tag-flashcards","10":"product_tag-sobotta","12":"first","13":"instock","14":"sale","15":"shipping-taxable","16":"purchasable","17":"product-type-simple"},"_links":{"self":[{"href":"https:\/\/ksiegarnia-akademicka.pl\/index.php\/wp-json\/wp\/v2\/product\/9080","targetHints":{"allow":["GET"]}}],"collection":[{"href":"https:\/\/ksiegarnia-akademicka.pl\/index.php\/wp-json\/wp\/v2\/product"}],"about":[{"href":"https:\/\/ksiegarnia-akademicka.pl\/index.php\/wp-json\/wp\/v2\/types\/product"}],"wp:featuredmedia":[{"embeddable":true,"href":"https:\/\/ksiegarnia-akademicka.pl\/index.php\/wp-json\/wp\/v2\/media\/9081"}],"wp:attachment":[{"href":"https:\/\/ksiegarnia-akademicka.pl\/index.php\/wp-json\/wp\/v2\/media?parent=9080"}],"wp:term":[{"taxonomy":"product_brand","embeddable":true,"href":"https:\/\/ksiegarnia-akademicka.pl\/index.php\/wp-json\/wp\/v2\/product_brand?post=9080"},{"taxonomy":"product_cat","embeddable":true,"href":"https:\/\/ksiegarnia-akademicka.pl\/index.php\/wp-json\/wp\/v2\/product_cat?post=9080"},{"taxonomy":"product_tag","embeddable":true,"href":"https:\/\/ksiegarnia-akademicka.pl\/index.php\/wp-json\/wp\/v2\/product_tag?post=9080"}],"curies":[{"name":"wp","href":"https:\/\/api.w.org\/{rel}","templated":true}]}}