{"id":907,"date":"2018-05-22T12:42:25","date_gmt":"2018-05-22T10:42:25","guid":{"rendered":"http:\/\/ksiegarnia-akademicka.pl\/index.php\/product\/zarys-prawa-cywilnego\/"},"modified":"2021-10-26T10:29:40","modified_gmt":"2021-10-26T08:29:40","slug":"zarys-prawa-cywilnego","status":"publish","type":"product","link":"https:\/\/ksiegarnia-akademicka.pl\/index.php\/product\/zarys-prawa-cywilnego\/","title":{"rendered":"Zarys prawa cywilnego"},"content":{"rendered":"<p>Nale\u017cy do serii:<br \/>\nSTUDIA PRAWNICZE<br \/>\nAutor:<br \/>\ndr hab. Edward Gniewek prof.<br \/>\nRedakcja: Gniewek Edward, Machnikowski Piotr<br \/>\nWydawca: C.H. Beck<br \/>\nOprawa: Mi\u0119kka<br \/>\nFormat: 16.5&#215;24.0cm<br \/>\nLiczba stron: 842<br \/>\nWydanie: 4<br \/>\nRok wydania: 2021<br \/>\nJ\u0119zyk wydania: polski<\/p>\n<p>Podr\u0119cznik &#8222;Zarys prawa cywilnego&#8221; jest dzie\u0142em zbiorowym pracownik\u00f3w Zak\u0142adu Prawa Cywilnego i Prawa Mi\u0119dzynarodowego Prywatnego Uniwersytetu Wroc\u0142awskiego. Autorzy wykorzystali swoje bogate do\u015bwiadczenie naukowe, dydaktyczne i praktyczne, by w zwarty, ale wyczerpuj\u0105cy spos\u00f3b przedstawi\u0107 ca\u0142o\u015b\u0107 polskiego prawa cywilnego.<\/p>\n<p>Podr\u0119cznik omawia:<\/p>\n<p>cz\u0119\u015b\u0107 og\u00f3ln\u0105 prawa cywilnego,<br \/>\nprawo zobowi\u0105za\u0144,<br \/>\nprawo rzeczowe,<br \/>\nprawo rodzinne,<br \/>\nprawo spadkowe<br \/>\nprawo w\u0142asno\u015bci intelektualnej.<br \/>\nJego uk\u0142ad dostosowany jest do toku wyk\u0142adu przyj\u0119tego na wielu polskich wydzia\u0142ach prawa, a tre\u015b\u0107 przedstawia najwa\u017cniejsze cechy uregulowa\u0144 prywatnoprawnych z uwzgl\u0119dnieniem przewa\u017caj\u0105cych pogl\u0105d\u00f3w doktryny i najwa\u017cniejszego orzecznictwa s\u0105dowego.<\/p>\n<p>Opracowanie jest przeznaczone do wykorzystania na wszystkich kierunkach studi\u00f3w, kt\u00f3re obejmuj\u0105 kurs prawa cywilnego lub poszczeg\u00f3lnych jego fragment\u00f3w. Mog\u0105 to by\u0107 zar\u00f3wno studia prawnicze, zw\u0142aszcza w\u00f3wczas, gdy maj\u0105 posta\u0107 studi\u00f3w licencjackich lub studi\u00f3w drugiego stopnia, jak i studia administracyjne, ekonomiczne, a tak\u017ce studia z innych obszar\u00f3w, w kt\u00f3rych istotna jest wiedza z zakresu prawa prywatnego.<\/p>\n","protected":false},"excerpt":{"rendered":"<p>Nale\u017cy do serii: STUDIA PRAWNICZE Autor: dr hab. Edward Gniewek [&hellip;]<\/p>\n","protected":false},"featured_media":14802,"template":"","meta":[],"product_brand":[],"product_cat":[7491,18],"product_tag":[615,5445],"class_list":{"0":"post-907","1":"product","2":"type-product","3":"status-publish","4":"has-post-thumbnail","6":"product_cat-cywilne","7":"product_cat-prawo","8":"product_tag-prawo-cywilne","9":"product_tag-seria-studia-prawnicze","11":"first","12":"instock","13":"sale","14":"shipping-taxable","15":"purchasable","16":"product-type-simple"},"_links":{"self":[{"href":"https:\/\/ksiegarnia-akademicka.pl\/index.php\/wp-json\/wp\/v2\/product\/907","targetHints":{"allow":["GET"]}}],"collection":[{"href":"https:\/\/ksiegarnia-akademicka.pl\/index.php\/wp-json\/wp\/v2\/product"}],"about":[{"href":"https:\/\/ksiegarnia-akademicka.pl\/index.php\/wp-json\/wp\/v2\/types\/product"}],"wp:featuredmedia":[{"embeddable":true,"href":"https:\/\/ksiegarnia-akademicka.pl\/index.php\/wp-json\/wp\/v2\/media\/14802"}],"wp:attachment":[{"href":"https:\/\/ksiegarnia-akademicka.pl\/index.php\/wp-json\/wp\/v2\/media?parent=907"}],"wp:term":[{"taxonomy":"product_brand","embeddable":true,"href":"https:\/\/ksiegarnia-akademicka.pl\/index.php\/wp-json\/wp\/v2\/product_brand?post=907"},{"taxonomy":"product_cat","embeddable":true,"href":"https:\/\/ksiegarnia-akademicka.pl\/index.php\/wp-json\/wp\/v2\/product_cat?post=907"},{"taxonomy":"product_tag","embeddable":true,"href":"https:\/\/ksiegarnia-akademicka.pl\/index.php\/wp-json\/wp\/v2\/product_tag?post=907"}],"curies":[{"name":"wp","href":"https:\/\/api.w.org\/{rel}","templated":true}]}}