{"id":8875,"date":"2018-11-30T14:18:46","date_gmt":"2018-11-30T13:18:46","guid":{"rendered":"http:\/\/ksiegarnia-akademicka.pl\/?post_type=product&#038;p=8875"},"modified":"2018-11-30T15:43:38","modified_gmt":"2018-11-30T14:43:38","slug":"analiza-finansowa-przedsiebiorstwa-2","status":"publish","type":"product","link":"https:\/\/ksiegarnia-akademicka.pl\/index.php\/product\/analiza-finansowa-przedsiebiorstwa-2\/","title":{"rendered":"Analiza finansowa przedsi\u0119biorstwa"},"content":{"rendered":"<p>Autor:<br \/>\nAgnieszka T\u0142acza\u0142a<br \/>\nGrzegorz Go\u0142\u0119biowski<br \/>\nPiotr Wi\u015bniewski<br \/>\nWydawca: Difin<br \/>\nOprawa: Mi\u0119kka<br \/>\nFormat: 15.9&#215;23.2<br \/>\nLiczba stron: 331<br \/>\nWydanie: 2<br \/>\nRok wydania: 2017<br \/>\nJ\u0119zyk wydania: polski<\/p>\n<p>Kolejne wydanie ksi\u0105\u017cki uwzgl\u0119dnia zmian\u0119 ustawy o rachunkowo\u015bci, kt\u00f3ra wesz\u0142a w \u017cycie 23 wrze\u015bnia 2015 roku. Nowelizacja, w wyniku kt\u00f3rej zmieniony zosta\u0142 uk\u0142ad bilansu oraz rachunku zysk\u00f3w i strat, mo\u017ce wp\u0142yn\u0105\u0107 na warto\u015bci wyliczonych wska\u017anik\u00f3w. Konsekwencje tej nowelizacji mog\u0105 by\u0107 odnotowywane r\u00f3wnie\u017c w zmianie sumy bilansowej, kwoty kapita\u0142\u00f3w w\u0142asnych czy wyniku z dzia\u0142alno\u015bci operacyjnej. Ta ostatnia mo\u017ce by\u0107 pochodn\u0105 zniesienia odr\u0119bnej pozycji zysk\u00f3w lub strat nadzwyczajnych.<\/p>\n<p>W cz\u0119\u015bci dotycz\u0105cej pozyskiwania danych i informacji finansowych Autorzy uwzgl\u0119dnili zmiany prawne dotycz\u0105ce m.in. obowi\u0105zku publikowania sprawozda\u0144 finansowych przez sp\u00f3\u0142dzielnie oraz sankcje za niez\u0142o\u017cenie sprawozda\u0144 finansowych za dwa ostatnie lata obrotowe. Dodatkowo zaktualizowali uzupe\u0142nili opisy procedury osobistego pozyskiwania sprawozda\u0144 finansowych w KRS oraz korzystania z serwisu EMIS.<\/p>\n","protected":false},"excerpt":{"rendered":"<p>Autor: Agnieszka T\u0142acza\u0142a Grzegorz Go\u0142\u0119biowski Piotr Wi\u015bniewski Wydawca: Difin Oprawa: [&hellip;]<\/p>\n","protected":false},"featured_media":8876,"template":"","meta":[],"product_brand":[],"product_cat":[7516,31,7515],"product_tag":[438,437,918],"class_list":{"0":"post-8875","1":"product","2":"type-product","3":"status-publish","4":"has-post-thumbnail","6":"product_cat-finanse-przedsiebiorstwa","7":"product_cat-przedsiebiorstwo","8":"product_cat-zarzadzanie-przedsiebiorstwem","9":"product_tag-analiza-finansowa","10":"product_tag-finanse-przedsiebiorstwa","11":"product_tag-zarzadzanie-przedsiebiorstwem","13":"first","14":"instock","15":"sale","16":"shipping-taxable","17":"purchasable","18":"product-type-simple"},"_links":{"self":[{"href":"https:\/\/ksiegarnia-akademicka.pl\/index.php\/wp-json\/wp\/v2\/product\/8875","targetHints":{"allow":["GET"]}}],"collection":[{"href":"https:\/\/ksiegarnia-akademicka.pl\/index.php\/wp-json\/wp\/v2\/product"}],"about":[{"href":"https:\/\/ksiegarnia-akademicka.pl\/index.php\/wp-json\/wp\/v2\/types\/product"}],"wp:featuredmedia":[{"embeddable":true,"href":"https:\/\/ksiegarnia-akademicka.pl\/index.php\/wp-json\/wp\/v2\/media\/8876"}],"wp:attachment":[{"href":"https:\/\/ksiegarnia-akademicka.pl\/index.php\/wp-json\/wp\/v2\/media?parent=8875"}],"wp:term":[{"taxonomy":"product_brand","embeddable":true,"href":"https:\/\/ksiegarnia-akademicka.pl\/index.php\/wp-json\/wp\/v2\/product_brand?post=8875"},{"taxonomy":"product_cat","embeddable":true,"href":"https:\/\/ksiegarnia-akademicka.pl\/index.php\/wp-json\/wp\/v2\/product_cat?post=8875"},{"taxonomy":"product_tag","embeddable":true,"href":"https:\/\/ksiegarnia-akademicka.pl\/index.php\/wp-json\/wp\/v2\/product_tag?post=8875"}],"curies":[{"name":"wp","href":"https:\/\/api.w.org\/{rel}","templated":true}]}}