{"id":8838,"date":"2018-11-30T12:58:12","date_gmt":"2018-11-30T11:58:12","guid":{"rendered":"http:\/\/ksiegarnia-akademicka.pl\/?post_type=product&#038;p=8838"},"modified":"2018-11-30T13:00:19","modified_gmt":"2018-11-30T12:00:19","slug":"finanse-publiczne-teksty-ustaw-2","status":"publish","type":"product","link":"https:\/\/ksiegarnia-akademicka.pl\/index.php\/product\/finanse-publiczne-teksty-ustaw-2\/","title":{"rendered":"Finanse publiczne \/teksty ustaw\/"},"content":{"rendered":"<p>Wydawca: Wolters Kluwer<br \/>\nOprawa: Mi\u0119kka<br \/>\nFormat: 12.0&#215;17.0cm<br \/>\nLiczba stron: 334<br \/>\nWydanie: 16<br \/>\nRok wydania: 2018<br \/>\nJ\u0119zyk wydania: polski<\/p>\n<p>Stan prawny na: 23.08.2018 r.<\/p>\n<p>W 7. wydaniu ksi\u0105\u017cki uwzgl\u0119dniono zmiany wynikaj\u0105ce m.in. z ustaw:<br \/>\nz 11 stycznia 2018 r. o elektromobilno\u015bci i paliwach alternatywnych,<br \/>\nz 10 maja 2018 r. o ochronie danych osobowych,<br \/>\nz 6 czerwca 2018 r. o zmianie ustawy o finansach publicznych,<br \/>\nz 5 lipca 2018 r. o zmianie ustawy o partnerstwie publiczno-prywatnym oraz niekt\u00f3rych innych ustaw.<br \/>\nW ksi\u0105\u017cce zamieszczono skorowidz przedmiotowy u\u0142atwiaj\u0105cy odnalezienie poszczeg\u00f3lnych instytucji, a zaakcentowane kolorowym t\u0142em tytuliki przed artyku\u0142ami ustawy o finansach publicznych oraz ustawy o dochodach jednostek samorz\u0105du terytorialnego obja\u015bniaj\u0105 ich sens.<br \/>\nPublikacja jest przeznaczona dla os\u00f3b, kt\u00f3rym niezb\u0119dna jest znajomo\u015b\u0107 przepis\u00f3w dotycz\u0105cych finans\u00f3w publicznych dochod\u00f3w samorz\u0105du terytorialnego.<\/p>\n","protected":false},"excerpt":{"rendered":"<p>Wydawca: Wolters Kluwer Oprawa: Mi\u0119kka Format: 12.0&#215;17.0cm Liczba stron: 334 [&hellip;]<\/p>\n","protected":false},"featured_media":8839,"template":"","meta":[],"product_brand":[],"product_cat":[19,7500],"product_tag":[472,2596],"class_list":{"0":"post-8838","1":"product","2":"type-product","3":"status-publish","4":"has-post-thumbnail","6":"product_cat-finanse-i-prawo-finansowe","7":"product_cat-finanse-publiczne","8":"product_tag-finanse-publiczne","9":"product_tag-teksty-ustaw","11":"first","12":"instock","13":"sale","14":"shipping-taxable","15":"purchasable","16":"product-type-simple"},"_links":{"self":[{"href":"https:\/\/ksiegarnia-akademicka.pl\/index.php\/wp-json\/wp\/v2\/product\/8838","targetHints":{"allow":["GET"]}}],"collection":[{"href":"https:\/\/ksiegarnia-akademicka.pl\/index.php\/wp-json\/wp\/v2\/product"}],"about":[{"href":"https:\/\/ksiegarnia-akademicka.pl\/index.php\/wp-json\/wp\/v2\/types\/product"}],"wp:featuredmedia":[{"embeddable":true,"href":"https:\/\/ksiegarnia-akademicka.pl\/index.php\/wp-json\/wp\/v2\/media\/8839"}],"wp:attachment":[{"href":"https:\/\/ksiegarnia-akademicka.pl\/index.php\/wp-json\/wp\/v2\/media?parent=8838"}],"wp:term":[{"taxonomy":"product_brand","embeddable":true,"href":"https:\/\/ksiegarnia-akademicka.pl\/index.php\/wp-json\/wp\/v2\/product_brand?post=8838"},{"taxonomy":"product_cat","embeddable":true,"href":"https:\/\/ksiegarnia-akademicka.pl\/index.php\/wp-json\/wp\/v2\/product_cat?post=8838"},{"taxonomy":"product_tag","embeddable":true,"href":"https:\/\/ksiegarnia-akademicka.pl\/index.php\/wp-json\/wp\/v2\/product_tag?post=8838"}],"curies":[{"name":"wp","href":"https:\/\/api.w.org\/{rel}","templated":true}]}}