{"id":870,"date":"2018-05-22T12:42:20","date_gmt":"2018-05-22T10:42:20","guid":{"rendered":"http:\/\/ksiegarnia-akademicka.pl\/index.php\/product\/historia-administracji\/"},"modified":"2020-11-16T10:56:59","modified_gmt":"2020-11-16T09:56:59","slug":"historia-administracji","status":"publish","type":"product","link":"https:\/\/ksiegarnia-akademicka.pl\/index.php\/product\/historia-administracji\/","title":{"rendered":"Historia administracji"},"content":{"rendered":"<p>Nale\u017cy do serii:<br \/>\nSKRYPTY BECKA<br \/>\nAutor:<br \/>\nTadeusz Maciejewski<br \/>\nWydawca: C.H. Beck<br \/>\nOprawa: Mi\u0119kka<br \/>\nFormat: 16.5&#215;23.5cm<br \/>\nLiczba stron: 324<br \/>\nWydanie: 2<br \/>\nRok wydania: 2016<\/p>\n<p>Skrypt \u201eHistoria administracji\u201d przedstawia standardy instytucji zarz\u0105du pa\u0144stwem. Om\u00f3wione w nim zosta\u0142y zagadnienia dotycz\u0105ce m.in.:<br \/>\n&#8211; administracji staro\u017cytnej,<br \/>\n&#8211; administracji \u015bredniowiecza,<br \/>\n&#8211; administracji Polski wsp\u00f3\u0142czesnej.<br \/>\nW drugim wydaniu dodano nowe rozdzia\u0142y dotycz\u0105ce my\u015bli administracyjnej na prze\u0142omie XIX i XX w. oraz administracji publicznej Wolnego Miasta Gda\u0144ska.<\/p>\n","protected":false},"excerpt":{"rendered":"<p>Nale\u017cy do serii: SKRYPTY BECKA Autor: Tadeusz Maciejewski Wydawca: C.H. [&hellip;]<\/p>\n","protected":false},"featured_media":9544,"template":"","meta":[],"product_brand":[],"product_cat":[7492,18],"product_tag":[4113,485,691],"class_list":{"0":"post-870","1":"product","2":"type-product","3":"status-publish","4":"has-post-thumbnail","6":"product_cat-administracyjne","7":"product_cat-prawo","8":"product_tag-historia-administracji","9":"product_tag-prawo-administracyjne","10":"product_tag-seria-skrypty-becka","12":"first","13":"outofstock","14":"sale","15":"shipping-taxable","16":"purchasable","17":"product-type-simple"},"_links":{"self":[{"href":"https:\/\/ksiegarnia-akademicka.pl\/index.php\/wp-json\/wp\/v2\/product\/870","targetHints":{"allow":["GET"]}}],"collection":[{"href":"https:\/\/ksiegarnia-akademicka.pl\/index.php\/wp-json\/wp\/v2\/product"}],"about":[{"href":"https:\/\/ksiegarnia-akademicka.pl\/index.php\/wp-json\/wp\/v2\/types\/product"}],"wp:featuredmedia":[{"embeddable":true,"href":"https:\/\/ksiegarnia-akademicka.pl\/index.php\/wp-json\/wp\/v2\/media\/9544"}],"wp:attachment":[{"href":"https:\/\/ksiegarnia-akademicka.pl\/index.php\/wp-json\/wp\/v2\/media?parent=870"}],"wp:term":[{"taxonomy":"product_brand","embeddable":true,"href":"https:\/\/ksiegarnia-akademicka.pl\/index.php\/wp-json\/wp\/v2\/product_brand?post=870"},{"taxonomy":"product_cat","embeddable":true,"href":"https:\/\/ksiegarnia-akademicka.pl\/index.php\/wp-json\/wp\/v2\/product_cat?post=870"},{"taxonomy":"product_tag","embeddable":true,"href":"https:\/\/ksiegarnia-akademicka.pl\/index.php\/wp-json\/wp\/v2\/product_tag?post=870"}],"curies":[{"name":"wp","href":"https:\/\/api.w.org\/{rel}","templated":true}]}}