{"id":8697,"date":"2018-10-10T08:33:33","date_gmt":"2018-10-10T06:33:33","guid":{"rendered":"http:\/\/ksiegarnia-akademicka.pl\/?post_type=product&#038;p=8697"},"modified":"2024-10-08T13:28:37","modified_gmt":"2024-10-08T11:28:37","slug":"interna-szczeklika-2018","status":"publish","type":"product","link":"https:\/\/ksiegarnia-akademicka.pl\/index.php\/product\/interna-szczeklika-2018\/","title":{"rendered":"Interna Szczeklika 2022"},"content":{"rendered":"<p>Redakcja: Gajewski Piotr<br \/>\nWydawca: Medycyna Praktyczna<br \/>\nOprawa: Twarda<br \/>\nFormat: 21.0&#215;29.0cm<br \/>\nLiczba stron: 2758<br \/>\nRok wydania: 2022<br \/>\nJ\u0119zyk wydania: polski<\/p>\n<p>Podr\u0119cznik przeznaczony dla lekarzy specjalizuj\u0105cych si\u0119 w chorobach wewn\u0119trznych i w dziedzinach wywodz\u0105cych si\u0119 z interny, lekarzy specjalist\u00f3w, lekarzy rodzinnych pragn\u0105cych pog\u0142\u0119bi\u0107 swoj\u0105 wiedz\u0119 oraz student\u00f3w medycyny.<\/p>\n<p>Zawiera informacje na temat chor\u00f3b uk\u0142ad\u00f3w: kr\u0105\u017cenia, oddechowego, pokarmowego, wewn\u0105trzwydzielniczego, moczowego, krwiotw\u00f3rczego oraz: chor\u00f3b reumatycznych, chor\u00f3b alergicznych, wybranych chor\u00f3b uk\u0142adu nerwowego, chor\u00f3b zaka\u017anych, zaburze\u0144 gospodarki wodno-elektrolitowej i r\u00f3wnowagi kwasowo\u00ad-zasadowej, zatru\u0107 i zaburze\u0144 od\u017cywiania. Obejmuje tak\u017ce podstawowe zagadnienia onkologii klinicznej, opieki paliatywnej, medycyny podr\u00f3\u017cy oraz metodologii EBM.<\/p>\n<p>Uwzgl\u0119dniono najnowsze wytyczne (2021, 2022) dotycz\u0105ce m.in. nast\u0119puj\u0105cych zagadnie\u0144:<br \/>\nocena ryzyka sercowo-naczyniowego<br \/>\ndyslipidemie<br \/>\nzapalenie mi\u0119\u015bnia sercowego<br \/>\nniewydolno\u015b\u0107 serca<br \/>\nwady serca<br \/>\nkomorowe zaburzenia rytmu serca<br \/>\nzaburzenia przewodzenia<br \/>\nchoroba Takayasu<br \/>\nolbrzymiokom\u00f3rkowe zapalenie t\u0119tnic<br \/>\nomdlenia<br \/>\nbadania czynno\u015bciowe uk\u0142adu oddechowego<br \/>\nastma<br \/>\ngru\u017alica<br \/>\nchoroba refluksowa prze\u0142yku<br \/>\npierwotne zapalenie dr\u00f3g \u017c\u00f3\u0142ciowych<br \/>\nrak w\u0105trobowokom\u00f3rkowy<br \/>\nakromegalia<br \/>\nzesp\u00f3\u0142 Cushinga<br \/>\nchoroby tarczycy<br \/>\nchoroby przytarczyc<br \/>\ncukrzyca<br \/>\nchoroby k\u0142\u0119buszk\u00f3w nerkowych<br \/>\nniedokrwisto\u015b\u0107 z niedoboru \u017celaza<br \/>\nstany nadkrzepliwo\u015bci<br \/>\ntocze\u0144 rumieniowaty uk\u0142adowy<br \/>\n\u0142uszczycowe zapalenie staw\u00f3w<br \/>\nreumatoidalne zapalenie staw\u00f3w<br \/>\nziarniniakowato\u015b\u0107 z zapaleniem naczy\u0144<br \/>\nCOVID-19 i inne choroby zaka\u017ane<\/p>\n","protected":false},"excerpt":{"rendered":"<p>Redakcja: Gajewski Piotr Wydawca: Medycyna Praktyczna Oprawa: Twarda Format: 21.0&#215;29.0cm [&hellip;]<\/p>\n","protected":false},"featured_media":15589,"template":"","meta":[],"product_brand":[],"product_cat":[8142,7493,44],"product_tag":[4650,7674,269],"class_list":{"0":"post-8697","1":"product","2":"type-product","3":"status-publish","4":"has-post-thumbnail","6":"product_cat-interna","7":"product_cat-medycyna","8":"product_cat-nauki-medyczne","9":"product_tag-interna","10":"product_tag-interna-szczeklika","11":"product_tag-podrecznik-akademicki","13":"first","14":"outofstock","15":"sale","16":"shipping-taxable","17":"purchasable","18":"product-type-simple"},"_links":{"self":[{"href":"https:\/\/ksiegarnia-akademicka.pl\/index.php\/wp-json\/wp\/v2\/product\/8697","targetHints":{"allow":["GET"]}}],"collection":[{"href":"https:\/\/ksiegarnia-akademicka.pl\/index.php\/wp-json\/wp\/v2\/product"}],"about":[{"href":"https:\/\/ksiegarnia-akademicka.pl\/index.php\/wp-json\/wp\/v2\/types\/product"}],"wp:featuredmedia":[{"embeddable":true,"href":"https:\/\/ksiegarnia-akademicka.pl\/index.php\/wp-json\/wp\/v2\/media\/15589"}],"wp:attachment":[{"href":"https:\/\/ksiegarnia-akademicka.pl\/index.php\/wp-json\/wp\/v2\/media?parent=8697"}],"wp:term":[{"taxonomy":"product_brand","embeddable":true,"href":"https:\/\/ksiegarnia-akademicka.pl\/index.php\/wp-json\/wp\/v2\/product_brand?post=8697"},{"taxonomy":"product_cat","embeddable":true,"href":"https:\/\/ksiegarnia-akademicka.pl\/index.php\/wp-json\/wp\/v2\/product_cat?post=8697"},{"taxonomy":"product_tag","embeddable":true,"href":"https:\/\/ksiegarnia-akademicka.pl\/index.php\/wp-json\/wp\/v2\/product_tag?post=8697"}],"curies":[{"name":"wp","href":"https:\/\/api.w.org\/{rel}","templated":true}]}}