{"id":8693,"date":"2018-10-08T10:40:37","date_gmt":"2018-10-08T08:40:37","guid":{"rendered":"http:\/\/ksiegarnia-akademicka.pl\/?post_type=product&#038;p=8693"},"modified":"2018-10-08T10:40:37","modified_gmt":"2018-10-08T08:40:37","slug":"vademecum-sekretarza-jednostki-samorzadu-terytorialnego-ksiazka-z-plyta-cd","status":"publish","type":"product","link":"https:\/\/ksiegarnia-akademicka.pl\/index.php\/product\/vademecum-sekretarza-jednostki-samorzadu-terytorialnego-ksiazka-z-plyta-cd\/","title":{"rendered":"Vademecum sekretarza jednostki samorz\u0105du terytorialnego Ksi\u0105\u017cka z p\u0142yt\u0105 CD"},"content":{"rendered":"<p>Redakcja: Grytner Adam<br \/>\nWydawca: C.H. Beck<br \/>\nOprawa: Mi\u0119kka ze skrzyde\u0142kami<br \/>\nFormat: 16.5&#215;24.0cm<br \/>\nLiczba stron: 764<br \/>\nWydanie: 2<br \/>\nRok wydania: 2018<\/p>\n<p>Jedyna na rynku publikacja omawiaj\u0105ca kompleksowo zagadnienia, kt\u00f3rymi zajmuje si\u0119 Sekretarz, w tym: przepisy zwi\u0105zane z organizacj\u0105 wybor\u00f3w samorz\u0105dowych (najnowsze wytyczne w tym zakresie), ochron\u0105 danych osobowych, nowe obowi\u0105zki wprowadzone przez ustaw\u0119 z dnia 11 stycznia 2018 r. o zmianie niekt\u00f3rych ustaw w celu zwi\u0119kszenia udzia\u0142u obywateli w procesie wybierania, funkcjonowania i kontrolowania niekt\u00f3rych organ\u00f3w publicznych itd.).<\/p>\n<p>G\u0142\u00f3wnym zadaniem sekretarza gminy, wynikaj\u0105cym z art. 33 ustawy o samorz\u0105dzie gminnym, jest organizacja pracy urz\u0119du (zapewnia sprawne funkcjonowanie urz\u0119du, w tym prawid\u0142owy obieg dokument\u00f3w, rozpatrywanie skarg i wniosk\u00f3w itp.). Nie jest to samodzielna kompetencja, bowiem za okre\u015blenie organizacji i zasad funkcjonowania urz\u0119du odpowiedzialny jest w\u00f3jt. Przepisy ustawy o samorz\u0105dzie gminnym stanowi\u0105 jednak, \u017ce w\u00f3jt mo\u017ce powierzy\u0107 prowadzenie okre\u015blonych spraw gminy w swoim imieniu zast\u0119pcy w\u00f3jta lub sekretarzowi gminy.<\/p>\n<p>W ramach organizacji pracy urz\u0119du do kompetencji sekretarza nale\u017cy r\u00f3wnie\u017c sprawne zorganizowanie dost\u0119pu do informacji publicznej i zapewnienie procedury ochrony danych osobowych.<\/p>\n<p>W ramach powierzonych zada\u0144 sekretarz najcz\u0119\u015bciej zarz\u0105dza kadrami (do jego zada\u0144 nale\u017cy przygotowanie opisu stanowisk pracy i koordynacja ocen pracowniczych, jak r\u00f3wnie\u017c koordynacja s\u0142u\u017cby przygotowawczej). Mo\u017ce spe\u0142nia\u0107 istotn\u0105 rol\u0119 w naborze na stanowiska urz\u0119dnicze. Mo\u017ce by\u0107 koordynatorem i nadzoruj\u0105cym prace komisji konkursowej, mo\u017ce tak\u017ce czynnie uczestniczy\u0107 w toku post\u0119powania konkursowego, np. jako cz\u0142onek komisji (czy tak\u017ce jej przewodnicz\u0105cy). Jako osoba, kt\u00f3ra mo\u017ce posiada\u0107 kompetencje z zakresu zarz\u0105dzania zasobami ludzkimi, sekretarz powinien zna\u0107 uregulowania dotycz\u0105ce naboru konkursowego i stosowa\u0107 je w praktyce.<\/p>\n<p>Ponadto sprawuje nadz\u00f3r merytoryczny i koordynuje prac\u0119 na sesjach rady gminy. Bierze udzia\u0142 w procedurze uchwalania bud\u017cetu i wieloletniej prognozy finansowej. Zajmuje si\u0119 r\u00f3wnie\u017c opracowywaniem projekt\u00f3w dokument\u00f3w takich jak regulaminy czy instrukcje obowi\u0105zuj\u0105ce w urz\u0119dzie gminy.<\/p>\n<p>Zakres zada\u0144 sekretarza jest bardzo obszerny i wymaga wszechstronnego om\u00f3wienia. Publikacj\u0105, kt\u00f3ra wyja\u015bnia trudne zagadnienia, z kt\u00f3rymi musi zmierzy\u0107 si\u0119 sekretarz jest Vademecum sekretarza.<\/p>\n","protected":false},"excerpt":{"rendered":"<p>Redakcja: Grytner Adam Wydawca: C.H. Beck Oprawa: Mi\u0119kka ze skrzyde\u0142kami [&hellip;]<\/p>\n","protected":false},"featured_media":8694,"template":"","meta":[],"product_brand":[],"product_cat":[19,7500,7494],"product_tag":[1550,486],"class_list":{"0":"post-8693","1":"product","2":"type-product","3":"status-publish","4":"has-post-thumbnail","6":"product_cat-finanse-i-prawo-finansowe","7":"product_cat-finanse-publiczne","8":"product_cat-samorzad-terytorialny","9":"product_tag-komentarze-i-opracowania","10":"product_tag-samorzad-terytorialny","12":"first","13":"instock","14":"sale","15":"shipping-taxable","16":"purchasable","17":"product-type-simple"},"_links":{"self":[{"href":"https:\/\/ksiegarnia-akademicka.pl\/index.php\/wp-json\/wp\/v2\/product\/8693","targetHints":{"allow":["GET"]}}],"collection":[{"href":"https:\/\/ksiegarnia-akademicka.pl\/index.php\/wp-json\/wp\/v2\/product"}],"about":[{"href":"https:\/\/ksiegarnia-akademicka.pl\/index.php\/wp-json\/wp\/v2\/types\/product"}],"wp:featuredmedia":[{"embeddable":true,"href":"https:\/\/ksiegarnia-akademicka.pl\/index.php\/wp-json\/wp\/v2\/media\/8694"}],"wp:attachment":[{"href":"https:\/\/ksiegarnia-akademicka.pl\/index.php\/wp-json\/wp\/v2\/media?parent=8693"}],"wp:term":[{"taxonomy":"product_brand","embeddable":true,"href":"https:\/\/ksiegarnia-akademicka.pl\/index.php\/wp-json\/wp\/v2\/product_brand?post=8693"},{"taxonomy":"product_cat","embeddable":true,"href":"https:\/\/ksiegarnia-akademicka.pl\/index.php\/wp-json\/wp\/v2\/product_cat?post=8693"},{"taxonomy":"product_tag","embeddable":true,"href":"https:\/\/ksiegarnia-akademicka.pl\/index.php\/wp-json\/wp\/v2\/product_tag?post=8693"}],"curies":[{"name":"wp","href":"https:\/\/api.w.org\/{rel}","templated":true}]}}