{"id":8691,"date":"2018-10-08T10:34:19","date_gmt":"2018-10-08T08:34:19","guid":{"rendered":"http:\/\/ksiegarnia-akademicka.pl\/?post_type=product&#038;p=8691"},"modified":"2024-12-04T13:44:03","modified_gmt":"2024-12-04T12:44:03","slug":"vademecum-glownego-ksiegowego-jednostki-finansow-publicznych","status":"publish","type":"product","link":"https:\/\/ksiegarnia-akademicka.pl\/index.php\/product\/vademecum-glownego-ksiegowego-jednostki-finansow-publicznych\/","title":{"rendered":"Vademecum g\u0142\u00f3wnego ksi\u0119gowego jednostki finans\u00f3w publicznych"},"content":{"rendered":"<p>Redakcja: Kaczurak-Kozak Monika, Rotkiewicz Marek, Walczak Piotr<br \/>\nWydawca: C.H. Beck<br \/>\nOprawa: Mi\u0119kka ze skrzyde\u0142kami<br \/>\nFormat: 17.0&#215;24.0cm<br \/>\nLiczba stron: 1098<br \/>\nWydanie: 2<br \/>\nRok wydania: 2018<\/p>\n<p>Praktyczny poradnik omawiaj\u0105cy najwa\u017cniejsze obszary zada\u0144 g\u0142\u00f3wnego ksi\u0119gowego JSFP z uwzgl\u0119dnieniem ostatnich zmian w przepisach.<\/p>\n<p>Sektor finans\u00f3w publicznych charakteryzuje si\u0119 daleko id\u0105c\u0105 specyfik\u0105 w por\u00f3wnaniu z powszechnym obrotem gospodarczym. Przek\u0142ada si\u0119 to bezpo\u015brednio na obowi\u0105zki g\u0142\u00f3wnego ksi\u0119gowego w sektorze publicznym. Zasadniczym aktem prawnym reguluj\u0105cym prowadzenie gospodarki finansowej oraz zasady rachunkowo\u015bci w JSFP jest ustawa o finansach publicznych i wydane na jej podstawie rozporz\u0105dzenia wykonawcze. Ustawa ta ma pierwsze\u0144stwo wobec regulacji zawartych w ustawie o rachunkowo\u015bci. Pami\u0119ta\u0107 jednak nale\u017cy, \u017ce uwzgl\u0119dniaj\u0105c zasady ustawy o finansach publicznych jednostki sektora publicznego prowadz\u0105 rachunkowo\u015b\u0107 zgodnie z przepisami o rachunkowo\u015bci.<\/p>\n<p>Z uwagi na ogromny obszar zagadnie\u0144, z kt\u00f3rymi spotyka si\u0119 ksi\u0119gowy sfery bud\u017cetowej w swojej codziennej pracy, Wydawnictwo C.H. Beck przygotowa\u0142o publikacj\u0119 Vademecum g\u0142\u00f3wnego ksi\u0119gowego jednostki samorz\u0105du terytorialnego.<\/p>\n<p>W ksi\u0105\u017cce przedstawiamy \u201efundamenty\u201d ksi\u0119gowe i finansowe, kt\u00f3re pozwol\u0105 ksi\u0119gowym zrozumie\u0107 nawet najtrudniejsze zagadnienia oraz wyja\u015bni\u0105 specyficzne dla sektora publicznego zagadnienia i poj\u0119cia (np. plan finansowy, klasyfikacja bud\u017cetowa, przychody i rozchody itp.). Publikacja w spos\u00f3b jasny i kompleksowy przedstawia sektor publiczny z perspektywy g\u0142\u00f3wnego ksi\u0119gowego, k\u0142ad\u0105c akcent na te kwestie, kt\u00f3re okre\u015blaj\u0105 status ksi\u0119gowego i jego obowi\u0105zki.Wyja\u015bnienia prezentowane s\u0105 w przyst\u0119pny spos\u00f3b, bazuj\u0105c na wielu praktycznych przyk\u0142adach. Publikacja pokazuje powi\u0105zania mi\u0119dzy planami finansowymi (w tym bud\u017cetem) \u2013 ewidencj\u0105 ksi\u0119gow\u0105 \u2013 sprawozdawczo\u015bci\u0105 (bud\u017cetow\u0105 i finansow\u0105) oraz klasyfikacj\u0105 bud\u017cetow\u0105. Sytuuje g\u0142\u00f3wnego ksi\u0119gowego, jako uczestnika szeregu procedur i mechanizm\u00f3w, realizowanych<br \/>\nw podmiotach sektora publicznego (np. tworzenie plan\u00f3w finansowych, dokonywanie w nich zmian, ustalanie polityki rachunkowo\u015bci, inwentaryzacja maj\u0105tku, tworzenie systemu kontroli zarz\u0105dczej, kontrasygnata, wykonywanie kontroli wewn\u0119trznej, centralizacja rozliczenia podatku VAT w JST).<\/p>\n<p>Poprzez wskazan\u0105 powy\u017cej perspektyw\u0119 i zakres poruszanych zagadnie\u0144 ksi\u0105\u017cka stanowi \u201eswoist\u0105\u201d map\u0119 drogow\u0105 prowadz\u0105c\u0105 g\u0142\u00f3wnego ksi\u0119gowego jednostki sektora finans\u00f3w publicznych przez cz\u0119sto pogmatwane \u015bcie\u017cki wyznaczane przez rozbudowane regulacje prawne opisuj\u0105ce obowi\u0105zki podmiot\u00f3w publicznych.<\/p>\n","protected":false},"excerpt":{"rendered":"<p>Redakcja: Kaczurak-Kozak Monika, Rotkiewicz Marek, Walczak Piotr Wydawca: C.H. Beck [&hellip;]<\/p>\n","protected":false},"featured_media":8692,"template":"","meta":[],"product_brand":[],"product_cat":[19,7500,23],"product_tag":[472,1358,1496],"class_list":{"0":"post-8691","1":"product","2":"type-product","3":"status-publish","4":"has-post-thumbnail","6":"product_cat-finanse-i-prawo-finansowe","7":"product_cat-finanse-publiczne","8":"product_cat-rachunkowosc","9":"product_tag-finanse-publiczne","10":"product_tag-ksiegowosc","11":"product_tag-rachunkowosc","13":"first","14":"outofstock","15":"sale","16":"shipping-taxable","17":"purchasable","18":"product-type-simple"},"_links":{"self":[{"href":"https:\/\/ksiegarnia-akademicka.pl\/index.php\/wp-json\/wp\/v2\/product\/8691","targetHints":{"allow":["GET"]}}],"collection":[{"href":"https:\/\/ksiegarnia-akademicka.pl\/index.php\/wp-json\/wp\/v2\/product"}],"about":[{"href":"https:\/\/ksiegarnia-akademicka.pl\/index.php\/wp-json\/wp\/v2\/types\/product"}],"wp:featuredmedia":[{"embeddable":true,"href":"https:\/\/ksiegarnia-akademicka.pl\/index.php\/wp-json\/wp\/v2\/media\/8692"}],"wp:attachment":[{"href":"https:\/\/ksiegarnia-akademicka.pl\/index.php\/wp-json\/wp\/v2\/media?parent=8691"}],"wp:term":[{"taxonomy":"product_brand","embeddable":true,"href":"https:\/\/ksiegarnia-akademicka.pl\/index.php\/wp-json\/wp\/v2\/product_brand?post=8691"},{"taxonomy":"product_cat","embeddable":true,"href":"https:\/\/ksiegarnia-akademicka.pl\/index.php\/wp-json\/wp\/v2\/product_cat?post=8691"},{"taxonomy":"product_tag","embeddable":true,"href":"https:\/\/ksiegarnia-akademicka.pl\/index.php\/wp-json\/wp\/v2\/product_tag?post=8691"}],"curies":[{"name":"wp","href":"https:\/\/api.w.org\/{rel}","templated":true}]}}