{"id":8663,"date":"2018-10-06T09:13:20","date_gmt":"2018-10-06T07:13:20","guid":{"rendered":"http:\/\/ksiegarnia-akademicka.pl\/?post_type=product&#038;p=8663"},"modified":"2025-10-03T15:48:34","modified_gmt":"2025-10-03T13:48:34","slug":"atlas-anatomii-czlowieka-angielskie-mianownictwo-anatomiczne-2","status":"publish","type":"product","link":"https:\/\/ksiegarnia-akademicka.pl\/index.php\/product\/atlas-anatomii-czlowieka-angielskie-mianownictwo-anatomiczne-2\/","title":{"rendered":"Atlas anatomii cz\u0142owieka Angielskie mianownictwo anatomiczne"},"content":{"rendered":"<p>Autor:<br \/>\nFrank H. Netter<br \/>\nRedakcja: Ciszek Bogdan<br \/>\nT\u0142umacze: Ma\u015blanka Mateusz<br \/>\nWydawca: Edra Urban &amp; Partner<br \/>\nOprawa: Mi\u0119kka<br \/>\nFormat: 22.0&#215;28.5cm<br \/>\nLiczba stron: 704<br \/>\nWydanie: 6<br \/>\nRok wydania: 2022<br \/>\nJ\u0119zyk wydania: polski<\/p>\n<p>Atlas anatomii cz\u0142owieka z angielskim mianownictwem anatomicznym to szczeg\u00f3lnie cenna pomoc dydaktyczna dla student\u00f3w kierunku lekarskiego, lekarsko-dentystycznego, fizjoterapii, ratownictwa medycznego, pielegniarstwa i po\u0142o\u017cnictwa oraz praktykuj\u0105cych lekarzy.<\/p>\n<p>W nowym wydaniu Atlasu m.in.:<\/p>\n<p>531 tablic anatomicznych<br \/>\nnajbardziej aktualne angielskie mianownictwo anatomiczne<br \/>\nnowe obrazy radiologiczne<br \/>\nna ko\u0144cu ka\u017cdego rozdzia\u0142u tablice z wykazem mi\u0119\u015bni omawianego obszaru<br \/>\nszczeg\u00f3\u0142owy skorowidz angielsko-polski i polsko-angielski<\/p>\n","protected":false},"excerpt":{"rendered":"<p>Autor: Frank H. Netter Redakcja: Ciszek Bogdan T\u0142umacze: Ma\u015blanka Mateusz [&hellip;]<\/p>\n","protected":false},"featured_media":8664,"template":"","meta":[],"product_brand":[],"product_cat":[7963,7493,44],"product_tag":[4943,6151,8134],"class_list":{"0":"post-8663","1":"product","2":"type-product","3":"status-publish","4":"has-post-thumbnail","6":"product_cat-anatomia","7":"product_cat-medycyna","8":"product_cat-nauki-medyczne","9":"product_tag-anatomia-czlowieka","10":"product_tag-atlas-anatomii","11":"product_tag-netter","13":"first","14":"instock","15":"sale","16":"shipping-taxable","17":"purchasable","18":"product-type-simple"},"_links":{"self":[{"href":"https:\/\/ksiegarnia-akademicka.pl\/index.php\/wp-json\/wp\/v2\/product\/8663","targetHints":{"allow":["GET"]}}],"collection":[{"href":"https:\/\/ksiegarnia-akademicka.pl\/index.php\/wp-json\/wp\/v2\/product"}],"about":[{"href":"https:\/\/ksiegarnia-akademicka.pl\/index.php\/wp-json\/wp\/v2\/types\/product"}],"wp:featuredmedia":[{"embeddable":true,"href":"https:\/\/ksiegarnia-akademicka.pl\/index.php\/wp-json\/wp\/v2\/media\/8664"}],"wp:attachment":[{"href":"https:\/\/ksiegarnia-akademicka.pl\/index.php\/wp-json\/wp\/v2\/media?parent=8663"}],"wp:term":[{"taxonomy":"product_brand","embeddable":true,"href":"https:\/\/ksiegarnia-akademicka.pl\/index.php\/wp-json\/wp\/v2\/product_brand?post=8663"},{"taxonomy":"product_cat","embeddable":true,"href":"https:\/\/ksiegarnia-akademicka.pl\/index.php\/wp-json\/wp\/v2\/product_cat?post=8663"},{"taxonomy":"product_tag","embeddable":true,"href":"https:\/\/ksiegarnia-akademicka.pl\/index.php\/wp-json\/wp\/v2\/product_tag?post=8663"}],"curies":[{"name":"wp","href":"https:\/\/api.w.org\/{rel}","templated":true}]}}