{"id":8656,"date":"2018-10-04T14:33:31","date_gmt":"2018-10-04T12:33:31","guid":{"rendered":"http:\/\/ksiegarnia-akademicka.pl\/?post_type=product&#038;p=8656"},"modified":"2025-02-26T12:10:52","modified_gmt":"2025-02-26T11:10:52","slug":"immunologia","status":"publish","type":"product","link":"https:\/\/ksiegarnia-akademicka.pl\/index.php\/product\/immunologia\/","title":{"rendered":"Immunologia"},"content":{"rendered":"<p>Autor:<br \/>\nWitold Lasek<br \/>\nJakub Go\u0142\u0105b<br \/>\nRedakcja: Go\u0142\u0105b Jakub, Lasek Witold, Nowis Dominika, Stok\u0142osa Tomasz<br \/>\nWydawca: Wydawnictwo Naukowe PWN<br \/>\nOprawa: Mi\u0119kka<br \/>\nFormat: 20.5&#215;28.5cm<br \/>\nLiczba stron: 556<br \/>\nWydanie: 8<br \/>\nRok wydania: 2024<br \/>\nJ\u0119zyk wydania: polski<\/p>\n<p>W nowym, \u00f3smym ju\u017c wydaniu podr\u0119cznika Immunologia przedstawiono najbardziej aktualne osi\u0105gni\u0119cia w zakresie wiedzy o uk\u0142adzie odporno\u015bciowym. Zosta\u0142y w nim om\u00f3wione zagadnienia og\u00f3lne, dotycz\u0105ce podstawowych mechanizm\u00f3w funkcjonowania uk\u0142adu odporno\u015bciowego oraz powi\u0105zania tego uk\u0142adu z innymi uk\u0142adami, mi\u0119dzy innymi z uk\u0142adem pokarmowym, o\u015brodkowym uk\u0142adem nerwowym i uk\u0142adem rozrodczym. W\u0142\u0105czone s\u0105 r\u00f3wnie\u017c rozdzia\u0142y z dziedziny immunologii klinicznej i immunopatologii.<br \/>\nPodr\u0119cznik zyska\u0142 nowych autor\u00f3w, specjalist\u00f3w z danej dziedziny. Wszystkie rozdzia\u0142y zaktualizowano o najnowsze odkrycia w dziedzinie immunologii. Przedstawiono w nich zar\u00f3wno najnowocze\u015bniejsze terapie wielu chor\u00f3b, kt\u00f3re wr\u0119cz zrewolucjonizowa\u0142y wsp\u00f3\u0142czesn\u0105 medycyn\u0119, jak i nowe zastosowania wiedzy o uk\u0142adzie odporno\u015bciowym w diagnostyce i badaniach naukowych.<br \/>\nNowo\u015bci\u0105 w tym wydaniu s\u0105 r\u00f3wnie\u017c ryciny, dzi\u0119ki kt\u00f3rym nauka immunologii stanie si\u0119 \u0142atwiejsza.<br \/>\nPublikacja przeznaczona jest przede wszystkim dla student\u00f3w medycyny, biologii i biotechnologii, mo\u017ce r\u00f3wnie\u017c s\u0142u\u017cy\u0107 do wzbogacenia wiedzy lekarzom medycyny wielu specjalno\u015bci, mi\u0119dzy innymi alergologom, hematologom, reumatologom, onkologom, dermatologom, a tak\u017ce lekarzom weterynarii. B\u0119dzie te\u017c cennym \u017ar\u00f3d\u0142em wiedzy dla naukowc\u00f3w, nie tylko immunolog\u00f3w, lecz tak\u017ce badaczy zajmuj\u0105cych si\u0119 szeroko poj\u0119tymi naukami o \u017cyciu \u2013 biologom, mikrobiologom, genetykom.<\/p>\n","protected":false},"excerpt":{"rendered":"<p>Autor: Witold Lasek Jakub Go\u0142\u0105b Redakcja: Go\u0142\u0105b Jakub, Lasek Witold, [&hellip;]<\/p>\n","protected":false},"featured_media":17624,"template":"","meta":[],"product_brand":[],"product_cat":[8069,7493],"product_tag":[7668,5723,6693],"class_list":{"0":"post-8656","1":"product","2":"type-product","3":"status-publish","4":"has-post-thumbnail","6":"product_cat-fizjologia","7":"product_cat-medycyna","8":"product_tag-alergologia","9":"product_tag-biologia-komorki","10":"product_tag-immunologia","12":"first","13":"instock","14":"sale","15":"shipping-taxable","16":"purchasable","17":"product-type-simple"},"_links":{"self":[{"href":"https:\/\/ksiegarnia-akademicka.pl\/index.php\/wp-json\/wp\/v2\/product\/8656","targetHints":{"allow":["GET"]}}],"collection":[{"href":"https:\/\/ksiegarnia-akademicka.pl\/index.php\/wp-json\/wp\/v2\/product"}],"about":[{"href":"https:\/\/ksiegarnia-akademicka.pl\/index.php\/wp-json\/wp\/v2\/types\/product"}],"wp:featuredmedia":[{"embeddable":true,"href":"https:\/\/ksiegarnia-akademicka.pl\/index.php\/wp-json\/wp\/v2\/media\/17624"}],"wp:attachment":[{"href":"https:\/\/ksiegarnia-akademicka.pl\/index.php\/wp-json\/wp\/v2\/media?parent=8656"}],"wp:term":[{"taxonomy":"product_brand","embeddable":true,"href":"https:\/\/ksiegarnia-akademicka.pl\/index.php\/wp-json\/wp\/v2\/product_brand?post=8656"},{"taxonomy":"product_cat","embeddable":true,"href":"https:\/\/ksiegarnia-akademicka.pl\/index.php\/wp-json\/wp\/v2\/product_cat?post=8656"},{"taxonomy":"product_tag","embeddable":true,"href":"https:\/\/ksiegarnia-akademicka.pl\/index.php\/wp-json\/wp\/v2\/product_tag?post=8656"}],"curies":[{"name":"wp","href":"https:\/\/api.w.org\/{rel}","templated":true}]}}