{"id":8651,"date":"2018-10-03T11:31:38","date_gmt":"2018-10-03T09:31:38","guid":{"rendered":"http:\/\/ksiegarnia-akademicka.pl\/?post_type=product&#038;p=8651"},"modified":"2022-12-03T09:26:05","modified_gmt":"2022-12-03T08:26:05","slug":"career-paths-law","status":"publish","type":"product","link":"https:\/\/ksiegarnia-akademicka.pl\/index.php\/product\/career-paths-law\/","title":{"rendered":"Career Paths Law"},"content":{"rendered":"<p>CAREER PATHS<br \/>\nAutor:<br \/>\nJohn Taylor<br \/>\nWydawca: Express Publishing<br \/>\nOprawa: Mi\u0119kka<br \/>\nFormat: 21.0&#215;29.0cm<br \/>\nLiczba stron: 40<br \/>\nRok wydania: 2011<\/p>\n<p>Law z serii Career Paths to publikacja przeznaczona dla os\u00f3b przygotowuj\u0105cych si\u0119 do pracy lub pracuj\u0105cych w zawodach prawniczych, pragn\u0105cych doskonali\u0107 znajomo\u015b\u0107 j\u0119zyka angielskiego w aspekcie zwi\u0105zanym z prac\u0105 zawodow\u0105. <\/p>\n<p>Career Paths to nowo\u015b\u0107 na polskim rynku wydawniczym. Rewelacyjna seria podr\u0119cznik\u00f3w dla os\u00f3b pragn\u0105cych pozna\u0107 j\u0119zyk angielski lub pog\u0142\u0119bi\u0107 jego znajomo\u015b\u0107 w celu podniesienia swoich kwalifikacji zawodowych. Seria ma docelowo liczy\u0107 24 cz\u0119\u015bci, z kt\u00f3rych ka\u017cda po\u015bwi\u0119cona b\u0119dzie innej specjalno\u015bci zawodowej.<br \/>\nKsi\u0105\u017cki s\u0105 nieocenion\u0105 pomoc\u0105 zar\u00f3wno dla student\u00f3w i pocz\u0105tkuj\u0105cych adept\u00f3w, jak i do\u015bwiadczonych praktyk\u00f3w danego zawodu. Mog\u0105 by\u0107 wykorzystane w technikach, szko\u0142ach zawodowych, uczelniach wy\u017cszych i na specjalistycznych kursach j\u0119zykowych. <\/p>\n<p>Publikacje z serii Career Paths pozwalaj\u0105 na zintegrowane rozwijanie czterech sprawno\u015bci j\u0119zykowych przy jednoczesnym poznawaniu i \u0107wiczeniu s\u0142ownictwa zwi\u0105zanego z dan\u0105 specjalno\u015bci\u0105 zawodow\u0105.<\/p>\n","protected":false},"excerpt":{"rendered":"<p>CAREER PATHS Autor: John Taylor Wydawca: Express Publishing Oprawa: Mi\u0119kka [&hellip;]<\/p>\n","protected":false},"featured_media":8652,"template":"","meta":[],"product_brand":[],"product_cat":[37],"product_tag":[336,1008],"class_list":{"0":"post-8651","1":"product","2":"type-product","3":"status-publish","4":"has-post-thumbnail","6":"product_cat-jezyki-obce","7":"product_tag-jezyk-angielski","8":"product_tag-prawo","10":"first","11":"outofstock","12":"sale","13":"shipping-taxable","14":"purchasable","15":"product-type-simple"},"_links":{"self":[{"href":"https:\/\/ksiegarnia-akademicka.pl\/index.php\/wp-json\/wp\/v2\/product\/8651","targetHints":{"allow":["GET"]}}],"collection":[{"href":"https:\/\/ksiegarnia-akademicka.pl\/index.php\/wp-json\/wp\/v2\/product"}],"about":[{"href":"https:\/\/ksiegarnia-akademicka.pl\/index.php\/wp-json\/wp\/v2\/types\/product"}],"wp:featuredmedia":[{"embeddable":true,"href":"https:\/\/ksiegarnia-akademicka.pl\/index.php\/wp-json\/wp\/v2\/media\/8652"}],"wp:attachment":[{"href":"https:\/\/ksiegarnia-akademicka.pl\/index.php\/wp-json\/wp\/v2\/media?parent=8651"}],"wp:term":[{"taxonomy":"product_brand","embeddable":true,"href":"https:\/\/ksiegarnia-akademicka.pl\/index.php\/wp-json\/wp\/v2\/product_brand?post=8651"},{"taxonomy":"product_cat","embeddable":true,"href":"https:\/\/ksiegarnia-akademicka.pl\/index.php\/wp-json\/wp\/v2\/product_cat?post=8651"},{"taxonomy":"product_tag","embeddable":true,"href":"https:\/\/ksiegarnia-akademicka.pl\/index.php\/wp-json\/wp\/v2\/product_tag?post=8651"}],"curies":[{"name":"wp","href":"https:\/\/api.w.org\/{rel}","templated":true}]}}