{"id":8614,"date":"2018-09-27T13:49:48","date_gmt":"2018-09-27T11:49:48","guid":{"rendered":"http:\/\/ksiegarnia-akademicka.pl\/?post_type=product&#038;p=8614"},"modified":"2018-09-27T13:49:48","modified_gmt":"2018-09-27T11:49:48","slug":"podstawy-immunologii","status":"publish","type":"product","link":"https:\/\/ksiegarnia-akademicka.pl\/index.php\/product\/podstawy-immunologii\/","title":{"rendered":"Podstawy immunologii"},"content":{"rendered":"<p>W\u0142odzimierz Ptak<br \/>\nMaria Ptak<br \/>\nMarian Szczepanik<br \/>\nWydawca: PZWL<br \/>\nOprawa: Mi\u0119kka<br \/>\nFormat: 16.4&#215;23.5<br \/>\nLiczba stron: 320<br \/>\nWydanie: 1<br \/>\nRok wydania: 2018<\/p>\n<p>W podr\u0119czniku w spos\u00f3b zwi\u0119z\u0142y i przyst\u0119pny om\u00f3wiono podstawowe zasady i mechanizmy dzia\u0142ania uk\u0142adu immunologicznego, ze szczeg\u00f3lnym uwzgl\u0119dnieniem mechanizm\u00f3w regulacyjnych. W\u0142a\u015bnie dysfunkcja tych mechanizm\u00f3w mo\u017ce prowadzi\u0107 do wielu zjawisk patologicznych. Autorzy uwzgl\u0119dnili w podr\u0119czniku najbardziej aktualne zagadnienia w tej nieustannie rozwijaj\u0105cej si\u0119 dziedzinie.<br \/>\nZrozumienie zagadnie\u0144 z zakresu immunologii u\u0142atwiaj\u0105 liczne schematy, ryciny i tabele.<br \/>\nPublikacja jest adresowana do student\u00f3w medycyny, farmacji, lekarzy oraz biolog\u00f3w.<\/p>\n","protected":false},"excerpt":{"rendered":"<p>W\u0142odzimierz Ptak Maria Ptak Marian Szczepanik Wydawca: PZWL Oprawa: Mi\u0119kka [&hellip;]<\/p>\n","protected":false},"featured_media":8615,"template":"","meta":[],"product_brand":[],"product_cat":[7493,44],"product_tag":[6693,269],"class_list":{"0":"post-8614","1":"product","2":"type-product","3":"status-publish","4":"has-post-thumbnail","6":"product_cat-medycyna","7":"product_cat-nauki-medyczne","8":"product_tag-immunologia","9":"product_tag-podrecznik-akademicki","11":"first","12":"instock","13":"sale","14":"shipping-taxable","15":"purchasable","16":"product-type-simple"},"_links":{"self":[{"href":"https:\/\/ksiegarnia-akademicka.pl\/index.php\/wp-json\/wp\/v2\/product\/8614","targetHints":{"allow":["GET"]}}],"collection":[{"href":"https:\/\/ksiegarnia-akademicka.pl\/index.php\/wp-json\/wp\/v2\/product"}],"about":[{"href":"https:\/\/ksiegarnia-akademicka.pl\/index.php\/wp-json\/wp\/v2\/types\/product"}],"wp:featuredmedia":[{"embeddable":true,"href":"https:\/\/ksiegarnia-akademicka.pl\/index.php\/wp-json\/wp\/v2\/media\/8615"}],"wp:attachment":[{"href":"https:\/\/ksiegarnia-akademicka.pl\/index.php\/wp-json\/wp\/v2\/media?parent=8614"}],"wp:term":[{"taxonomy":"product_brand","embeddable":true,"href":"https:\/\/ksiegarnia-akademicka.pl\/index.php\/wp-json\/wp\/v2\/product_brand?post=8614"},{"taxonomy":"product_cat","embeddable":true,"href":"https:\/\/ksiegarnia-akademicka.pl\/index.php\/wp-json\/wp\/v2\/product_cat?post=8614"},{"taxonomy":"product_tag","embeddable":true,"href":"https:\/\/ksiegarnia-akademicka.pl\/index.php\/wp-json\/wp\/v2\/product_tag?post=8614"}],"curies":[{"name":"wp","href":"https:\/\/api.w.org\/{rel}","templated":true}]}}