{"id":856,"date":"2018-05-22T12:42:18","date_gmt":"2018-05-22T10:42:18","guid":{"rendered":"http:\/\/ksiegarnia-akademicka.pl\/index.php\/product\/logistyka-w-przedsiebiorstwie-2\/"},"modified":"2019-01-04T16:42:43","modified_gmt":"2019-01-04T15:42:43","slug":"logistyka-w-przedsiebiorstwie-2","status":"publish","type":"product","link":"https:\/\/ksiegarnia-akademicka.pl\/index.php\/product\/logistyka-w-przedsiebiorstwie-2\/","title":{"rendered":"Logistyka w przedsi\u0119biorstwie"},"content":{"rendered":"<p>Skowronek Czes\u0142aw, Sarjusz-Wolski Zdzis\u0142aw Polskie Wydawnictwo Ekonomiczne 2012 wyd.5 zmienione <\/br><\/br><\/p>\n<p>Logistyka to sfera dzia\u0142alno\u015bci gospodarczej, kt&oacute;rej przedmiotem s\u0105<br \/>\nprzede wszystkim rzeczowe i&nbsp;informacyjne procesy przep\u0142ywu produkt&oacute;w<br \/>\nmaterialnych w&nbsp;przedsi\u0119biorstwie oraz&nbsp;mi\u0119dzy podmiotami gospodaruj\u0105cymi.<br \/>\n Strumienie przep\u0142ywu s\u0105 tym elementem, kt&oacute;ry \u0142\u0105czy og&oacute;\u0142 zjawisk<br \/>\ni&nbsp;proces&oacute;w logistycznych.<br \/>Zarz\u0105dzanie tymi procesami w&nbsp;ich<br \/>\nintegralnym rozumieniu to tak\u017ce domena logistyki. Logistyka jest<br \/>\njednocze\u015bnie dziedzin\u0105 wiedzy, kt&oacute;ra bada zjawiska i&nbsp;procesy zwi\u0105zane<br \/>\nz&nbsp;transportem, magazynowaniem, kszta\u0142towaniem zapas&oacute;w i&nbsp;innymi<br \/>\nczynno\u015bciami oraz&nbsp;dostarcza praktyce gospodarczej odpowiednich metod<br \/>\ni&nbsp;sposob&oacute;w sterowania tymi procesami.<br \/>Ostatnie lata przynios\u0142y<br \/>\nszerokie zainteresowanie nauki, a zw\u0142aszcza praktyki gospodarczej<br \/>\nproblematyk\u0105 logistyki. Globalizacja rynku towar&oacute;w i&nbsp;us\u0142ug<br \/>\noraz&nbsp;rewolucyjne zmiany w&nbsp;technice komunikowania si\u0119 wymuszaj\u0105<br \/>\nzapewnienie sprawno\u015bci fizycznych strumieni dostaw, kt&oacute;re s\u0105 warunkiem<br \/>\nzachowania wymaganej ci\u0105g\u0142o\u015bci proces&oacute;w gospodarczych.<br \/>Sprawno\u015b\u0107<br \/>\nproces&oacute;w logistycznych, wykorzystanie nowoczesnych instrument&oacute;w<br \/>\nsterowania tymi procesami, ekonomizacja dzia\u0142alno\u015bci i&nbsp;redukcja koszt&oacute;w<br \/>\nlogistycznych to niezb\u0119dne warunki zachowania pozycji rynkowej<br \/>\noraz&nbsp;uzyskania przewagi konkurencyjnej ka\u017cdej firmy.<br \/>Pi\u0105te wydanie<br \/>\n&bdquo;Logistyki w&nbsp;przedsi\u0119biorstwie&rdquo; &nbsp;ukazuje si\u0119 po szesnastu latach od<br \/>\nwydania pierwszego. By\u0142 to okres dynamicznych zmian w&nbsp;gospodarce,<br \/>\nzw\u0142aszcza \u015bwiatowej, wywieraj\u0105cych istotny wp\u0142yw tak\u017ce na procesy<br \/>\nlogistyczne. W roku 1995 pierwsze wydanie by\u0142o jedn\u0105 z&nbsp;pierwszych<br \/>\npublikacji, jakie ukaza\u0142y si\u0119 na polskim rynku wydawniczym, traktuj\u0105cych<br \/>\n o&nbsp;funkcjonowaniu proces&oacute;w logistycznych w&nbsp;przedsi\u0119biorstwie.<br \/>W<br \/>\nobecnym kszta\u0142cie ksi\u0105\u017cka sk\u0142ada si\u0119 z&nbsp;trzynastu rozdzia\u0142&oacute;w, w&nbsp;kt&oacute;rych<br \/>\nkolejno, w&nbsp;spos&oacute;b logiczny, zosta\u0142y om&oacute;wione podstawowe problemy<br \/>\nz&nbsp;zakresu logistyki w&nbsp;przedsi\u0119biorstwie. Dane przytaczane w&nbsp;ksi\u0105\u017cce<br \/>\ndotycz\u0105 2009 r. i&nbsp;zosta\u0142y zaczerpni\u0119te g\u0142&oacute;wnie z&nbsp;Rocznika Statystycznego<br \/>\n 2010, kt&oacute;ry ukaza\u0142 si\u0119 na pocz\u0105tku 2011 r. W polskiej gospodarce &mdash;<br \/>\nb\u0119d\u0105cej pod wp\u0142ywem gospodarki globalnej &mdash; w&nbsp;ostatnich latach zachodzi\u0142y<br \/>\n dynamiczne zmiany, \u015bwiatowy kryzys gospodarczy i&nbsp;finansowy lat<br \/>\n2008-2009 mia\u0142 swoje odbicie tak\u017ce w&nbsp;naszym kraju. Autorzy zwr&oacute;cili<br \/>\nuwag\u0119 na te zjawiska i&nbsp;zdarzenia, kt&oacute;re mia\u0142y zwi\u0105zek z&nbsp;logistyk\u0105.<br \/>&nbsp;<br \/>Tre\u015b\u0107<br \/>\n ksi\u0105\u017cki oraz&nbsp;koncepcja jej uj\u0119cia wskazuj\u0105, \u017ce nie&nbsp;jest to ani<br \/>\nklasyczna monografia, ani te\u017c wy\u0142\u0105cznie podr\u0119cznik akademicki. Ksi\u0105\u017cka<br \/>\nta ma pewne cechy obu wymienionych typ&oacute;w publikacji. Mo\u017ce by\u0107<br \/>\nwykorzystywana zar&oacute;wno przez&nbsp;student&oacute;w, zw\u0142aszcza kierunk&oacute;w ekonomii,<br \/>\nzarz\u0105dzania i&nbsp;marketingu wy\u017cszych uczelni wszystkich typ&oacute;w, jak i&nbsp;przez<br \/>\npraktyk&oacute;w gospodarczych.<\/p>\n<p>&nbsp;<\/p>\n<p><strong>SPIS TRE\u015aCI<\/strong><br \/><strong>&nbsp;<\/strong><br \/><strong>OD AUTOR&Oacute;W<\/strong><br \/><strong>&nbsp;<\/strong><br \/><strong>1. ISTOTA I PRZEDMIOT LOGISTYKI<\/strong><br \/>1.1. Poj\u0119cie i&nbsp;istota logistyki<br \/>1.2. Powstanie i&nbsp;Rozw&oacute;j logistyki<br \/>1.3. Strumienie oraz&nbsp;zasoby rzeczowe i&nbsp;informacyjne jako przedmiot logistyki<br \/>1.4. Mikro- i&nbsp;makroekonomiczna tre\u015b\u0107 logistyki<br \/>&nbsp; <br \/><strong>2. ROLA LOGISTYKI W KSZTA\u0141TOWANIU EKONOMIKI PRZEDSI\u0118BIORSTWA<\/strong><br \/>2.1. Logistyka i&nbsp;jej zwi\u0105zek z&nbsp;celami przedsi\u0119biorstwa<br \/>2.2. Logistyka &mdash; wsparciem strategii przedsi\u0119biorstwa<br \/>2.3. Logistyka a p\u0142ynno\u015b\u0107 finansowa przedsi\u0119biorstwa<br \/>2.4. Logistyka a efektywno\u015b\u0107 przedsi\u0119biorstwa<br \/>&nbsp;<br \/><strong>3. MAKROEKONOMICZNE UWARUNKOWANIA PROCES&Oacute;W LOGISTYCZNYCH W PRZEDSI\u0118BIORSTWIE<\/strong><br \/>3.1. Makroekonomiczne problemy polskiej gospodarki i&nbsp;logistyki<br \/>3.1.1. Polska w&nbsp;Unii Europejskiej<br \/>3.1.2. Finanse publiczne<br \/>3.1.3. Sektor przedsi\u0119biorstw<br \/>3.1.4. Skutki dla&nbsp;logistyki<br \/>3.2. Rynek a procesy logistyczne<br \/>3.3. System zarz\u0105dzania a procesy logistyczne<br \/>3.4. Bezpo\u015brednie instrumenty oddzia\u0142ywania pa\u0144stwa na procesy logistyczne<br \/>3.5. Struktura podmiotowa gospodarki a procesy logistyczne<br \/>3.6. Poziom i&nbsp;struktura zapas&oacute;w rzeczowych<br \/>3.7. Wyzwania informacyjne a logistyka w&nbsp;przedsi\u0119biorstwie (e-gospodarka)<br \/>&nbsp;<br \/><strong>4. INFRASTRUKTURA PROCES&Oacute;W LOGISTYCZNYCH<\/strong><br \/>4.1. Poj\u0119cie infrastruktury proces&oacute;w logistycznych<br \/>4.2. Infrastruktura transportowa<br \/>4.3. Infrastruktura magazynowa i&nbsp;manipulacyjna<br \/>4.4. Opakowania jako sk\u0142adnik proces&oacute;w logistycznych<br \/>4.5. Infrastruktura informatyczna<br \/>&nbsp;<br \/><strong>5. PROCESY LOGISTYCZNE W PRZEDSI\u0118BIORSTWIE<\/strong><br \/>5.1. Typy przedsi\u0119biorstw z&nbsp;punktu widzenia logistyki<br \/>5.2. Podsystemy logistyczne przedsi\u0119biorstw<br \/>5.3. Strumienie przep\u0142yw&oacute;w rzeczowych i&nbsp;informacyjnych<br \/>5.4. Struktura przep\u0142yw&oacute;w rzeczowych<br \/>5.5. Logistyka w&nbsp;strukturach zarz\u0105dzania przedsi\u0119biorstwem<br \/>5.6. Przedsi\u0119biorstwo logistyczne<br \/>5.7. Centra logistyczne<br \/>&nbsp;<br \/><strong>6. PROCESY MAGAZYNOWANIA, MANIPULACJI I TRANSPORTU WEWN\u0118TRZNEGO W PRZEDSI\u0118BIORSTWIE<\/strong><br \/>6.1. Rola i&nbsp;funkcje magazynowania, manipulacji i&nbsp;transportu wewn\u0119trznego w&nbsp;przedsi\u0119biorstwie<br \/>6.2. Organizacja proces&oacute;w magazynowych<br \/>6.3. Systemy informatyczne<br \/>6.4. Projektowanie transportu wewn\u0119trznego<br \/>&nbsp;<br \/><strong>7. STEROWANIE PROCESAMI ZAKUPU<\/strong><br \/>7.1. Znaczenie proces&oacute;w zakupu<br \/>7.2. Podstawowe funkcje proces&oacute;w zakupu<br \/>7.2.1. Identyfikacja funkcji<br \/>7.2.2. Baza informacyjna proces&oacute;w zakupu<br \/>7.3. Planowanie potrzeb materia\u0142owych<br \/>7.3.1. Rodzaje potrzeb (popytu)<br \/>7.3.2. Sprz\u0119\u017cenia informacyjne w&nbsp;planowaniu potrzeb materia\u0142owych<br \/>7.3.3. System planowania potrzeb materia\u0142owych (MRP)<br \/>7.4. Wyb&oacute;r \u017ar&oacute;de\u0142 zakupu<br \/>7.5. Organizacja dostaw<br \/>7.6. Przypadki szczeg&oacute;lne w&nbsp;fazie zakup&oacute;w<br \/>7.6.1. Opusty cenowe<br \/>7.6.2. Czynnik inflacji w&nbsp;polityce zakup&oacute;w<br \/>7.6.3. Zakupy w&nbsp;sytuacji nieci\u0105g\u0142o\u015bci potrzeb<br \/>7.6.4. Zarz\u0105dzanie zakupami w&nbsp;przypadku gdy koszty tworzenia zapas&oacute;w ponosi dostawca<br \/>&nbsp;<br \/><strong>8. LOGISTYKA PROCES&Oacute;W PRODUKCJI<\/strong><br \/>8.1. Typowe modele przep\u0142yw&oacute;w produkcji<br \/>8.2. Sterowanie przep\u0142ywami produkcji w&nbsp;r&oacute;\u017cnych typach produkcji<br \/>8.3. Nowoczesne metody sterowania przep\u0142ywami produkcji<br \/>8.4. Optymalna partia produkcji<br \/>&nbsp;<br \/><strong>9. LOGISTYKA PROCES&Oacute;W DYSTRYBUCJI<\/strong><br \/>9.1. Zakres i&nbsp;przedmiot logistyki proces&oacute;w dystrybucji<br \/>9.2. Prognozowanie popytu<br \/>9.2.1. Podstawowe modele (metody) prognozowania popytu<br \/>9.2.2. Prognozowanie popytu z&nbsp;wykorzystaniem modeli adaptacyjnych<br \/>9.2.3. Prognozowanie przyczynowo-skutkowe<br \/>9.2.4. Prognozowanie intuicyjne<br \/>9.3. Kana\u0142y dystrybucji<br \/>9.4. Warianty organizacji proces&oacute;w dystrybucji<br \/>9.4.1. Eliminacja ogniw po\u015brednich<br \/>9.4.2. Lokalizacja hurtowni<br \/>9.4.3. Przyk\u0142ady nowoczesnych system&oacute;w dystrybucji<br \/>9.4.4. Optymalizacja powi\u0105za\u0144 transportowych<br \/>&nbsp;<br \/><strong>10. STEROWANIE ZAPASAMI W PROCESACH LOGISTYCZNYCH<\/strong><br \/>10.1. Istota, funkcje i&nbsp;czynniki kszta\u0142towania zapas&oacute;w<br \/>10.2. Struktura zapas&oacute;w i&nbsp;ich podatno\u015b\u0107 na sterowanie<br \/>10.3. Metody (modele) sterowania zapasami<br \/>10.4. Wybrane decyzje logistyczne w&nbsp;sferze zapas&oacute;w<br \/>10.4.1. Sterowanie zapasami w&nbsp;warunkach ograniczonego kapita\u0142u obrotowego<br \/>10.4.2. Uwzgl\u0119dnianie kosztu braku zapasu<br \/>10.4.3. Dwuszczeblowe sterowanie zapasami<br \/>&nbsp; <br \/><strong>11. KOSZTY LOGISTYCZNE<\/strong><br \/>11.1. Poj\u0119cie i&nbsp;zakres koszt&oacute;w logistycznych<br \/>11.2. Przekroje strukturalne koszt&oacute;w logistycznych<br \/>11.3. Czynniki kszta\u0142towania i&nbsp;redukcji koszt&oacute;w logistycznych<br \/>11.3.1. Charakterystyka i&nbsp;podzia\u0142 czynnik&oacute;w<br \/>11.3.2. Koszty fizycznego przep\u0142ywu materia\u0142&oacute;w<br \/>11.3.3. Koszty zapas&oacute;w<br \/>11.3.4. Koszty proces&oacute;w informacyjnych<br \/>11.4. Poziom i&nbsp;struktura koszt&oacute;w logistycznych<br \/>11.5. Bud\u017cetowanie koszt&oacute;w logistycznych<br \/>&nbsp;<br \/><strong>12. ANALIZA EKONOMICZNA PROCES&Oacute;W LOGISTYCZNYCH<\/strong><br \/>12.1. Przedmiot analizy<br \/>12.2. Metody analizy<br \/>12.3. Analiza proces&oacute;w zakupu<br \/>12.3.1. Zakres analizy<br \/>12.3.2. Analiza wielko\u015bci, dynamiki i&nbsp;struktury zakupu<br \/>12.3.3. Analiza wp\u0142ywu cen zakupu na koszty dzia\u0142alno\u015bci<br \/>12.3.4. Analiza organizacji proces&oacute;w zakupu w&nbsp;przedsi\u0119biorstwie<br \/>12.4. Analiza zapas&oacute;w<br \/>12.4.1. Analiza wielko\u015bci i&nbsp;struktury zapas&oacute;w<br \/>12.4.2. Wska\u017aniki produktywno\u015bci zapas&oacute;w<br \/>12.5. Analiza proces&oacute;w magazynowych<br \/>12.6. Analiza proces&oacute;w sprzeda\u017cy<br \/>12.7. Analiza koszt&oacute;w logistycznych<br \/>12.7.1. Przedmiot analizy<br \/>12.7.2. Analiza wst\u0119pna koszt&oacute;w logistycznych<br \/>12.7.3. Analiza szczeg&oacute;\u0142owa koszt&oacute;w logistycznych<br \/>12.8. Analiza wp\u0142ywu proces&oacute;w logistycznych na rentowno\u015b\u0107<br \/>&nbsp;<br \/><strong>13. PODSTAWOWE TENDENCJE ROZWOJOWE LOGISTYKI<\/strong><br \/>13.1. Nowe zjawiska w&nbsp;gospodarce europejskiej i&nbsp;\u015awiatowej oraz&nbsp;ich wp\u0142yw na logistyk\u0119<br \/>13.2. Rozw&oacute;j eurologistyki<br \/>13.3. Rozw&oacute;j logistyki w&nbsp;przedsi\u0119biorstwach<br \/>13.4. Rozw&oacute;j system&oacute;w informacyjnych logistyki<br \/>13.4.1. Podstawowe funkcje informacyjne<br \/>13.4.2. Kompleksowe programy komputerowe<br \/>13.4.3. Tendencje rozwojowe system&oacute;w informatycznych<br \/>&nbsp;<br \/><strong>BIBLIOGRAFIA<\/strong><\/p>\n<p><\/br><\/br>pozycja dost\u0119pna<\/p>\n","protected":false},"excerpt":{"rendered":"<p>Skowronek Czes\u0142aw, Sarjusz-Wolski Zdzis\u0142aw Polskie Wydawnictwo Ekonomiczne 2012 wyd.5 zmienione [&hellip;]<\/p>\n","protected":false},"featured_media":10074,"template":"","meta":[],"product_brand":[],"product_cat":[7517,31],"product_tag":[2205,502,2206,503],"class_list":{"0":"post-856","1":"product","2":"type-product","3":"status-publish","4":"has-post-thumbnail","6":"product_cat-logistyka","7":"product_cat-przedsiebiorstwo","8":"product_tag-infrastruktura-procesow-logistycznych","9":"product_tag-logistyka","10":"product_tag-logistyka-procesow-produkcji","11":"product_tag-procesy-logistyczne","13":"first","14":"instock","15":"sale","16":"shipping-taxable","17":"purchasable","18":"product-type-simple"},"_links":{"self":[{"href":"https:\/\/ksiegarnia-akademicka.pl\/index.php\/wp-json\/wp\/v2\/product\/856","targetHints":{"allow":["GET"]}}],"collection":[{"href":"https:\/\/ksiegarnia-akademicka.pl\/index.php\/wp-json\/wp\/v2\/product"}],"about":[{"href":"https:\/\/ksiegarnia-akademicka.pl\/index.php\/wp-json\/wp\/v2\/types\/product"}],"wp:featuredmedia":[{"embeddable":true,"href":"https:\/\/ksiegarnia-akademicka.pl\/index.php\/wp-json\/wp\/v2\/media\/10074"}],"wp:attachment":[{"href":"https:\/\/ksiegarnia-akademicka.pl\/index.php\/wp-json\/wp\/v2\/media?parent=856"}],"wp:term":[{"taxonomy":"product_brand","embeddable":true,"href":"https:\/\/ksiegarnia-akademicka.pl\/index.php\/wp-json\/wp\/v2\/product_brand?post=856"},{"taxonomy":"product_cat","embeddable":true,"href":"https:\/\/ksiegarnia-akademicka.pl\/index.php\/wp-json\/wp\/v2\/product_cat?post=856"},{"taxonomy":"product_tag","embeddable":true,"href":"https:\/\/ksiegarnia-akademicka.pl\/index.php\/wp-json\/wp\/v2\/product_tag?post=856"}],"curies":[{"name":"wp","href":"https:\/\/api.w.org\/{rel}","templated":true}]}}