{"id":8554,"date":"2018-09-07T09:49:58","date_gmt":"2018-09-07T07:49:58","guid":{"rendered":"http:\/\/ksiegarnia-akademicka.pl\/?post_type=product&#038;p=8554"},"modified":"2020-02-14T09:32:07","modified_gmt":"2020-02-14T08:32:07","slug":"kodeks-pracy-przepisy","status":"publish","type":"product","link":"https:\/\/ksiegarnia-akademicka.pl\/index.php\/product\/kodeks-pracy-przepisy\/","title":{"rendered":"Kodeks pracy Przepisy"},"content":{"rendered":"<p>Wolters Kluwer<br \/>\nOprawa: Mi\u0119kka<br \/>\nFormat: 12.0&#215;17.0cm<br \/>\nLiczba stron: 240<br \/>\nWydanie: 42<br \/>\nRok wydania: 2020<\/p>\n<p>Stan prawny na: 24.01.2020 r.<\/p>\n<p>Najnowsze 42. wydanie ksi\u0105\u017cki zawiera ujednolicony tekst kodeksu, uwzgl\u0119dniaj\u0105cy m.in. zmian\u0119 wynikaj\u0105c\u0105 z ustawy z 31 lipca 2019 r. o zmianie niekt\u00f3rych ustaw w celu ograniczenia obci\u0105\u017ce\u0144 regulacyjnych (Dz.U. poz. 1495).<br \/>\nW publikacji zamieszczono skorowidz przedmiotowy u\u0142atwiaj\u0105cy odnalezienie poszczeg\u00f3lnych instytucji, a zaakcentowane kolorowym t\u0142em tytu\u0142y przed artyku\u0142ami Kodeksu pracy obja\u015bniaj\u0105 ich sens.<br \/>\nPublikacja jest przeznaczona dla os\u00f3b, kt\u00f3rym niezb\u0119dna jest znajomo\u015b\u0107 przepis\u00f3w z zakresu prawa pracy, a tak\u017ce student\u00f3w.<\/p>\n","protected":false},"excerpt":{"rendered":"<p>Wolters Kluwer Oprawa: Mi\u0119kka Format: 12.0&#215;17.0cm Liczba stron: 240 Wydanie: [&hellip;]<\/p>\n","protected":false},"featured_media":12267,"template":"","meta":[],"product_brand":[],"product_cat":[18,7550],"product_tag":[794,793,2596],"class_list":{"0":"post-8554","1":"product","2":"type-product","3":"status-publish","4":"has-post-thumbnail","6":"product_cat-prawo","7":"product_cat-prawo-pracy","8":"product_tag-kodeks-pracy","9":"product_tag-prawo-pracy","10":"product_tag-teksty-ustaw","12":"first","13":"instock","14":"sale","15":"shipping-taxable","16":"purchasable","17":"product-type-simple"},"_links":{"self":[{"href":"https:\/\/ksiegarnia-akademicka.pl\/index.php\/wp-json\/wp\/v2\/product\/8554","targetHints":{"allow":["GET"]}}],"collection":[{"href":"https:\/\/ksiegarnia-akademicka.pl\/index.php\/wp-json\/wp\/v2\/product"}],"about":[{"href":"https:\/\/ksiegarnia-akademicka.pl\/index.php\/wp-json\/wp\/v2\/types\/product"}],"wp:featuredmedia":[{"embeddable":true,"href":"https:\/\/ksiegarnia-akademicka.pl\/index.php\/wp-json\/wp\/v2\/media\/12267"}],"wp:attachment":[{"href":"https:\/\/ksiegarnia-akademicka.pl\/index.php\/wp-json\/wp\/v2\/media?parent=8554"}],"wp:term":[{"taxonomy":"product_brand","embeddable":true,"href":"https:\/\/ksiegarnia-akademicka.pl\/index.php\/wp-json\/wp\/v2\/product_brand?post=8554"},{"taxonomy":"product_cat","embeddable":true,"href":"https:\/\/ksiegarnia-akademicka.pl\/index.php\/wp-json\/wp\/v2\/product_cat?post=8554"},{"taxonomy":"product_tag","embeddable":true,"href":"https:\/\/ksiegarnia-akademicka.pl\/index.php\/wp-json\/wp\/v2\/product_tag?post=8554"}],"curies":[{"name":"wp","href":"https:\/\/api.w.org\/{rel}","templated":true}]}}