{"id":8546,"date":"2018-09-07T09:22:14","date_gmt":"2018-09-07T07:22:14","guid":{"rendered":"http:\/\/ksiegarnia-akademicka.pl\/?post_type=product&#038;p=8546"},"modified":"2018-09-07T09:22:14","modified_gmt":"2018-09-07T07:22:14","slug":"czy-mozna-uratowac-europe","status":"publish","type":"product","link":"https:\/\/ksiegarnia-akademicka.pl\/index.php\/product\/czy-mozna-uratowac-europe\/","title":{"rendered":"Czy mo\u017cna uratowa\u0107 Europ\u0119?"},"content":{"rendered":"<p>Thomas Piketty<br \/>\nWydawca: Wydawnictwo Krytyki Politycznej<br \/>\nOprawa: Twarda<br \/>\nFormat: 15.0&#215;21.5cm<br \/>\nLiczba stron: 288<br \/>\nWydanie: 1<br \/>\nRok wydania: 2016<\/p>\n<p>Thomas Piketty, bodaj najg\u0142o\u015bniejszy ekonomista ostatnich lat, to nie tylko wnikliwy badacz wielkich zjawisk gospodarczych, ale te\u017c uwa\u017cny obserwator spo\u0142ecze\u0144stwa we Francji i ca\u0142ej Europie.<br \/>\nW b\u0142yskotliwych felietonach publikowanych na przestrzeni kilku lat w dzienniku \u201eLib\u00e9ration\u201d autor Kapita\u0142u w XXI wieku analizuje skutki \u015bwiatowego kryzysu gospodarczego, problemy reform emerytalnych, przes\u0142anki stoj\u0105ce za dzia\u0142aniami rz\u0105d\u00f3w i programami partii politycznych, tajemnice podatku w\u0119glowego i deklaracji podatkowych europejskich bogaczy.<br \/>\nPiketty to jeden z tych intelektualist\u00f3w, kt\u00f3rzy daj\u0105 nam narz\u0119dzia do przemy\u015blenia na nowo projektu demokracji spo\u0142ecznej. W niniejszej ksi\u0105\u017cce przekonuje nas, \u017ce my, Europejczycy, powinni\u015bmy wraz z nim zada\u0107 sobie by\u0107 mo\u017ce najwa\u017cniejsze pytanie, przed kt\u00f3rym stoimy: czy mo\u017cna uratowa\u0107 (socjaldemokratyczn\u0105) Europ\u0119?<\/p>\n","protected":false},"excerpt":{"rendered":"<p>Thomas Piketty Wydawca: Wydawnictwo Krytyki Politycznej Oprawa: Twarda Format: 15.0&#215;21.5cm [&hellip;]<\/p>\n","protected":false},"featured_media":8547,"template":"","meta":[],"product_brand":[],"product_cat":[17,38,7498],"product_tag":[71,4546,3402],"class_list":{"0":"post-8546","1":"product","2":"type-product","3":"status-publish","4":"has-post-thumbnail","6":"product_cat-ekonomia","7":"product_cat-historia","8":"product_cat-teoria-ekonomii","9":"product_tag-historia","10":"product_tag-historia-ekonomii","11":"product_tag-teoria-ekonomii","13":"first","14":"instock","15":"sale","16":"shipping-taxable","17":"purchasable","18":"product-type-simple"},"_links":{"self":[{"href":"https:\/\/ksiegarnia-akademicka.pl\/index.php\/wp-json\/wp\/v2\/product\/8546","targetHints":{"allow":["GET"]}}],"collection":[{"href":"https:\/\/ksiegarnia-akademicka.pl\/index.php\/wp-json\/wp\/v2\/product"}],"about":[{"href":"https:\/\/ksiegarnia-akademicka.pl\/index.php\/wp-json\/wp\/v2\/types\/product"}],"wp:featuredmedia":[{"embeddable":true,"href":"https:\/\/ksiegarnia-akademicka.pl\/index.php\/wp-json\/wp\/v2\/media\/8547"}],"wp:attachment":[{"href":"https:\/\/ksiegarnia-akademicka.pl\/index.php\/wp-json\/wp\/v2\/media?parent=8546"}],"wp:term":[{"taxonomy":"product_brand","embeddable":true,"href":"https:\/\/ksiegarnia-akademicka.pl\/index.php\/wp-json\/wp\/v2\/product_brand?post=8546"},{"taxonomy":"product_cat","embeddable":true,"href":"https:\/\/ksiegarnia-akademicka.pl\/index.php\/wp-json\/wp\/v2\/product_cat?post=8546"},{"taxonomy":"product_tag","embeddable":true,"href":"https:\/\/ksiegarnia-akademicka.pl\/index.php\/wp-json\/wp\/v2\/product_tag?post=8546"}],"curies":[{"name":"wp","href":"https:\/\/api.w.org\/{rel}","templated":true}]}}