{"id":8524,"date":"2018-09-06T09:29:50","date_gmt":"2018-09-06T07:29:50","guid":{"rendered":"http:\/\/ksiegarnia-akademicka.pl\/?post_type=product&#038;p=8524"},"modified":"2018-09-06T09:29:50","modified_gmt":"2018-09-06T07:29:50","slug":"narkotyki-dopalacze-nowe-srodki-psychoaktywne-co-warto-wiedziec-jak-chronic-dzieci-i-mlodziez","status":"publish","type":"product","link":"https:\/\/ksiegarnia-akademicka.pl\/index.php\/product\/narkotyki-dopalacze-nowe-srodki-psychoaktywne-co-warto-wiedziec-jak-chronic-dzieci-i-mlodziez\/","title":{"rendered":"Narkotyki, dopalacze, nowe \u015brodki psychoaktywne Co warto wiedzie\u0107? Jak chroni\u0107 dzieci i m\u0142odzie\u017c?"},"content":{"rendered":"<p>J\u0119drzejko Mariusz Z., Bia\u0142as Tomasz, Sta\u015bczak Zbigniew<br \/>\nWydawca: Aspra<br \/>\nOprawa: Mi\u0119kka<br \/>\nFormat: 18.0&#215;21.2<br \/>\nLiczba stron: 272<br \/>\nRok wydania: 2018<\/p>\n<p>Prac\u0119 t\u0119 wyr\u00f3\u017cnia \u2013 od innych prac na temat narkotyk\u00f3w \u2013 umiej\u0119tne wszczepienie naukowych kwestii w popularny charakter ksi\u0105\u017cki, wyj\u0105tkowo\u015b\u0107 uk\u0142adu i wizualizacja tre\u015bci, klarowno\u015b\u0107 i jasno\u015b\u0107 j\u0119zykowa, liczne przyk\u0142ady praktycznego zastosowania proponowanych rozwi\u0105za\u0144 oraz profesjonalizm (naukowy i praktyczny) Autor\u00f3w.<br \/>\ndr hab. prof. AJD Irena Motow, Akademia im. Jana D\u0142ugosza w Cz\u0119stochowie <\/p>\n<p>W tym roku mija osiemna\u015bcie lat od premiery filmu Requiem for a dream, z przejmuj\u0105c\u0105 muzyk\u0105 Clinta Mansella. Historia destrukcyjnej si\u0142y narkotyk\u00f3w zaczyna si\u0119 od pojedynczych d\u017awi\u0119k\u00f3w ostrzegawczych, powoli narasta, by w finale przyoblec form\u0119 wielkiej symfonii rozpaczy. W \u015bmiertelnej pustce ginie sens \u017cycia, rado\u015b\u0107 i szcz\u0119\u015bcie. Ten obraz upadku cz\u0142owieka stanowi nie tylko ostrze\u017cenie, ale i przejmuj\u0105c\u0105 diagnoz\u0119 \u017cycia wsp\u00f3\u0142czesnych ludzi. A w\u0142a\u015bciwie \u201eucieczki od \u017cycia\u201d. Dobrze zatem, i\u017c pojawi\u0142o si\u0119 opracowanie Narkotyki i dopalacze. Co powinni wiedzie\u0107 rodzice i nauczyciele?, skierowane do szerokiego kr\u0119gu odbiorc\u00f3w. W \u015bwiecie destrukcji, duchowego chaosu i nico\u015bci, do kt\u00f3rej zd\u0105\u017ca nihilistyczny narcyz XXI wieku, odzyskajmy si\u0142\u0119 duchow\u0105, cnot\u0119 dzielno\u015bci i m\u0119stwa, bez jakich niemo\u017cliwa jest obrona warto\u015bci moralnych, stanowi\u0105cych fundament \u015bwiata zachodniego.<br \/>\nks. dr hab. prof. WSH Stefan Radziszewski, Wy\u017csza Szko\u0142a Handlowa w Radomiu <\/p>\n<p>Publikacja m\u00f3wi nam wiele o faktycznej kondycji wsp\u00f3\u0142czesnej m\u0142odzie\u017cy polskiej, a tym samym polskiego spo\u0142ecze\u0144stwa, a tak\u017ce daje trafn\u0105 diagnoz\u0119 problem\u00f3w narkomanii w Polsce. Mo\u017cna j\u0105 poleci\u0107 ka\u017cdemu, kto zajmuje si\u0119 (albo chce si\u0119 zajmowa\u0107) procesami socjalizacyjnymi i wychowawczymi nadchodz\u0105cych pokole\u0144. Nale\u017cy mie\u0107 nadzieje, \u017ce publikacja znajdzie poczesne miejsce w polskiej literaturze naukowej i praktycznej, ze wzgl\u0119du na jej rzetelno\u015b\u0107 naukow\u0105 i \u015bwietn\u0105 form\u0119 opracowania. Na uwag\u0119 zas\u0142uguje tak\u017ce wypracowana przez zesp\u00f3\u0142 prof. M. J\u0119drzejko nowa metoda bada\u0144, kt\u00f3r\u0105 okre\u015blam jako \u201esocjologiczn\u0105 metod\u0119 operacyjn\u0105\u201d.<br \/>\ndr hab. prof. PRz Eugeniusz Moczuk, Politechnika Rzeszowska<\/p>\n","protected":false},"excerpt":{"rendered":"<p>J\u0119drzejko Mariusz Z., Bia\u0142as Tomasz, Sta\u015bczak Zbigniew Wydawca: Aspra Oprawa: [&hellip;]<\/p>\n","protected":false},"featured_media":8525,"template":"","meta":[],"product_brand":[],"product_cat":[7490,28,18],"product_tag":[4980,7663,7662,4300,4330],"class_list":{"0":"post-8524","1":"product","2":"type-product","3":"status-publish","4":"has-post-thumbnail","6":"product_cat-karne","7":"product_cat-pedagogika","8":"product_cat-prawo","9":"product_tag-bezpieczenstwo-publiczne","10":"product_tag-dopalacze","11":"product_tag-narkotyki","12":"product_tag-przestepczosc","13":"product_tag-resocjalizacja","15":"first","16":"instock","17":"sale","18":"shipping-taxable","19":"purchasable","20":"product-type-simple"},"_links":{"self":[{"href":"https:\/\/ksiegarnia-akademicka.pl\/index.php\/wp-json\/wp\/v2\/product\/8524","targetHints":{"allow":["GET"]}}],"collection":[{"href":"https:\/\/ksiegarnia-akademicka.pl\/index.php\/wp-json\/wp\/v2\/product"}],"about":[{"href":"https:\/\/ksiegarnia-akademicka.pl\/index.php\/wp-json\/wp\/v2\/types\/product"}],"wp:featuredmedia":[{"embeddable":true,"href":"https:\/\/ksiegarnia-akademicka.pl\/index.php\/wp-json\/wp\/v2\/media\/8525"}],"wp:attachment":[{"href":"https:\/\/ksiegarnia-akademicka.pl\/index.php\/wp-json\/wp\/v2\/media?parent=8524"}],"wp:term":[{"taxonomy":"product_brand","embeddable":true,"href":"https:\/\/ksiegarnia-akademicka.pl\/index.php\/wp-json\/wp\/v2\/product_brand?post=8524"},{"taxonomy":"product_cat","embeddable":true,"href":"https:\/\/ksiegarnia-akademicka.pl\/index.php\/wp-json\/wp\/v2\/product_cat?post=8524"},{"taxonomy":"product_tag","embeddable":true,"href":"https:\/\/ksiegarnia-akademicka.pl\/index.php\/wp-json\/wp\/v2\/product_tag?post=8524"}],"curies":[{"name":"wp","href":"https:\/\/api.w.org\/{rel}","templated":true}]}}