{"id":8495,"date":"2018-09-05T13:11:37","date_gmt":"2018-09-05T11:11:37","guid":{"rendered":"http:\/\/ksiegarnia-akademicka.pl\/?post_type=product&#038;p=8495"},"modified":"2018-09-05T13:11:38","modified_gmt":"2018-09-05T11:11:38","slug":"umowy-w-praktyce-przedsiebiorcy-komentarz-przyklady","status":"publish","type":"product","link":"https:\/\/ksiegarnia-akademicka.pl\/index.php\/product\/umowy-w-praktyce-przedsiebiorcy-komentarz-przyklady\/","title":{"rendered":"Umowy w praktyce przedsi\u0119biorcy Komentarz, przyk\u0142ady"},"content":{"rendered":"<p>Adam Studzi\u0144ski<br \/>\nMarta Fryc<br \/>\nWydawca: Wiedza i Praktyka<br \/>\nOprawa: Mi\u0119kka<br \/>\nFormat: 16.5&#215;23.5cm<br \/>\nLiczba stron: 156<br \/>\nRok wydania: 2018<\/p>\n<p>Ksi\u0105\u017cka jest po\u015bwi\u0119cona umowom i skierowana do przedsi\u0119biorc\u00f3w, kt\u00f3rzy stykaj\u0105 si\u0119 z nimi w codziennej praktyce. Zawiera praktyczne porady, jak skonstruowa\u0107 umow\u0119 od samego pocz\u0105tku i jak nie pope\u0142ni\u0107 cz\u0119sto spotykanych b\u0142\u0119d\u00f3w.<\/p>\n","protected":false},"excerpt":{"rendered":"<p>Adam Studzi\u0144ski Marta Fryc Wydawca: Wiedza i Praktyka Oprawa: Mi\u0119kka [&hellip;]<\/p>\n","protected":false},"featured_media":8496,"template":"","meta":[],"product_brand":[],"product_cat":[7491,7495,18],"product_tag":[731],"class_list":{"0":"post-8495","1":"product","2":"type-product","3":"status-publish","4":"has-post-thumbnail","6":"product_cat-cywilne","7":"product_cat-gospodarcze-i-handlowe","8":"product_cat-prawo","9":"product_tag-umowy-gospodarcze-handlowe","11":"first","12":"instock","13":"sale","14":"shipping-taxable","15":"purchasable","16":"product-type-simple"},"_links":{"self":[{"href":"https:\/\/ksiegarnia-akademicka.pl\/index.php\/wp-json\/wp\/v2\/product\/8495","targetHints":{"allow":["GET"]}}],"collection":[{"href":"https:\/\/ksiegarnia-akademicka.pl\/index.php\/wp-json\/wp\/v2\/product"}],"about":[{"href":"https:\/\/ksiegarnia-akademicka.pl\/index.php\/wp-json\/wp\/v2\/types\/product"}],"wp:featuredmedia":[{"embeddable":true,"href":"https:\/\/ksiegarnia-akademicka.pl\/index.php\/wp-json\/wp\/v2\/media\/8496"}],"wp:attachment":[{"href":"https:\/\/ksiegarnia-akademicka.pl\/index.php\/wp-json\/wp\/v2\/media?parent=8495"}],"wp:term":[{"taxonomy":"product_brand","embeddable":true,"href":"https:\/\/ksiegarnia-akademicka.pl\/index.php\/wp-json\/wp\/v2\/product_brand?post=8495"},{"taxonomy":"product_cat","embeddable":true,"href":"https:\/\/ksiegarnia-akademicka.pl\/index.php\/wp-json\/wp\/v2\/product_cat?post=8495"},{"taxonomy":"product_tag","embeddable":true,"href":"https:\/\/ksiegarnia-akademicka.pl\/index.php\/wp-json\/wp\/v2\/product_tag?post=8495"}],"curies":[{"name":"wp","href":"https:\/\/api.w.org\/{rel}","templated":true}]}}