{"id":8477,"date":"2018-09-05T12:42:17","date_gmt":"2018-09-05T10:42:17","guid":{"rendered":"http:\/\/ksiegarnia-akademicka.pl\/?post_type=product&#038;p=8477"},"modified":"2024-12-04T13:46:15","modified_gmt":"2024-12-04T12:46:15","slug":"kodeks-spolek-handlowych-orzecznictwo-aplikanta","status":"publish","type":"product","link":"https:\/\/ksiegarnia-akademicka.pl\/index.php\/product\/kodeks-spolek-handlowych-orzecznictwo-aplikanta\/","title":{"rendered":"Kodeks sp\u00f3\u0142ek handlowych Orzecznictwo Aplikanta"},"content":{"rendered":"<p>ORZECZNICTWO APLIKANTA<br \/>\nAutor:<br \/>\nJustyna Witas mec.<br \/>\nWydawca: C.H. Beck<br \/>\nOprawa: Mi\u0119kka<br \/>\nFormat: 16.5&#215;24.0cm<br \/>\nLiczba stron: 656<br \/>\nWydanie: 8<br \/>\nRok wydania: 2020<\/p>\n<p>Orzecznictwo Aplikanta \u2013 Kodeks sp\u00f3\u0142ek handlowych, zawiera tezy orzecze\u0144 do poszczeg\u00f3lnych (wybranych) artyku\u0142\u00f3w tego Kodeksu.<\/p>\n<p>W niniejszym zbiorze znajdziesz tezy najwa\u017cniejszych orzecze\u0144 S\u0105du Najwy\u017cszego, s\u0105d\u00f3w apelacyjnych oraz s\u0105d\u00f3w okr\u0119gowych. Pe\u0142n\u0105 tre\u015b\u0107 orzeczenia wraz z uzasadnieniem mo\u017cesz nast\u0119pnie wyszuka\u0107 w dost\u0119pnym na egzaminie komputerze.<\/p>\n<p>Orzecznictwo aplikanta jest wyj\u0105tkowe poniewa\u017c nasze materia\u0142y mo\u017cesz spokojnie zabra\u0107 na egzamin, a ponadto artyku\u0142y i przyporz\u0105dkowane im tezy pozwol\u0105 Ci na szybkie znalezienie w\u0142a\u015bciwego orzeczenia. Dzi\u0119ki temu unikniesz kolejek do komputer\u00f3w w trakcie egzaminu.<\/p>\n<p>Co wi\u0119cej, nie martw si\u0119, \u017ce przed egzaminem zostan\u0105 opublikowane nowe orzeczenia, kt\u00f3rych niniejsza ksi\u0105\u017cka nie zawiera, a kt\u00f3re b\u0119d\u0105 podstawa do prawid\u0142owego rozwi\u0105zania kazus\u00f3w. Gwarantujmy aktualno\u015b\u0107 stanu prawnego do dnia egzaminu zawodowego w 2021 r. Zbi\u00f3r b\u0119dzie aktualizowany przez dodawanie nowych, wa\u017cnych tez do orzecze\u0144 oraz przez aktualizacj\u0119 stanu prawnego \u2013 szukaj aktualizacji na stronie www.aktualizacje.beck.pl.<\/p>\n<p>Je\u015bli zatem jeste\u015b aplikantem tu\u017c przed ko\u0144cowym egzaminem prawniczym zawodowym oto zestaw ksi\u0105\u017cek z Orzecznictwem aplikanta, kt\u00f3re musisz mie\u0107 ka\u017cdego dnia pod r\u0119k\u0105, aby zda\u0107 egzamin adwokacki lub radcowski w 2021 r.<\/p>\n<p>Pozycja ta przyda si\u0119 r\u00f3wnie\u017c Aplikantom, kt\u00f3rzy chc\u0105 poszerzy\u0107 swoj\u0105 wiedz\u0119 z poszczeg\u00f3lnych dziedzin prawa w trakcie aplikacji.<\/p>\n<p>Seria Orzecznictwo Aplikanta sk\u0142ada si\u0119 z 9 zbior\u00f3w:<\/p>\n<p>Kodeks cywilny,<br \/>\nKodeks post\u0119powania cywilnego,<br \/>\nKodeks karny,<br \/>\nKodeks post\u0119powania karnego,<br \/>\nKodeks rodzinny i opieku\u0144czy,<br \/>\nKodeks sp\u00f3\u0142ek handlowych,<br \/>\nKodeks post\u0119powania administracyjnego,<br \/>\nPrawo administracyjne materialne,<br \/>\nOdpowiedzialno\u015b\u0107 dyscyplinarna adwokat\u00f3w i radc\u00f3w prawnych.<\/p>\n","protected":false},"excerpt":{"rendered":"<p>ORZECZNICTWO APLIKANTA Autor: Justyna Witas mec. Wydawca: C.H. Beck Oprawa: [&hellip;]<\/p>\n","protected":false},"featured_media":13187,"template":"","meta":[],"product_brand":[],"product_cat":[7495,18],"product_tag":[429,7653],"class_list":{"0":"post-8477","1":"product","2":"type-product","3":"status-publish","4":"has-post-thumbnail","6":"product_cat-gospodarcze-i-handlowe","7":"product_cat-prawo","8":"product_tag-prawo-handlowe","9":"product_tag-seria-orzecznictwo-aplikanta","11":"first","12":"instock","13":"sale","14":"shipping-taxable","15":"purchasable","16":"product-type-simple"},"_links":{"self":[{"href":"https:\/\/ksiegarnia-akademicka.pl\/index.php\/wp-json\/wp\/v2\/product\/8477","targetHints":{"allow":["GET"]}}],"collection":[{"href":"https:\/\/ksiegarnia-akademicka.pl\/index.php\/wp-json\/wp\/v2\/product"}],"about":[{"href":"https:\/\/ksiegarnia-akademicka.pl\/index.php\/wp-json\/wp\/v2\/types\/product"}],"wp:featuredmedia":[{"embeddable":true,"href":"https:\/\/ksiegarnia-akademicka.pl\/index.php\/wp-json\/wp\/v2\/media\/13187"}],"wp:attachment":[{"href":"https:\/\/ksiegarnia-akademicka.pl\/index.php\/wp-json\/wp\/v2\/media?parent=8477"}],"wp:term":[{"taxonomy":"product_brand","embeddable":true,"href":"https:\/\/ksiegarnia-akademicka.pl\/index.php\/wp-json\/wp\/v2\/product_brand?post=8477"},{"taxonomy":"product_cat","embeddable":true,"href":"https:\/\/ksiegarnia-akademicka.pl\/index.php\/wp-json\/wp\/v2\/product_cat?post=8477"},{"taxonomy":"product_tag","embeddable":true,"href":"https:\/\/ksiegarnia-akademicka.pl\/index.php\/wp-json\/wp\/v2\/product_tag?post=8477"}],"curies":[{"name":"wp","href":"https:\/\/api.w.org\/{rel}","templated":true}]}}