{"id":8457,"date":"2018-09-05T12:04:26","date_gmt":"2018-09-05T10:04:26","guid":{"rendered":"http:\/\/ksiegarnia-akademicka.pl\/?post_type=product&#038;p=8457"},"modified":"2018-09-05T12:04:27","modified_gmt":"2018-09-05T10:04:27","slug":"podstawa-wymiaru-skladek-zus-praktyczne-problemy","status":"publish","type":"product","link":"https:\/\/ksiegarnia-akademicka.pl\/index.php\/product\/podstawa-wymiaru-skladek-zus-praktyczne-problemy\/","title":{"rendered":"Podstawa wymiaru sk\u0142adek ZUS Praktyczne problemy"},"content":{"rendered":"<p>Praca zbiorowa<br \/>\nWydawca: Infor<br \/>\nOprawa: Kartonowa Foliowana<br \/>\nFormat: 16.5&#215;23.5cm<br \/>\nLiczba stron: 86<br \/>\nRok wydania: 2018<\/p>\n<p>Ustalenie prawid\u0142owej, comiesi\u0119cznej podstawy wymiaru sk\u0142adek za osoby zg\u0142aszane do ubezpiecze\u0144 jest jednym z podstawowych obowi\u0105zk\u00f3w p\u0142atnik\u00f3w sk\u0142adek. Praktyka wskazuje, \u017ce zagadnienia zwi\u0105zane z prawid\u0142owym osk\u0142adkowaniem przychod\u00f3w sprawiaj\u0105 p\u0142atnikom liczne trudno\u015bci.<br \/>\nW szczeg\u00f3lno\u015bci, zastosowanie zwolnienia przychodu ze sk\u0142adek na ubezpieczenia spo\u0142eczne i zdrowotne musi by\u0107 poprzedzone wnikliw\u0105 analiz\u0105 warunk\u00f3w uprawniaj\u0105cych do ulgi w ich op\u0142acaniu. W niekt\u00f3rych sytuacjach do tych samych przychod\u00f3w zwolnionych ze sk\u0142adek ZUS stosowane s\u0105 inne kryteria zwolnienia z podatku.<br \/>\nW publikacji przedstawiono zasady ustalania podstawy osk\u0142adkowania przychod\u00f3w uzyskanych przez ubezpieczonych \u2013 m.in. pracownik\u00f3w, zleceniobiorc\u00f3w oraz przedsi\u0119biorc\u00f3w. Szczeg\u00f3\u0142owo om\u00f3wiono wiele praktycznych zagadnie\u0144, w tym:<br \/>\n\u2022\tstosowanie zwolnie\u0144 sk\u0142adkowych i podatkowych z uwzgl\u0119dnieniem r\u00f3\u017cnic w wyk\u0142adni ZUS i urz\u0119d\u00f3w skarbowych,<br \/>\n\u2022\tpodstaw\u0119 wymiaru sk\u0142adek os\u00f3b podr\u00f3\u017cuj\u0105cych s\u0142u\u017cbowo,<br \/>\n\u2022\trozliczanie sk\u0142adek ZUS z tytu\u0142u realizacji umowy na rzecz w\u0142asnego pracodawcy.<br \/>\nNajtrudniejsze kwestie zosta\u0142y przedstawione na przyk\u0142adach.<br \/>\nTo przyst\u0119pne i wyczerpuj\u0105ce opracowanie pomo\u017ce w pracy specjalistom z zakresu kadr i p\u0142ac, kadrowym i ksi\u0119gowym. Zainteresuje te\u017c pracodawc\u00f3w oraz biura rachunkowe, kt\u00f3re prowadz\u0105 obs\u0142ug\u0119 w tym zakresie.<\/p>\n","protected":false},"excerpt":{"rendered":"<p>Praca zbiorowa Wydawca: Infor Oprawa: Kartonowa Foliowana Format: 16.5&#215;23.5cm Liczba [&hellip;]<\/p>\n","protected":false},"featured_media":8458,"template":"","meta":[],"product_brand":[],"product_cat":[23,21],"product_tag":[7654,643],"class_list":{"0":"post-8457","1":"product","2":"type-product","3":"status-publish","4":"has-post-thumbnail","6":"product_cat-rachunkowosc","7":"product_cat-ubezpieczenia","8":"product_tag-skladki-zus","9":"product_tag-ubezpieczenia-spoleczne","11":"first","12":"instock","13":"sale","14":"shipping-taxable","15":"purchasable","16":"product-type-simple"},"_links":{"self":[{"href":"https:\/\/ksiegarnia-akademicka.pl\/index.php\/wp-json\/wp\/v2\/product\/8457","targetHints":{"allow":["GET"]}}],"collection":[{"href":"https:\/\/ksiegarnia-akademicka.pl\/index.php\/wp-json\/wp\/v2\/product"}],"about":[{"href":"https:\/\/ksiegarnia-akademicka.pl\/index.php\/wp-json\/wp\/v2\/types\/product"}],"wp:featuredmedia":[{"embeddable":true,"href":"https:\/\/ksiegarnia-akademicka.pl\/index.php\/wp-json\/wp\/v2\/media\/8458"}],"wp:attachment":[{"href":"https:\/\/ksiegarnia-akademicka.pl\/index.php\/wp-json\/wp\/v2\/media?parent=8457"}],"wp:term":[{"taxonomy":"product_brand","embeddable":true,"href":"https:\/\/ksiegarnia-akademicka.pl\/index.php\/wp-json\/wp\/v2\/product_brand?post=8457"},{"taxonomy":"product_cat","embeddable":true,"href":"https:\/\/ksiegarnia-akademicka.pl\/index.php\/wp-json\/wp\/v2\/product_cat?post=8457"},{"taxonomy":"product_tag","embeddable":true,"href":"https:\/\/ksiegarnia-akademicka.pl\/index.php\/wp-json\/wp\/v2\/product_tag?post=8457"}],"curies":[{"name":"wp","href":"https:\/\/api.w.org\/{rel}","templated":true}]}}