{"id":8334,"date":"2018-07-26T13:16:14","date_gmt":"2018-07-26T11:16:14","guid":{"rendered":"http:\/\/ksiegarnia-akademicka.pl\/?post_type=product&#038;p=8334"},"modified":"2024-12-04T13:48:00","modified_gmt":"2024-12-04T12:48:00","slug":"rodo-ochrona-danych-osobowych-w-stosunkach-pracy","status":"publish","type":"product","link":"https:\/\/ksiegarnia-akademicka.pl\/index.php\/product\/rodo-ochrona-danych-osobowych-w-stosunkach-pracy\/","title":{"rendered":"RODO Ochrona danych osobowych w stosunkach pracy"},"content":{"rendered":"<p>Autor:<br \/>\nPaulina Zawadzka-Filipczyk<br \/>\nEdyta Jagie\u0142\u0142o-Jaroszewska<br \/>\nWydawca: Wolters Kluwer<br \/>\nOprawa: Mi\u0119kka<br \/>\nFormat: 16.7&#215;18.6<br \/>\nLiczba stron: 324<br \/>\nWydanie: 1<br \/>\nRok wydania: 2018<\/p>\n<p>Publikacja stanowi kompendium wiedzy na temat ochrony danych osobowych w stosunkach pracy.<br \/>\nCzytelnik znajdzie tu nie tylko kompleksowe om\u00f3wienie uregulowa\u0144 rozporz\u0105dzenia Parlamentu Europejskiego i Rady (UE) 2016\/679 z 27.04.2016 r. w sprawie ochrony os\u00f3b fizycznych w zwi\u0105zku z przetwarzaniem danych osobowych i w sprawie swobodnego przep\u0142ywu takich danych oraz uchylenia dyrektywy 95\/46\/WE (RODO), kt\u00f3re b\u0119d\u0105 bezpo\u015brednio stosowane od 25.05.2018 r., lecz tak\u017ce konkretne rozwi\u0105zania, jakie pracodawca mo\u017ce zastosowa\u0107 w celu dostosowania swojej praktyki do nowych wymog\u00f3w.<br \/>\nWarto\u015b\u0107 tego przyst\u0119pnego poradnika podnosz\u0105:<br \/>\n&#8211; liczne praktyczne przyk\u0142ady, pomocne w interpretowaniu wymog\u00f3w RODO,<br \/>\n&#8211; odwo\u0142ania do orzecznictwa oraz opinii i wytycznych Grupy Roboczej Art. 29,<br \/>\n&#8211; wzory dokument\u00f3w stosowanych w sprawach z prezentowanej dziedziny.<\/p>\n","protected":false},"excerpt":{"rendered":"<p>Autor: Paulina Zawadzka-Filipczyk Edyta Jagie\u0142\u0142o-Jaroszewska Wydawca: Wolters Kluwer Oprawa: Mi\u0119kka [&hellip;]<\/p>\n","protected":false},"featured_media":8335,"template":"","meta":[],"product_brand":[],"product_cat":[7492,18,7550],"product_tag":[3092,793,7619],"class_list":{"0":"post-8334","1":"product","2":"type-product","3":"status-publish","4":"has-post-thumbnail","6":"product_cat-administracyjne","7":"product_cat-prawo","8":"product_cat-prawo-pracy","9":"product_tag-ochrona-danych-osobowych","10":"product_tag-prawo-pracy","11":"product_tag-rodo","13":"first","14":"instock","15":"sale","16":"shipping-taxable","17":"purchasable","18":"product-type-simple"},"_links":{"self":[{"href":"https:\/\/ksiegarnia-akademicka.pl\/index.php\/wp-json\/wp\/v2\/product\/8334","targetHints":{"allow":["GET"]}}],"collection":[{"href":"https:\/\/ksiegarnia-akademicka.pl\/index.php\/wp-json\/wp\/v2\/product"}],"about":[{"href":"https:\/\/ksiegarnia-akademicka.pl\/index.php\/wp-json\/wp\/v2\/types\/product"}],"wp:featuredmedia":[{"embeddable":true,"href":"https:\/\/ksiegarnia-akademicka.pl\/index.php\/wp-json\/wp\/v2\/media\/8335"}],"wp:attachment":[{"href":"https:\/\/ksiegarnia-akademicka.pl\/index.php\/wp-json\/wp\/v2\/media?parent=8334"}],"wp:term":[{"taxonomy":"product_brand","embeddable":true,"href":"https:\/\/ksiegarnia-akademicka.pl\/index.php\/wp-json\/wp\/v2\/product_brand?post=8334"},{"taxonomy":"product_cat","embeddable":true,"href":"https:\/\/ksiegarnia-akademicka.pl\/index.php\/wp-json\/wp\/v2\/product_cat?post=8334"},{"taxonomy":"product_tag","embeddable":true,"href":"https:\/\/ksiegarnia-akademicka.pl\/index.php\/wp-json\/wp\/v2\/product_tag?post=8334"}],"curies":[{"name":"wp","href":"https:\/\/api.w.org\/{rel}","templated":true}]}}