{"id":8316,"date":"2018-07-26T12:34:22","date_gmt":"2018-07-26T10:34:22","guid":{"rendered":"http:\/\/ksiegarnia-akademicka.pl\/?post_type=product&#038;p=8316"},"modified":"2024-12-04T13:49:39","modified_gmt":"2024-12-04T12:49:39","slug":"organizacja-wyborow-samorzadowych-wybrane-zagadnienia","status":"publish","type":"product","link":"https:\/\/ksiegarnia-akademicka.pl\/index.php\/product\/organizacja-wyborow-samorzadowych-wybrane-zagadnienia\/","title":{"rendered":"Organizacja wybor\u00f3w samorz\u0105dowych Wybrane zagadnienia"},"content":{"rendered":"<p>Autor:<br \/>\nTomasz G\u0105sior<br \/>\nGrzegorz G\u0105sior<br \/>\nWydawca: C.H. Beck<br \/>\nOprawa: Mi\u0119kka ze skrzyde\u0142kami<br \/>\nFormat: 16.5&#215;24.0cm<br \/>\nLiczba stron: 200<br \/>\nWydanie: 1<br \/>\nRok wydania: 2018<\/p>\n<p>Publikacja przedstawienia obowi\u0105zki jakie stoj\u0105 przed podmiotami zaanga\u017cowanymi w proces wybor\u00f3w samorz\u0105dowych, w tym przed podmiotami administracji samorz\u0105dowej. Opracowanie to wskazuje i wyja\u015bnia tak\u017ce zmiany prawne, kt\u00f3re dokona\u0142y si\u0119 w styczniu 2018 r. lub dokonaj\u0105, w przepisach Kodeksu wyborczego w wyniku wej\u015bcia w \u017cycie ustawy z 11.1.2018 r. o zmianie niekt\u00f3rych ustaw w celu zwi\u0119kszenia udzia\u0142u obywateli w procesie wybierania, funkcjonowania i kontrolowania niekt\u00f3rych organ\u00f3w publicznych.<\/p>\n<p>Dzi\u0119ki tej publikacji Czytelnik uzyska wiedz\u0119 o regulacjach prawnych, ale tak\u017ce co szczeg\u00f3lnie cenne, o aspektach praktycznych dotycz\u0105cych szeroko rozumianego procesu wyborczego, tj. obejmuj\u0105cego czas znacznie poprzedzaj\u0105cy formalne rozpocz\u0119cie okresu wyborczego przypadaj\u0105cego na dzie\u0144 og\u0142oszenia zarz\u0105dzenia Prezesa Rady Ministr\u00f3w o zarz\u0105dzeniu wyborc\u00f3w. Uj\u0119te zosta\u0142y w niej bowiem kwestie dotycz\u0105ce podzia\u0142u JST na okr\u0119gi wyborcze i obwody g\u0142osowania, jak r\u00f3wnie\u017c \u2013 jak\u017ce aktualne dzisiaj \u2013 zagadnienia prekampanii. Analizie poddane zosta\u0142y tak\u017ce zadania zwi\u0105zane z wyborami, permanentnie realizowane przez administracj\u0119 samorz\u0105dow\u0105, jak np. prowadzenie sta\u0142ego rejestru wyborc\u00f3w. Nie spos\u00f3b omawia\u0107 proces wyborczy bez odniesienia si\u0119 do administracji wyborczej, kt\u00f3rej podmioty r\u00f3wnie\u017c zosta\u0142y czytelnikowi przybli\u017cone, w tym nowy tw\u00f3r w postaci Korpusu Urz\u0119dnik\u00f3w Wyborczych czy powo\u0142ywane na nowych zasadach dwie obwodowe komisje wyborcze, kt\u00f3rym przypisane zosta\u0142y odr\u0119bne zadania. Czytelnik dowie si\u0119 tak\u017ce jakie podmioty uprawnione s\u0105 do zg\u0142aszania kandydat\u00f3w w wyborach i prowadzenia na ich rzecz kampanii wyborczej, w tym jej finansowania oraz jakie s\u0105 zasady ich konstytuowania. Cz\u0119\u015b\u0107 opracowania po\u015bwi\u0119cona zosta\u0142a zagadnieniom prowadzenia i finansowania kampanii wyborczej, zg\u0142aszania list kandydat\u00f3w i kandydat\u00f3w w wyborach, przygotowania lokali wyborczych, organizacji dnia g\u0142osowania, sposobu oddawania g\u0142os\u00f3w, w tym alternatywnych form g\u0142osowania stosowanych w polskich wyborach czy rozdzia\u0142u mandat\u00f3w pomi\u0119dzy komitety. Ponadto uj\u0119to obowi\u0105zki realizowane ju\u017c po dniu wybor\u00f3w, jak uprz\u0105tni\u0119cie materia\u0142\u00f3w wyborczych, czy rozliczenie finansowe kampanii wyborczej i z\u0142o\u017cenie sprawozdania finansowego przez pe\u0142nomocnika finansowego komitetu.<\/p>\n<p>Ksi\u0105\u017cka odpowiada na szereg pyta\u0144 i w\u0105tpliwo\u015bci zwi\u0105zanych z zastosowaniem przepis\u00f3w Kodeksu wyborczego zmienionych ustaw\u0105 z 11.1.2018 r. o zmianie niekt\u00f3rych ustaw w celu zwi\u0119kszenia udzia\u0142u obywateli w procesie wybierania, funkcjonowania i kontrolowania niekt\u00f3rych organ\u00f3w publicznych. S\u0105 to m.in. kwestie dotycz\u0105ce:<\/p>\n<p>podzia\u0142u na okr\u0119gi wyborcze JST;<br \/>\nKorpusu Urz\u0119dnik\u00f3w Wyborczych;<br \/>\nPowo\u0142ywania i sk\u0142adu komisji wyborczych;<br \/>\nZakresu terytorialnego, na kt\u00f3rym mog\u0105 by\u0107 tworzone w najprostszej procedurze, najmniejsze komitety wyborcze wyborc\u00f3w;<br \/>\nZmiany systemu wyborczego z wi\u0119kszo\u015bciowego w jednomandatowych okr\u0119gach wyborczych na proporcjonalny w wielomandatowych okr\u0119gach wyborczych;<br \/>\nMo\u017cliwo\u015bci prowadzenia i finansowania kampanii wyborczej;<br \/>\nSposobu g\u0142osowania;<br \/>\nPrzygotowania lokalu wyborczego.<\/p>\n<p>Tylko dzi\u0119ki naszej publikacji Czytelnik pozna:<\/p>\n<p>nie tylko regulacje prawne w zakresie organizacji i przeprowadzenia wybor\u00f3w, ale tak\u017ce wiele rozwi\u0105za\u0144 opartych o praktyk\u0119 wynikaj\u0105ca z wieloletniego funkcjonowania podmiot\u00f3w administracji wyborczej,<br \/>\nszczeg\u00f3\u0142owe analizy dotycz\u0105ce podzia\u0142u JST na okr\u0119gi wyborcze,<br \/>\nnowe zasady dotycz\u0105ce mo\u017cliwo\u015bci przyjmowania przez komitety wyborcze korzy\u015bci maj\u0105tkowych o charakterze niepieni\u0119\u017cnym,<br \/>\nkompleksowe rozwi\u0105zania w zakresie organizacji i przeprowadzania wybor\u00f3w w Polsce.<\/p>\n","protected":false},"excerpt":{"rendered":"<p>Autor: Tomasz G\u0105sior Grzegorz G\u0105sior Wydawca: C.H. Beck Oprawa: Mi\u0119kka [&hellip;]<\/p>\n","protected":false},"featured_media":8317,"template":"","meta":[],"product_brand":[],"product_cat":[7492,18,7494],"product_tag":[485,486,7618],"class_list":{"0":"post-8316","1":"product","2":"type-product","3":"status-publish","4":"has-post-thumbnail","6":"product_cat-administracyjne","7":"product_cat-prawo","8":"product_cat-samorzad-terytorialny","9":"product_tag-prawo-administracyjne","10":"product_tag-samorzad-terytorialny","11":"product_tag-wybory-damorzadowe","13":"first","14":"instock","15":"sale","16":"shipping-taxable","17":"purchasable","18":"product-type-simple"},"_links":{"self":[{"href":"https:\/\/ksiegarnia-akademicka.pl\/index.php\/wp-json\/wp\/v2\/product\/8316","targetHints":{"allow":["GET"]}}],"collection":[{"href":"https:\/\/ksiegarnia-akademicka.pl\/index.php\/wp-json\/wp\/v2\/product"}],"about":[{"href":"https:\/\/ksiegarnia-akademicka.pl\/index.php\/wp-json\/wp\/v2\/types\/product"}],"wp:featuredmedia":[{"embeddable":true,"href":"https:\/\/ksiegarnia-akademicka.pl\/index.php\/wp-json\/wp\/v2\/media\/8317"}],"wp:attachment":[{"href":"https:\/\/ksiegarnia-akademicka.pl\/index.php\/wp-json\/wp\/v2\/media?parent=8316"}],"wp:term":[{"taxonomy":"product_brand","embeddable":true,"href":"https:\/\/ksiegarnia-akademicka.pl\/index.php\/wp-json\/wp\/v2\/product_brand?post=8316"},{"taxonomy":"product_cat","embeddable":true,"href":"https:\/\/ksiegarnia-akademicka.pl\/index.php\/wp-json\/wp\/v2\/product_cat?post=8316"},{"taxonomy":"product_tag","embeddable":true,"href":"https:\/\/ksiegarnia-akademicka.pl\/index.php\/wp-json\/wp\/v2\/product_tag?post=8316"}],"curies":[{"name":"wp","href":"https:\/\/api.w.org\/{rel}","templated":true}]}}