{"id":8286,"date":"2018-07-25T10:26:15","date_gmt":"2018-07-25T08:26:15","guid":{"rendered":"http:\/\/ksiegarnia-akademicka.pl\/?post_type=product&#038;p=8286"},"modified":"2018-12-13T14:48:12","modified_gmt":"2018-12-13T13:48:12","slug":"alkoholowe-dzieje-polski-czasy-rozbiorow-i-powstan-tom-2","status":"publish","type":"product","link":"https:\/\/ksiegarnia-akademicka.pl\/index.php\/product\/alkoholowe-dzieje-polski-czasy-rozbiorow-i-powstan-tom-2\/","title":{"rendered":"Alkoholowe dzieje Polski Tom 2 Czasy rozbior\u00f3w i powsta\u0144"},"content":{"rendered":"<p>Autor:<br \/>\nJerzy Besala<br \/>\nWydawca: Zysk i S-ka<br \/>\nOprawa: Twarda<br \/>\nFormat: 16.5&#215;23.0cm<br \/>\nLiczba stron: 800<br \/>\nWydanie: 1<br \/>\nRok wydania: 2017<\/p>\n<p>Kontynuacja niezwykle poczytnych Alkoholowych dziej\u00f3w Polski. Czasy Piast\u00f3w i Rzeczypospolitej szlacheckiej<br \/>\nWiek XIX to czasy prze\u0142omu cywilizacyjnego, tak\u017ce w produkcji i piciu alkoholu. Staropolskie biesiadowanie odchodzi\u0142o w niepami\u0119\u0107, w\u0119grzyna zast\u0119powa\u0142 coraz cz\u0119\u015bciej szampan, w dobrym towarzystwie nie wypada\u0142o pi\u0107 w\u00f3dki, a arak najcz\u0119\u015bciej dolewano do herbaty.<br \/>\nJerzy Besala barwnie opisuje, jakie by\u0142y nowe wzorce, mody i trunki w r\u00f3\u017cnych warstwach spo\u0142ecznych i wojsku, w jaki spos\u00f3b pito i jakie by\u0142y motywy spo\u017cywania alkoholu, nie zapominaj\u0105c przy tym o tle zdarze\u0144 i wiernie oddaj\u0105c ducha czas\u00f3w.<\/p>\n","protected":false},"excerpt":{"rendered":"<p>Autor: Jerzy Besala Wydawca: Zysk i S-ka Oprawa: Twarda Format: [&hellip;]<\/p>\n","protected":false},"featured_media":8287,"template":"","meta":[],"product_brand":[],"product_cat":[38],"product_tag":[7006,67,7005],"class_list":{"0":"post-8286","1":"product","2":"type-product","3":"status-publish","4":"has-post-thumbnail","6":"product_cat-historia","7":"product_tag-alkohol","8":"product_tag-historia-polski","9":"product_tag-zycie-codzienne-polakow","11":"first","12":"instock","13":"sale","14":"shipping-taxable","15":"purchasable","16":"product-type-simple"},"_links":{"self":[{"href":"https:\/\/ksiegarnia-akademicka.pl\/index.php\/wp-json\/wp\/v2\/product\/8286","targetHints":{"allow":["GET"]}}],"collection":[{"href":"https:\/\/ksiegarnia-akademicka.pl\/index.php\/wp-json\/wp\/v2\/product"}],"about":[{"href":"https:\/\/ksiegarnia-akademicka.pl\/index.php\/wp-json\/wp\/v2\/types\/product"}],"wp:featuredmedia":[{"embeddable":true,"href":"https:\/\/ksiegarnia-akademicka.pl\/index.php\/wp-json\/wp\/v2\/media\/8287"}],"wp:attachment":[{"href":"https:\/\/ksiegarnia-akademicka.pl\/index.php\/wp-json\/wp\/v2\/media?parent=8286"}],"wp:term":[{"taxonomy":"product_brand","embeddable":true,"href":"https:\/\/ksiegarnia-akademicka.pl\/index.php\/wp-json\/wp\/v2\/product_brand?post=8286"},{"taxonomy":"product_cat","embeddable":true,"href":"https:\/\/ksiegarnia-akademicka.pl\/index.php\/wp-json\/wp\/v2\/product_cat?post=8286"},{"taxonomy":"product_tag","embeddable":true,"href":"https:\/\/ksiegarnia-akademicka.pl\/index.php\/wp-json\/wp\/v2\/product_tag?post=8286"}],"curies":[{"name":"wp","href":"https:\/\/api.w.org\/{rel}","templated":true}]}}