{"id":8228,"date":"2018-07-24T10:57:43","date_gmt":"2018-07-24T08:57:43","guid":{"rendered":"http:\/\/ksiegarnia-akademicka.pl\/?post_type=product&#038;p=8228"},"modified":"2025-12-04T13:17:44","modified_gmt":"2025-12-04T12:17:44","slug":"aktywna-sprzedaz-ubezpieczen-jak-wdrozyc-sie-i-przetrwac-w-branzy-ubezpieczeniowej","status":"publish","type":"product","link":"https:\/\/ksiegarnia-akademicka.pl\/index.php\/product\/aktywna-sprzedaz-ubezpieczen-jak-wdrozyc-sie-i-przetrwac-w-branzy-ubezpieczeniowej\/","title":{"rendered":"Aktywna sprzeda\u017c ubezpiecze\u0144 Jak wdro\u017cy\u0107 si\u0119 i przetrwa\u0107 w bran\u017cy ubezpieczeniowej"},"content":{"rendered":"<p>Autor:<br \/>\nAdam Staniszewski<br \/>\nWydawca: Helion<br \/>\nOprawa: Twarda z obwolut\u0105<br \/>\nFormat: 14.5&#215;21.5cm<br \/>\nLiczba stron: 326<br \/>\nRok wydania: 2015<\/p>\n<p>Praca w charakterze agenta ubezpieczeniowego jest obecnie jedn\u0105 z naj\u0142atwiejszych profesji do podj\u0119cia. Jednak utrzymanie si\u0119 w tej bran\u017cy to trudne wyzwanie. Pozyskiwanie nowych klient\u00f3w oraz obs\u0142uga bie\u017c\u0105cych wymagaj\u0105 \u017celaznej dyscypliny i konsekwencji oraz kluczowych umiej\u0119tno\u015bci z zakresu telemarketingu (umawianie spotka\u0144), psychologii (rozumienie potrzeb klienta) i sprzeda\u017cy (finalizowanie um\u00f3w). Dlatego oddaj\u0119 w Twoje r\u0119ce model AIDDA(S), kt\u00f3ry pomaga skutecznie utrzyma\u0107 kontrol\u0119 nad procesem sprzeda\u017cy oraz rozwin\u0105\u0107 niezb\u0119dne kompetencje w zakresie aktywnej sprzeda\u017cy ubezpiecze\u0144.<\/p>\n<p>Ksi\u0105\u017cka ta powsta\u0142a przede wszystkim z my\u015bl\u0105 o osobach, kt\u00f3re dopiero zaczynaj\u0105 prac\u0119 w bran\u017cy ubezpiecze\u0144 i nigdy wcze\u015bniej nie sprzedawa\u0142y lub nie musia\u0142y aktywnie budowa\u0107 bazy klient\u00f3w. Jestem jednak przekonany, \u017ce r\u00f3wnie\u017c agenci z kilkuletnim sta\u017cem odnajd\u0105 w niej dobre praktyki, kt\u00f3re zainspiruj\u0105 ich do ulepszenia dotychczasowego systemu pracy.<\/p>\n","protected":false},"excerpt":{"rendered":"<p>Autor: Adam Staniszewski Wydawca: Helion Oprawa: Twarda z obwolut\u0105 Format: [&hellip;]<\/p>\n","protected":false},"featured_media":8229,"template":"","meta":[],"product_brand":[],"product_cat":[21],"product_tag":[1257,7603,249],"class_list":{"0":"post-8228","1":"product","2":"type-product","3":"status-publish","4":"has-post-thumbnail","6":"product_cat-ubezpieczenia","7":"product_tag-poradniki","8":"product_tag-sprzedaz-ubezpieczen","9":"product_tag-ubezpieczenia","11":"first","12":"instock","13":"sale","14":"shipping-taxable","15":"purchasable","16":"product-type-simple"},"_links":{"self":[{"href":"https:\/\/ksiegarnia-akademicka.pl\/index.php\/wp-json\/wp\/v2\/product\/8228","targetHints":{"allow":["GET"]}}],"collection":[{"href":"https:\/\/ksiegarnia-akademicka.pl\/index.php\/wp-json\/wp\/v2\/product"}],"about":[{"href":"https:\/\/ksiegarnia-akademicka.pl\/index.php\/wp-json\/wp\/v2\/types\/product"}],"wp:featuredmedia":[{"embeddable":true,"href":"https:\/\/ksiegarnia-akademicka.pl\/index.php\/wp-json\/wp\/v2\/media\/8229"}],"wp:attachment":[{"href":"https:\/\/ksiegarnia-akademicka.pl\/index.php\/wp-json\/wp\/v2\/media?parent=8228"}],"wp:term":[{"taxonomy":"product_brand","embeddable":true,"href":"https:\/\/ksiegarnia-akademicka.pl\/index.php\/wp-json\/wp\/v2\/product_brand?post=8228"},{"taxonomy":"product_cat","embeddable":true,"href":"https:\/\/ksiegarnia-akademicka.pl\/index.php\/wp-json\/wp\/v2\/product_cat?post=8228"},{"taxonomy":"product_tag","embeddable":true,"href":"https:\/\/ksiegarnia-akademicka.pl\/index.php\/wp-json\/wp\/v2\/product_tag?post=8228"}],"curies":[{"name":"wp","href":"https:\/\/api.w.org\/{rel}","templated":true}]}}