{"id":8193,"date":"2018-07-23T12:59:45","date_gmt":"2018-07-23T10:59:45","guid":{"rendered":"http:\/\/ksiegarnia-akademicka.pl\/?post_type=product&#038;p=8193"},"modified":"2018-07-23T13:00:21","modified_gmt":"2018-07-23T11:00:21","slug":"mikroekonomia-oswajanie-z-matematyka","status":"publish","type":"product","link":"https:\/\/ksiegarnia-akademicka.pl\/index.php\/product\/mikroekonomia-oswajanie-z-matematyka\/","title":{"rendered":"Mikroekonomia Oswajanie z matematyk\u0105"},"content":{"rendered":"<p>Autor:<br \/>\nKrzysztof Malaga<br \/>\nWydawca: C.H. Beck<br \/>\nOprawa: Mi\u0119kka<br \/>\nFormat: 16.5&#215;23.5cm<br \/>\nLiczba stron: 328<br \/>\nRok wydania: 2010<\/p>\n<p>Mikroekonomia zajmuje si\u0119 badaniem dzia\u0142a\u0144 indywidualnych konsument\u00f3w (gospodarstw domowych) i producent\u00f3w (przedsi\u0119biorc\u00f3w, przedsi\u0119biorstw) oraz analiz\u0105 rynk\u00f3w. <\/p>\n<p>Podr\u0119cznik jest pr\u00f3b\u0105 harmonijnego po\u0142\u0105czenia elementarnej wiedzy z zakresu mikroekonomii oraz analizy matematycznej. Rozwa\u017cania teoretyczne s\u0105 bogato ilustrowane wykresami i schematami oraz poparte przyk\u0142adami liczbowymi i zadaniami rozwi\u0105zywanymi krok po kroku przez Autora. Zasadniczym celem podr\u0119cznika jest: <\/p>\n<p>&#8211; przedstawienie fundamentalnego dorobku teoretycznego mikroekonomii, w tym: teorii popytu, poda\u017cy, wymiany, cz\u0105stkowej i og\u00f3lnej r\u00f3wnowagi rynkowej, <\/p>\n<p>&#8211; zaznajomienie z podstawowymi kategoriami mikroekonomicznymi oraz zasadami wnioskowania opartego na elementarnych poj\u0119ciach z zakresu algebry liniowej i analizy matematycznej, <\/p>\n<p>&#8211; zapoznanie z zasadami prowadzenia analizy dedukcyjnej opartej na przyj\u0119tym uk\u0142adzie za\u0142o\u017ce\u0144, <\/p>\n<p>&#8211; zwr\u00f3cenie uwagi na warunkowy i ograniczony uk\u0142adem za\u0142o\u017ce\u0144 charakter wyprowadzanych wniosk\u00f3w, <\/p>\n<p>&#8211; zarysowanie najistotniejszych cech wsp\u00f3\u0142czesnej mikroekonomii oraz wskazanie prawdopodobnych kierunk\u00f3w jej dalszego rozwoju. <\/p>\n<p>&#8211; przygotowanie i zach\u0119cenie Czytelnik\u00f3w do pog\u0142\u0119biania zdobytej wiedzy. <\/p>\n<p>\u201eDo podstawowych zalet podr\u0119cznika prof. Krzysztofa Malagi zaliczam: bardzo dobry dob\u00f3r poruszanych w podr\u0119czniku zagadnie\u0144; logiczny i konsekwentny spos\u00f3b prowadzonych wywod\u00f3w zar\u00f3wno od strony ekonomicznej, jak i od strony matematycznej; bardzo skrupulatne zapisy matematyczne oraz ilustruj\u0105ce wybrane zagadnienia wykresy; przemy\u015blane i adekwatne do poruszanych w poszczeg\u00f3lnych rozdzia\u0142ach podr\u0119cznika zagadnie\u0144 pytania i zadania, kt\u00f3rymi ko\u0144czy si\u0119 ka\u017cdy z rozdzia\u0142\u00f3w podr\u0119cznika. S\u0105dz\u0119, \u017ce podr\u0119cznik Pana Prof. Malagi mo\u017ce by\u0107 bardzo cennym materia\u0142em dydaktycznym o znaczeniu og\u00f3lnopolskim\u201d. <\/p>\n<p>Prof. dr hab. Tomasz Tokarski <\/p>\n<p>Instytut Ekonomii i Zarz\u0105dzania Uniwersytetu Jagiello\u0144skiego <\/p>\n<p>Publikacja jest podr\u0119cznikiem akademickim do przedmiotu Mikroekonomia, kierowanym do wyk\u0142adowc\u00f3w i student\u00f3w uczelni wy\u017cszych na kierunkach ekonomicznych.<\/p>\n","protected":false},"excerpt":{"rendered":"<p>Autor: Krzysztof Malaga Wydawca: C.H. Beck Oprawa: Mi\u0119kka Format: 16.5&#215;23.5cm [&hellip;]<\/p>\n","protected":false},"featured_media":8194,"template":"","meta":[],"product_brand":[],"product_cat":[17,7499],"product_tag":[7600,4309,338],"class_list":{"0":"post-8193","1":"product","2":"type-product","3":"status-publish","4":"has-post-thumbnail","6":"product_cat-ekonomia","7":"product_cat-makro-i-mikroekonomia","8":"product_tag-cwiczenia-z-ekonomii","9":"product_tag-ekonomia-matematyczna","10":"product_tag-mikroekonomia","12":"first","13":"instock","14":"sale","15":"shipping-taxable","16":"purchasable","17":"product-type-simple"},"_links":{"self":[{"href":"https:\/\/ksiegarnia-akademicka.pl\/index.php\/wp-json\/wp\/v2\/product\/8193","targetHints":{"allow":["GET"]}}],"collection":[{"href":"https:\/\/ksiegarnia-akademicka.pl\/index.php\/wp-json\/wp\/v2\/product"}],"about":[{"href":"https:\/\/ksiegarnia-akademicka.pl\/index.php\/wp-json\/wp\/v2\/types\/product"}],"wp:featuredmedia":[{"embeddable":true,"href":"https:\/\/ksiegarnia-akademicka.pl\/index.php\/wp-json\/wp\/v2\/media\/8194"}],"wp:attachment":[{"href":"https:\/\/ksiegarnia-akademicka.pl\/index.php\/wp-json\/wp\/v2\/media?parent=8193"}],"wp:term":[{"taxonomy":"product_brand","embeddable":true,"href":"https:\/\/ksiegarnia-akademicka.pl\/index.php\/wp-json\/wp\/v2\/product_brand?post=8193"},{"taxonomy":"product_cat","embeddable":true,"href":"https:\/\/ksiegarnia-akademicka.pl\/index.php\/wp-json\/wp\/v2\/product_cat?post=8193"},{"taxonomy":"product_tag","embeddable":true,"href":"https:\/\/ksiegarnia-akademicka.pl\/index.php\/wp-json\/wp\/v2\/product_tag?post=8193"}],"curies":[{"name":"wp","href":"https:\/\/api.w.org\/{rel}","templated":true}]}}